{"id":1152,"date":"2018-09-17T21:03:08","date_gmt":"2018-09-17T21:03:08","guid":{"rendered":"https:\/\/polkky.com\/contact\/"},"modified":"2022-02-22T09:47:41","modified_gmt":"2022-02-22T07:47:41","slug":"yhteydenotto","status":"publish","type":"page","link":"https:\/\/polkky.com\/fi\/yhteydenotto\/","title":{"rendered":"Yhteydenottopyynt\u00f6"},"content":{"rendered":"<p>L\u00e4het\u00e4 yhteydenottopyynt\u00f6 ja olemme sinuun yhteydess\u00e4 mahdollisimman pian.<\/p>\n<p>Jotta voimme k\u00e4sitell\u00e4 yhteydenottosi, meid\u00e4n on voitava tallentaa ja k\u00e4sitell\u00e4 t\u00e4ll\u00e4 lomakkeella antamiasi henkil\u00f6tietoja. L\u00e4hett\u00e4m\u00e4ll\u00e4 t\u00e4m\u00e4n lomakkeen hyv\u00e4ksyt tietojesi tallentamisen tietokantaamme. Lue lis\u00e4\u00e4 <a href=\"https:\/\/polkky.com\/fi\/tietosuoja\/\">tietosuojaselosteestamme<\/a>.<\/p>\n","protected":false},"excerpt":{"rendered":"<p>L\u00e4het\u00e4 yhteydenottopyynt\u00f6 ja olemme sinuun yhteydess\u00e4 mahdollisimman pian. Jotta voimme k\u00e4sitell\u00e4 yhteydenottosi, meid\u00e4n on voitava tallentaa ja k\u00e4sitell\u00e4 t\u00e4ll\u00e4 lomakkeella antamiasi henkil\u00f6tietoja. L\u00e4hett\u00e4m\u00e4ll\u00e4 t\u00e4m\u00e4n lomakkeen hyv\u00e4ksyt tietojesi tallentamisen tietokantaamme. Lue lis\u00e4\u00e4 tietosuojaselosteestamme.<\/p>\n","protected":false},"author":1,"featured_media":0,"parent":0,"menu_order":0,"comment_status":"closed","ping_status":"closed","template":"","meta":{"inline_featured_image":false},"acf":[],"yoast_head":"<!-- This site is optimized with the Yoast SEO plugin v20.6 - https:\/\/yoast.com\/wordpress\/plugins\/seo\/ -->\n<title>Yhteydenottopyynt\u00f6 - Po\u0308lkky<\/title>\n<meta name=\"description\" content=\"Kysy lis\u00e4\u00e4 puunhankinnasta, tuotannosta tai myynnist\u00e4. L\u00e4het\u00e4 yhteydenottopyynt\u00f6 ja olemme sinuun yhteydess\u00e4 mahdollisimman pian.\" \/>\n<meta name=\"robots\" content=\"index, follow, max-snippet:-1, max-image-preview:large, max-video-preview:-1\" \/>\n<link rel=\"canonical\" href=\"https:\/\/polkky.com\/fi\/yhteydenotto\/\" \/>\n<meta property=\"og:locale\" content=\"fi_FI\" \/>\n<meta property=\"og:type\" content=\"article\" \/>\n<meta property=\"og:title\" content=\"Yhteydenottopyynt\u00f6 - Po\u0308lkky\" \/>\n<meta property=\"og:description\" content=\"Kysy lis\u00e4\u00e4 puunhankinnasta, tuotannosta tai myynnist\u00e4. L\u00e4het\u00e4 yhteydenottopyynt\u00f6 ja olemme sinuun yhteydess\u00e4 mahdollisimman pian.\" \/>\n<meta property=\"og:url\" content=\"https:\/\/polkky.com\/fi\/yhteydenotto\/\" \/>\n<meta property=\"og:site_name\" content=\"Po\u0308lkky\" \/>\n<meta property=\"article:publisher\" content=\"https:\/\/www.facebook.com\/P%c3%b6lkky-Oy-201264536571431\/\" \/>\n<meta property=\"article:modified_time\" content=\"2022-02-22T07:47:41+00:00\" \/>\n<meta property=\"og:image\" content=\"https:\/\/polkky.com\/wp-content\/uploads\/2019\/02\/polkky-fb-1200x628-001.jpg\" \/>\n\t<meta property=\"og:image:width\" content=\"1200\" \/>\n\t<meta property=\"og:image:height\" content=\"628\" \/>\n\t<meta property=\"og:image:type\" content=\"image\/jpeg\" \/>\n<meta name=\"twitter:card\" content=\"summary_large_image\" \/>\n<script type=\"application\/ld+json\" class=\"yoast-schema-graph\">{\"@context\":\"https:\/\/schema.org\",\"@graph\":[{\"@type\":\"WebPage\",\"@id\":\"https:\/\/polkky.com\/fi\/yhteydenotto\/\",\"url\":\"https:\/\/polkky.com\/fi\/yhteydenotto\/\",\"name\":\"Yhteydenottopyynt\u00f6 - Po\u0308lkky\",\"isPartOf\":{\"@id\":\"https:\/\/polkky.com\/#website\"},\"datePublished\":\"2018-09-17T21:03:08+00:00\",\"dateModified\":\"2022-02-22T07:47:41+00:00\",\"description\":\"Kysy lis\u00e4\u00e4 puunhankinnasta, tuotannosta tai myynnist\u00e4. L\u00e4het\u00e4 yhteydenottopyynt\u00f6 ja olemme sinuun yhteydess\u00e4 mahdollisimman pian.\",\"breadcrumb\":{\"@id\":\"https:\/\/polkky.com\/fi\/yhteydenotto\/#breadcrumb\"},\"inLanguage\":\"fi\",\"potentialAction\":[{\"@type\":\"ReadAction\",\"target\":[\"https:\/\/polkky.com\/fi\/yhteydenotto\/\"]}]},{\"@type\":\"BreadcrumbList\",\"@id\":\"https:\/\/polkky.com\/fi\/yhteydenotto\/#breadcrumb\",\"itemListElement\":[{\"@type\":\"ListItem\",\"position\":1,\"name\":\"Home\",\"item\":\"https:\/\/polkky.com\/fi\/\"},{\"@type\":\"ListItem\",\"position\":2,\"name\":\"Yhteydenottopyynt\u00f6\"}]},{\"@type\":\"WebSite\",\"@id\":\"https:\/\/polkky.com\/#website\",\"url\":\"https:\/\/polkky.com\/\",\"name\":\"Po\u0308lkky\",\"description\":\"\",\"publisher\":{\"@id\":\"https:\/\/polkky.com\/#organization\"},\"potentialAction\":[{\"@type\":\"SearchAction\",\"target\":{\"@type\":\"EntryPoint\",\"urlTemplate\":\"https:\/\/polkky.com\/?s={search_term_string}\"},\"query-input\":\"required name=search_term_string\"}],\"inLanguage\":\"fi\"},{\"@type\":\"Organization\",\"@id\":\"https:\/\/polkky.com\/#organization\",\"name\":\"P\u00f6lkky Oy\",\"url\":\"https:\/\/polkky.com\/\",\"logo\":{\"@type\":\"ImageObject\",\"inLanguage\":\"fi\",\"@id\":\"https:\/\/polkky.com\/#\/schema\/logo\/image\/\",\"url\":\"https:\/\/polkky.com\/wp-content\/uploads\/2018\/09\/logo-small.svg\",\"contentUrl\":\"https:\/\/polkky.com\/wp-content\/uploads\/2018\/09\/logo-small.svg\",\"width\":119,\"height\":24,\"caption\":\"P\u00f6lkky Oy\"},\"image\":{\"@id\":\"https:\/\/polkky.com\/#\/schema\/logo\/image\/\"},\"sameAs\":[\"https:\/\/www.facebook.com\/P\u00f6lkky-Oy-201264536571431\/\",\"https:\/\/www.linkedin.com\/company\/polkky\"]}]}<\/script>\n<!-- \/ Yoast SEO plugin. -->","yoast_head_json":{"title":"Yhteydenottopyynt\u00f6 - Po\u0308lkky","description":"Kysy lis\u00e4\u00e4 puunhankinnasta, tuotannosta tai myynnist\u00e4. L\u00e4het\u00e4 yhteydenottopyynt\u00f6 ja olemme sinuun yhteydess\u00e4 mahdollisimman pian.","robots":{"index":"index","follow":"follow","max-snippet":"max-snippet:-1","max-image-preview":"max-image-preview:large","max-video-preview":"max-video-preview:-1"},"canonical":"https:\/\/polkky.com\/fi\/yhteydenotto\/","og_locale":"fi_FI","og_type":"article","og_title":"Yhteydenottopyynt\u00f6 - Po\u0308lkky","og_description":"Kysy lis\u00e4\u00e4 puunhankinnasta, tuotannosta tai myynnist\u00e4. L\u00e4het\u00e4 yhteydenottopyynt\u00f6 ja olemme sinuun yhteydess\u00e4 mahdollisimman pian.","og_url":"https:\/\/polkky.com\/fi\/yhteydenotto\/","og_site_name":"Po\u0308lkky","article_publisher":"https:\/\/www.facebook.com\/P%c3%b6lkky-Oy-201264536571431\/","article_modified_time":"2022-02-22T07:47:41+00:00","og_image":[{"width":1200,"height":628,"url":"https:\/\/polkky.com\/wp-content\/uploads\/2019\/02\/polkky-fb-1200x628-001.jpg","type":"image\/jpeg"}],"twitter_card":"summary_large_image","schema":{"@context":"https:\/\/schema.org","@graph":[{"@type":"WebPage","@id":"https:\/\/polkky.com\/fi\/yhteydenotto\/","url":"https:\/\/polkky.com\/fi\/yhteydenotto\/","name":"Yhteydenottopyynt\u00f6 - Po\u0308lkky","isPartOf":{"@id":"https:\/\/polkky.com\/#website"},"datePublished":"2018-09-17T21:03:08+00:00","dateModified":"2022-02-22T07:47:41+00:00","description":"Kysy lis\u00e4\u00e4 puunhankinnasta, tuotannosta tai myynnist\u00e4. L\u00e4het\u00e4 yhteydenottopyynt\u00f6 ja olemme sinuun yhteydess\u00e4 mahdollisimman pian.","breadcrumb":{"@id":"https:\/\/polkky.com\/fi\/yhteydenotto\/#breadcrumb"},"inLanguage":"fi","potentialAction":[{"@type":"ReadAction","target":["https:\/\/polkky.com\/fi\/yhteydenotto\/"]}]},{"@type":"BreadcrumbList","@id":"https:\/\/polkky.com\/fi\/yhteydenotto\/#breadcrumb","itemListElement":[{"@type":"ListItem","position":1,"name":"Home","item":"https:\/\/polkky.com\/fi\/"},{"@type":"ListItem","position":2,"name":"Yhteydenottopyynt\u00f6"}]},{"@type":"WebSite","@id":"https:\/\/polkky.com\/#website","url":"https:\/\/polkky.com\/","name":"Po\u0308lkky","description":"","publisher":{"@id":"https:\/\/polkky.com\/#organization"},"potentialAction":[{"@type":"SearchAction","target":{"@type":"EntryPoint","urlTemplate":"https:\/\/polkky.com\/?s={search_term_string}"},"query-input":"required name=search_term_string"}],"inLanguage":"fi"},{"@type":"Organization","@id":"https:\/\/polkky.com\/#organization","name":"P\u00f6lkky Oy","url":"https:\/\/polkky.com\/","logo":{"@type":"ImageObject","inLanguage":"fi","@id":"https:\/\/polkky.com\/#\/schema\/logo\/image\/","url":"https:\/\/polkky.com\/wp-content\/uploads\/2018\/09\/logo-small.svg","contentUrl":"https:\/\/polkky.com\/wp-content\/uploads\/2018\/09\/logo-small.svg","width":119,"height":24,"caption":"P\u00f6lkky Oy"},"image":{"@id":"https:\/\/polkky.com\/#\/schema\/logo\/image\/"},"sameAs":["https:\/\/www.facebook.com\/P\u00f6lkky-Oy-201264536571431\/","https:\/\/www.linkedin.com\/company\/polkky"]}]}},"_links":{"self":[{"href":"https:\/\/polkky.com\/fi\/wp-json\/wp\/v2\/pages\/1152"}],"collection":[{"href":"https:\/\/polkky.com\/fi\/wp-json\/wp\/v2\/pages"}],"about":[{"href":"https:\/\/polkky.com\/fi\/wp-json\/wp\/v2\/types\/page"}],"author":[{"embeddable":true,"href":"https:\/\/polkky.com\/fi\/wp-json\/wp\/v2\/users\/1"}],"replies":[{"embeddable":true,"href":"https:\/\/polkky.com\/fi\/wp-json\/wp\/v2\/comments?post=1152"}],"version-history":[{"count":0,"href":"https:\/\/polkky.com\/fi\/wp-json\/wp\/v2\/pages\/1152\/revisions"}],"wp:attachment":[{"href":"https:\/\/polkky.com\/fi\/wp-json\/wp\/v2\/media?parent=1152"}],"curies":[{"name":"wp","href":"https:\/\/api.w.org\/{rel}","templated":true}]}}