{"id":1373,"date":"2019-01-21T14:24:29","date_gmt":"2019-01-21T14:24:29","guid":{"rendered":"https:\/\/polkky.com\/?page_id=1373"},"modified":"2021-10-26T11:37:21","modified_gmt":"2021-10-26T09:37:21","slug":"kestavaa-puunhankintaa","status":"publish","type":"page","link":"https:\/\/polkky.com\/fi\/puukauppa\/kestavaa-puunhankintaa\/","title":{"rendered":"Kest\u00e4v\u00e4\u00e4 puunhankintaa"},"content":{"rendered":"<p>Suunnitelmallinen ja luonnon monimuotoisuuden huomioonottava puunhankinta yhdistettyn\u00e4 tuotantolaitosten ymp\u00e4rist\u00f6vaikutusten v\u00e4hent\u00e4miseen on taloudellista my\u00f6s luonnon kannalta. Arvioimme toimintamme ymp\u00e4rist\u00f6vaikutuksia ja -riskej\u00e4 ja kehit\u00e4mme toimintatapojamme niiden mukaan. Periaatteenamme onkin ottaa ymp\u00e4rist\u00f6 huomioon tuotannon kaikissa vaiheissa.\u00a0Puunhankintamme edist\u00e4\u00e4 ekologisesti, taloudellisesti, sosiaalisesti ja kulttuurillisesti vastuullista mets\u00e4taloutta toiminta-alueellamme.<\/p>\n<h2>Tavoitteellista toimintaa<\/h2>\n<p>Kehit\u00e4mme jatkuvasti toimintaamme, jotta raaka-aineen k\u00e4ytt\u00f6 olisi aina mahdollisimman tehokasta. N\u00e4in korjuusta, sahaus- ja jalostetuotannosta sek\u00e4 kuljetuksista johtuvia ymp\u00e4rist\u00f6rasituksia voidaan edelleen v\u00e4hent\u00e4\u00e4. Tutkimmekin jatkuvasti toimintamme vaikutuksia.<\/p>\n<p>Esimerkiksi l\u00e4mm\u00f6ntuotannon suhteen olemme t\u00e4ysin omavaraisia. Aikaisemmin osa polttokelpoisesta raaka-aineesta j\u00e4i k\u00e4ytt\u00f6mahdollisuuden puutteesta johtuen lojumaan ja osa lajittelun j\u00e4lkeen toimitettiin suurempien voimalaitoksien k\u00e4ytt\u00f6\u00f6n. Nyt sahaustoiminnan sivutuotteina syntyneet puunkuoret, sahanpurut ja kutterinlastut hy\u00f6dynnet\u00e4\u00e4n tehokkaasti omassa biol\u00e4mp\u00f6voimalaitoksessa.<\/p>\n<h2>S\u00e4\u00e4st\u00f6puuryhm\u00e4n poltto edist\u00e4\u00e4 biodiversiteetti\u00e4<\/h2>\n<p>P\u00f6lkky Mets\u00e4 on mukana toteuttamassa luonnonhoidollisia s\u00e4\u00e4st\u00f6puuryhmien polttoja yhdess\u00e4 mets\u00e4nomistajan kanssa. PEFC-sertifiointi edellytt\u00e4\u00e4 yll\u00e4pit\u00e4m\u00e4\u00e4n luonnon monimuotoisuutta,\u00a0mihin yhten\u00e4 osana kuuluu s\u00e4\u00e4st\u00f6puuryhmien poltot. Poltoilla edistet\u00e4\u00e4n, yll\u00e4pidet\u00e4\u00e4n ja pyrit\u00e4\u00e4n lis\u00e4\u00e4m\u00e4\u00e4n palon vaurioittamista puuaineksista riippuvaisten lajistojen elinymp\u00e4rist\u00f6j\u00e4. Polttojen my\u00f6t\u00e4 my\u00f6s lahopuun m\u00e4\u00e4r\u00e4 metsiss\u00e4 lis\u00e4\u00e4ntyy.<\/p>\n","protected":false},"excerpt":{"rendered":"<p>Suunnitelmallinen ja luonnon monimuotoisuuden huomioonottava puunhankinta yhdistettyn\u00e4 tuotantolaitosten ymp\u00e4rist\u00f6vaikutusten v\u00e4hent\u00e4miseen on taloudellista my\u00f6s luonnon kannalta. Arvioimme toimintamme ymp\u00e4rist\u00f6vaikutuksia ja -riskej\u00e4 ja kehit\u00e4mme toimintatapojamme niiden mukaan. Periaatteenamme onkin ottaa ymp\u00e4rist\u00f6 huomioon tuotannon kaikissa vaiheissa.\u00a0Puunhankintamme edist\u00e4\u00e4 ekologisesti, taloudellisesti, sosiaalisesti ja kulttuurillisesti vastuullista mets\u00e4taloutta toiminta-alueellamme. Tavoitteellista toimintaa Kehit\u00e4mme jatkuvasti toimintaamme, jotta raaka-aineen k\u00e4ytt\u00f6 olisi aina mahdollisimman tehokasta. N\u00e4in [&hellip;]<\/p>\n","protected":false},"author":2,"featured_media":0,"parent":973,"menu_order":0,"comment_status":"closed","ping_status":"closed","template":"","meta":{"inline_featured_image":false},"acf":[],"yoast_head":"<!-- This site is optimized with the Yoast SEO plugin v20.6 - https:\/\/yoast.com\/wordpress\/plugins\/seo\/ -->\n<title>Kest\u00e4v\u00e4\u00e4 puunhankintaa - Po\u0308lkky<\/title>\n<meta name=\"description\" content=\"Suunnitelmallinen puunhankinta edist\u00e4\u00e4 ymp\u00e4rist\u00f6n hyvinvointia. P\u00f6lkyll\u00e4 puunhankinta on kest\u00e4v\u00e4\u00e4 ja raaka-aineiden k\u00e4ytt\u00f6 tehokasta.\" \/>\n<meta name=\"robots\" content=\"index, follow, max-snippet:-1, max-image-preview:large, max-video-preview:-1\" \/>\n<link rel=\"canonical\" href=\"https:\/\/polkky.com\/fi\/puukauppa\/kestavaa-puunhankintaa\/\" \/>\n<meta property=\"og:locale\" content=\"fi_FI\" \/>\n<meta property=\"og:type\" content=\"article\" \/>\n<meta property=\"og:title\" content=\"Kest\u00e4v\u00e4\u00e4 puunhankintaa - Po\u0308lkky\" \/>\n<meta property=\"og:description\" content=\"Suunnitelmallinen puunhankinta edist\u00e4\u00e4 ymp\u00e4rist\u00f6n hyvinvointia. P\u00f6lkyll\u00e4 puunhankinta on kest\u00e4v\u00e4\u00e4 ja raaka-aineiden k\u00e4ytt\u00f6 tehokasta.\" \/>\n<meta property=\"og:url\" content=\"https:\/\/polkky.com\/fi\/puukauppa\/kestavaa-puunhankintaa\/\" \/>\n<meta property=\"og:site_name\" content=\"Po\u0308lkky\" \/>\n<meta property=\"article:publisher\" content=\"https:\/\/www.facebook.com\/P%c3%b6lkky-Oy-201264536571431\/\" \/>\n<meta property=\"article:modified_time\" content=\"2021-10-26T09:37:21+00:00\" \/>\n<meta property=\"og:image\" content=\"https:\/\/polkky.com\/wp-content\/uploads\/2019\/02\/polkky-fb-1200x628-001.jpg\" \/>\n\t<meta property=\"og:image:width\" content=\"1200\" \/>\n\t<meta property=\"og:image:height\" content=\"628\" \/>\n\t<meta property=\"og:image:type\" content=\"image\/jpeg\" \/>\n<meta name=\"twitter:card\" content=\"summary_large_image\" \/>\n<meta name=\"twitter:label1\" content=\"Arvioitu lukuaika\" \/>\n\t<meta name=\"twitter:data1\" content=\"1 minuutti\" \/>\n<script type=\"application\/ld+json\" class=\"yoast-schema-graph\">{\"@context\":\"https:\/\/schema.org\",\"@graph\":[{\"@type\":\"WebPage\",\"@id\":\"https:\/\/polkky.com\/fi\/puukauppa\/kestavaa-puunhankintaa\/\",\"url\":\"https:\/\/polkky.com\/fi\/puukauppa\/kestavaa-puunhankintaa\/\",\"name\":\"Kest\u00e4v\u00e4\u00e4 puunhankintaa - Po\u0308lkky\",\"isPartOf\":{\"@id\":\"https:\/\/polkky.com\/#website\"},\"datePublished\":\"2019-01-21T14:24:29+00:00\",\"dateModified\":\"2021-10-26T09:37:21+00:00\",\"description\":\"Suunnitelmallinen puunhankinta edist\u00e4\u00e4 ymp\u00e4rist\u00f6n hyvinvointia. P\u00f6lkyll\u00e4 puunhankinta on kest\u00e4v\u00e4\u00e4 ja raaka-aineiden k\u00e4ytt\u00f6 tehokasta.\",\"breadcrumb\":{\"@id\":\"https:\/\/polkky.com\/fi\/puukauppa\/kestavaa-puunhankintaa\/#breadcrumb\"},\"inLanguage\":\"fi\",\"potentialAction\":[{\"@type\":\"ReadAction\",\"target\":[\"https:\/\/polkky.com\/fi\/puukauppa\/kestavaa-puunhankintaa\/\"]}]},{\"@type\":\"BreadcrumbList\",\"@id\":\"https:\/\/polkky.com\/fi\/puukauppa\/kestavaa-puunhankintaa\/#breadcrumb\",\"itemListElement\":[{\"@type\":\"ListItem\",\"position\":1,\"name\":\"Home\",\"item\":\"https:\/\/polkky.com\/fi\/\"},{\"@type\":\"ListItem\",\"position\":2,\"name\":\"Puukauppaa asiakasl\u00e4ht\u00f6isesti\",\"item\":\"https:\/\/polkky.com\/fi\/puukauppa\/\"},{\"@type\":\"ListItem\",\"position\":3,\"name\":\"Kest\u00e4v\u00e4\u00e4 puunhankintaa\"}]},{\"@type\":\"WebSite\",\"@id\":\"https:\/\/polkky.com\/#website\",\"url\":\"https:\/\/polkky.com\/\",\"name\":\"Po\u0308lkky\",\"description\":\"\",\"publisher\":{\"@id\":\"https:\/\/polkky.com\/#organization\"},\"potentialAction\":[{\"@type\":\"SearchAction\",\"target\":{\"@type\":\"EntryPoint\",\"urlTemplate\":\"https:\/\/polkky.com\/?s={search_term_string}\"},\"query-input\":\"required name=search_term_string\"}],\"inLanguage\":\"fi\"},{\"@type\":\"Organization\",\"@id\":\"https:\/\/polkky.com\/#organization\",\"name\":\"P\u00f6lkky Oy\",\"url\":\"https:\/\/polkky.com\/\",\"logo\":{\"@type\":\"ImageObject\",\"inLanguage\":\"fi\",\"@id\":\"https:\/\/polkky.com\/#\/schema\/logo\/image\/\",\"url\":\"https:\/\/polkky.com\/wp-content\/uploads\/2018\/09\/logo-small.svg\",\"contentUrl\":\"https:\/\/polkky.com\/wp-content\/uploads\/2018\/09\/logo-small.svg\",\"width\":119,\"height\":24,\"caption\":\"P\u00f6lkky Oy\"},\"image\":{\"@id\":\"https:\/\/polkky.com\/#\/schema\/logo\/image\/\"},\"sameAs\":[\"https:\/\/www.facebook.com\/P\u00f6lkky-Oy-201264536571431\/\",\"https:\/\/www.linkedin.com\/company\/polkky\"]}]}<\/script>\n<!-- \/ Yoast SEO plugin. -->","yoast_head_json":{"title":"Kest\u00e4v\u00e4\u00e4 puunhankintaa - Po\u0308lkky","description":"Suunnitelmallinen puunhankinta edist\u00e4\u00e4 ymp\u00e4rist\u00f6n hyvinvointia. P\u00f6lkyll\u00e4 puunhankinta on kest\u00e4v\u00e4\u00e4 ja raaka-aineiden k\u00e4ytt\u00f6 tehokasta.","robots":{"index":"index","follow":"follow","max-snippet":"max-snippet:-1","max-image-preview":"max-image-preview:large","max-video-preview":"max-video-preview:-1"},"canonical":"https:\/\/polkky.com\/fi\/puukauppa\/kestavaa-puunhankintaa\/","og_locale":"fi_FI","og_type":"article","og_title":"Kest\u00e4v\u00e4\u00e4 puunhankintaa - Po\u0308lkky","og_description":"Suunnitelmallinen puunhankinta edist\u00e4\u00e4 ymp\u00e4rist\u00f6n hyvinvointia. P\u00f6lkyll\u00e4 puunhankinta on kest\u00e4v\u00e4\u00e4 ja raaka-aineiden k\u00e4ytt\u00f6 tehokasta.","og_url":"https:\/\/polkky.com\/fi\/puukauppa\/kestavaa-puunhankintaa\/","og_site_name":"Po\u0308lkky","article_publisher":"https:\/\/www.facebook.com\/P%c3%b6lkky-Oy-201264536571431\/","article_modified_time":"2021-10-26T09:37:21+00:00","og_image":[{"width":1200,"height":628,"url":"https:\/\/polkky.com\/wp-content\/uploads\/2019\/02\/polkky-fb-1200x628-001.jpg","type":"image\/jpeg"}],"twitter_card":"summary_large_image","twitter_misc":{"Arvioitu lukuaika":"1 minuutti"},"schema":{"@context":"https:\/\/schema.org","@graph":[{"@type":"WebPage","@id":"https:\/\/polkky.com\/fi\/puukauppa\/kestavaa-puunhankintaa\/","url":"https:\/\/polkky.com\/fi\/puukauppa\/kestavaa-puunhankintaa\/","name":"Kest\u00e4v\u00e4\u00e4 puunhankintaa - Po\u0308lkky","isPartOf":{"@id":"https:\/\/polkky.com\/#website"},"datePublished":"2019-01-21T14:24:29+00:00","dateModified":"2021-10-26T09:37:21+00:00","description":"Suunnitelmallinen puunhankinta edist\u00e4\u00e4 ymp\u00e4rist\u00f6n hyvinvointia. P\u00f6lkyll\u00e4 puunhankinta on kest\u00e4v\u00e4\u00e4 ja raaka-aineiden k\u00e4ytt\u00f6 tehokasta.","breadcrumb":{"@id":"https:\/\/polkky.com\/fi\/puukauppa\/kestavaa-puunhankintaa\/#breadcrumb"},"inLanguage":"fi","potentialAction":[{"@type":"ReadAction","target":["https:\/\/polkky.com\/fi\/puukauppa\/kestavaa-puunhankintaa\/"]}]},{"@type":"BreadcrumbList","@id":"https:\/\/polkky.com\/fi\/puukauppa\/kestavaa-puunhankintaa\/#breadcrumb","itemListElement":[{"@type":"ListItem","position":1,"name":"Home","item":"https:\/\/polkky.com\/fi\/"},{"@type":"ListItem","position":2,"name":"Puukauppaa asiakasl\u00e4ht\u00f6isesti","item":"https:\/\/polkky.com\/fi\/puukauppa\/"},{"@type":"ListItem","position":3,"name":"Kest\u00e4v\u00e4\u00e4 puunhankintaa"}]},{"@type":"WebSite","@id":"https:\/\/polkky.com\/#website","url":"https:\/\/polkky.com\/","name":"Po\u0308lkky","description":"","publisher":{"@id":"https:\/\/polkky.com\/#organization"},"potentialAction":[{"@type":"SearchAction","target":{"@type":"EntryPoint","urlTemplate":"https:\/\/polkky.com\/?s={search_term_string}"},"query-input":"required name=search_term_string"}],"inLanguage":"fi"},{"@type":"Organization","@id":"https:\/\/polkky.com\/#organization","name":"P\u00f6lkky Oy","url":"https:\/\/polkky.com\/","logo":{"@type":"ImageObject","inLanguage":"fi","@id":"https:\/\/polkky.com\/#\/schema\/logo\/image\/","url":"https:\/\/polkky.com\/wp-content\/uploads\/2018\/09\/logo-small.svg","contentUrl":"https:\/\/polkky.com\/wp-content\/uploads\/2018\/09\/logo-small.svg","width":119,"height":24,"caption":"P\u00f6lkky Oy"},"image":{"@id":"https:\/\/polkky.com\/#\/schema\/logo\/image\/"},"sameAs":["https:\/\/www.facebook.com\/P\u00f6lkky-Oy-201264536571431\/","https:\/\/www.linkedin.com\/company\/polkky"]}]}},"_links":{"self":[{"href":"https:\/\/polkky.com\/fi\/wp-json\/wp\/v2\/pages\/1373"}],"collection":[{"href":"https:\/\/polkky.com\/fi\/wp-json\/wp\/v2\/pages"}],"about":[{"href":"https:\/\/polkky.com\/fi\/wp-json\/wp\/v2\/types\/page"}],"author":[{"embeddable":true,"href":"https:\/\/polkky.com\/fi\/wp-json\/wp\/v2\/users\/2"}],"replies":[{"embeddable":true,"href":"https:\/\/polkky.com\/fi\/wp-json\/wp\/v2\/comments?post=1373"}],"version-history":[{"count":0,"href":"https:\/\/polkky.com\/fi\/wp-json\/wp\/v2\/pages\/1373\/revisions"}],"up":[{"embeddable":true,"href":"https:\/\/polkky.com\/fi\/wp-json\/wp\/v2\/pages\/973"}],"wp:attachment":[{"href":"https:\/\/polkky.com\/fi\/wp-json\/wp\/v2\/media?parent=1373"}],"curies":[{"name":"wp","href":"https:\/\/api.w.org\/{rel}","templated":true}]}}