{"id":1375,"date":"2019-01-21T14:26:24","date_gmt":"2019-01-21T14:26:24","guid":{"rendered":"https:\/\/polkky.com\/?page_id=1375"},"modified":"2022-04-01T12:49:29","modified_gmt":"2022-04-01T10:49:29","slug":"puukaupan-vaiheet","status":"publish","type":"page","link":"https:\/\/polkky.com\/fi\/puukauppa\/puukaupan-vaiheet\/","title":{"rendered":"Puukaupan vaiheet"},"content":{"rendered":"<p>Onko mets\u00e4si hoidon tarpeessa? Oletko kiinnostunut puukaupasta? T\u00e4\u00e4lt\u00e4 voit lukea helposti miten puukauppa etenee ja mit\u00e4 vaiheita ja osioita siihen kuuluu<\/p>\n<h2>Tarjous<\/h2>\n<p>Mets\u00e4nomistajan myyntip\u00e4\u00e4t\u00f6ksen toteutuminen l\u00e4htee liikkeelle tarjouspyynn\u00f6st\u00e4. Tarjouksen tekee kyseisen alueen P\u00f6lkky Mets\u00e4n mets\u00e4asiantuntija, jonka\u00a0<a href=\"https:\/\/polkky.com\/fi\/ihmiset\/#dep-puunhankinta\">yhteystiedot l\u00f6ytyv\u00e4t t\u00e4\u00e4lt\u00e4<\/a>. Kyselyn tarjouksesta voi tehd\u00e4 monella tapaa esim. soittamalla mets\u00e4asiantuntijalle, l\u00e4hett\u00e4m\u00e4ll\u00e4 s\u00e4hk\u00f6postia, t\u00e4ytt\u00e4m\u00e4ll\u00e4 <a href=\"https:\/\/polkky.com\/fi\/puukauppa\/lomake\/\">tarjouspyynt\u00f6 lomakkeen<\/a> netiss\u00e4 tai sopimalla tapaamisen. Tarjouspyynn\u00f6n saatuaan mets\u00e4asiantuntija on yhteydess\u00e4 tarjouspyynn\u00f6n tekij\u00e4\u00e4n. Tarjous edellytt\u00e4\u00e4 yleens\u00e4 maastok\u00e4ynti\u00e4. Maastok\u00e4ynti on mets\u00e4nomistajalle ilmainen.<\/p>\n<h2>Maastok\u00e4ynti<\/h2>\n<p>Mets\u00e4nomistajalla on halutessaan mahdollisuus osallistua mets\u00e4k\u00e4yntiin. Mets\u00e4k\u00e4yntiin osallistuminen on suositeltavaa mets\u00e4nomistajan omien tavoitteiden huomioimiseksi. Maastok\u00e4ynnin yhteydess\u00e4 katsotaan tarjouksen kohteena oleva alue, puun laatuun ja korjuuseen liittyv\u00e4t tekij\u00e4t. My\u00f6s hakkuutapaan, oikeaan korjuuaikaan, luontokohteisiin ja muihin huomioitaviin asioihin voidaan tutustua paremmin maastok\u00e4ynnin aikana. Maastok\u00e4ynnin j\u00e4lkeen mets\u00e4asiantuntijamme tekee kohteesta kirjallisen tarjouksen, joka sis\u00e4lt\u00e4\u00e4 maastok\u00e4ynnin aikana erikseen sovitut asiat, puun hinnan ja mitta- ja laatuvaatimukset.<\/p>\n<h2>Hakkuutavat<\/h2>\n<p>Metsi\u00e4 voidaan k\u00e4sitell\u00e4 monella tavalla. Hakkuutapa valitaan kohteen mukaan huomioiden mets\u00e4nhoidolliset, ymp\u00e4rist\u00f6lliset ja mets\u00e4n omistajan omat tavoitteet.<\/p>\n<p><strong>Harvennushakkuu:<\/strong> Harvennushakkuu on hoitohakkuu, jolla varmistetaan puun kasvu ja j\u00e4reytyminen tukkipuuksi. Harvennuksessa poistetaan huonot ja vioittuneet rungot, sek\u00e4 harvennetaan mets\u00e4 oikeaan tiheyteen kasvun lis\u00e4\u00e4miseksi. J\u00e4ljelle j\u00e4\u00e4neet rungot ovat j\u00e4re\u00e4mpi\u00e4 ja laadultaan parempia kuin poistetut rungot. Oikea-aikaisella, oikein tehdyll\u00e4 harvennuksella varmistat parhaimman taloudellisen tuloksen seuraavissa hakkuissa.<\/p>\n<p><strong>Ylispuuhakkuu:<\/strong> Ylispuuhakkuussa poistetaan siemenpuuhakkuussa j\u00e4tetyt ylispuut, kun alueelle on syntynyt uusi tarpeeksi tihe\u00e4 elinvoimainen taimikko.<\/p>\n<p><strong>P\u00e4\u00e4tehakkuu:<\/strong> P\u00e4\u00e4tehakkuutapoja on monenlaisia. P\u00e4\u00e4tehakkuussa vanha j\u00e4reytynyt puusto poistetaan ja hakkuun seurauksena syntynyt uudistusala viljell\u00e4\u00e4n kasvamaan uutta puusukupolvea.<\/p>\n<p><strong>Avohakkuu:<\/strong> Uudistushakkuu, jossa puusto poistetaan s\u00e4\u00e4st\u00f6puita lukuun ottamatta. Hakkuualue muokataan ja viljell\u00e4\u00e4n taimilla tai siemenill\u00e4.<\/p>\n<p><strong>Siemenpuuhakkuu:<\/strong> Uudistusalalle j\u00e4tet\u00e4\u00e4n siemenpuiksi n. 30 \u2013 100 runkoa\/ha, edellisen sukupolven laadukkaita puuyksil\u00f6it\u00e4 siement\u00e4m\u00e4\u00e4n seuraavaa sukupolvea. Siemenpuuhakkuulla k\u00e4sitelty alue voidaan muokata \u00e4est\u00e4m\u00e4ll\u00e4 nopeuttaen n\u00e4in uuden taimikon synty\u00e4.<\/p>\n<p><strong>Suojuspuuhakkuu:<\/strong> Suojuspuuhakkuuta voidaan k\u00e4ytt\u00e4\u00e4 l\u00e4hinn\u00e4 kuusikoissa, mutta my\u00f6s m\u00e4nnik\u00f6iss\u00e4 esimerkiksi kaava-alueilla. Suojuspuuhakkuissa j\u00e4tet\u00e4\u00e4n 200 \u2013 400 runkoa hehtaarille suojaamaan kuusen taimia liialta auringon valolta.<\/p>\n<p><strong>Kaistalehakkuu:<\/strong> Harvemmin k\u00e4ytetty menetelm\u00e4, jossa mets\u00e4\u00e4n hakataan n. 50 m levyisi\u00e4 kaistaleita. Alue muokataan ja uusi sukupolvi syntyy reunamets\u00e4n siement\u00e4m\u00e4n\u00e4. Kaistalehakkuu soveltuu kuuselle ja m\u00e4nnylle.<\/p>\n<p><strong>Jatkuva kasvatus:<\/strong> Jatkuvassa kasvatuksessa mets\u00e4\u00e4 ei uudisteta vaan sit\u00e4 kasvatetaan peitteisen\u00e4 metsikk\u00f6n\u00e4, joka sis\u00e4lt\u00e4\u00e4 monen ik\u00e4isi\u00e4 puita. L\u00e4ht\u00f6kohtaisesti alueelle ei tehd\u00e4 avohakkuuta. On kuitenkin mahdollista tehd\u00e4 pienaukko hakkuuta, jossa avohakkuualueen koko on korkeintaan 0,3 ha. Jatkuvaa kasvatusta voidaan tehd\u00e4 eri-ik\u00e4israkenteisissa metsiss\u00e4 tai metsiss\u00e4, joihin syntyy luontaisesti uusia taimia ilman muokkausta t\u00e4ytt\u00e4m\u00e4\u00e4n pois otettujen puiden tilan.<\/p>\n<h2>Kauppatavat<\/h2>\n<p>Yleisimm\u00e4t kauppatavat ovat pysty- ja hankintakauppa<\/p>\n<p><strong>Pystykauppa:<\/strong> Mets\u00e4nomista luovuttaa hakkuuoikeuden ostajalle kaupassa sovittuun alueeseen. Ostaja huolehtii korjuusta ja kuljetuksesta, sek\u00e4 maksaa niist\u00e4 syntyv\u00e4t kustannukset.<\/p>\n<p><strong>Hankintakauppa:<\/strong> Puun myyj\u00e4 korjaa leimikostaan itsen\u00e4isesti puutavaraa, jonka myy ostajalle tienvarteen toimitettuna sellaiseen paikkaan, mist\u00e4 jatkokuljetus on mahdollista puutavara-autolla. Ostaja vastaa kuljetuksesta ja siit\u00e4 aiheutuvista kustannuksista. Hankintakaupasta tehd\u00e4\u00e4n sopimus ennen hakkuunaloittamista. Sopimuksen teon hetkell\u00e4 sovitaan my\u00f6s mitta- ja laatuvaatimukset.<\/p>\n<h2>Puukauppa<\/h2>\n<p>Puukauppa syntyy, kun mets\u00e4nomistaja hyv\u00e4ksyy tarjouksen. Puukaupasta tehd\u00e4\u00e4n mets\u00e4nhakkuusopimus, johon kirjataan puukaupan ehdot kuten eri puutavaralajien hinnat ja arvioitu m\u00e4\u00e4r\u00e4, hakkuun kohteena olevien kuvioiden numerot, mitta- ja laatuvaatimukset, korjuuaika- ja tapa, puukauppa ennakko, maksuaika, tilinumero, mittausmenetelm\u00e4 ja muut ehdot. Puukaupan yhteydess\u00e4 ostaja voi tehd\u00e4 mets\u00e4nk\u00e4ytt\u00f6ilmoituksen myyj\u00e4n puolesta. Mik\u00e4li myyj\u00e4 ei kuulu vapaaehtoisen PEFC sertifioinnin piiriin, voidaan myyj\u00e4n tilat h\u00e4nen niin halutessaan liitt\u00e4\u00e4 mukaan ryhm\u00e4sertifiointiin ostajan kautta ilmaiseksi.<\/p>\n<h2>Korjuu<\/h2>\n<p>Pystykaupassa ostaja tekee omalla kustannuksellaan tarvittavat k\u00e4\u00e4nt\u00f6paikat ja tiet puiden poiskuljettamiseksi esim. talvitien suon taakse. Ostaja l\u00e4hett\u00e4\u00e4 ty\u00f6ohjeen korjuun suorittavalle harvesteriketjulle. Ty\u00f6ohjeen mukana menee ohjeet mit\u00e4 kaupanteon aikana on sovittu, mitta- ja laatuvaatimukset, ty\u00f6turvallisuuteen liittyv\u00e4t asiat ja kartta korjuualueesta. Harvesterin kuljettaja tai mets\u00e4asiantuntija ilmoittaa hakkuun aloittamisesta myyj\u00e4lle, mik\u00e4li niin on sovittu. Myyj\u00e4 voi halutessaan tulla seuraamaan hakkuun suorittamista.<\/p>\n<h2>Puutavaramittaus ja puukaupparahojen tilitys<\/h2>\n<p>Puutavaranmittaus tehd\u00e4\u00e4n niill\u00e4 menetelmill\u00e4 mit\u00e4 on mets\u00e4nhakkuusopimuksessa sovittu. Yleens\u00e4 puutavara mitataan tehdasmittauksella tai harvesterin mittalaitteella. Lopullinen m\u00e4\u00e4r\u00e4 muodostuu vasta mittauksen perusteella. Mittaustodistuksella maksetaan myyj\u00e4lle puukaupparahat mittauksen perusteella kertomalla kertynyt puutavaralajin m\u00e4\u00e4r\u00e4 mets\u00e4nhakkuusopimuksella sovitulla puutavaralajikohtaisella yksikk\u00f6hinnalla. Lopullinen kauppasumma muodostuu laskemalla n\u00e4m\u00e4 yhteen. Puukaupparahat maksetaan myyj\u00e4lle sovitun ajan kuluessa mittauksen valmistumisesta.<\/p>\n<p>Vuoden vaihteessa myyj\u00e4lle toimitetaan ostajan toimesta erillinen veronpid\u00e4tystodistus puun myynneist\u00e4 verottajaa varten.<\/p>\n","protected":false},"excerpt":{"rendered":"<p>Onko mets\u00e4si hoidon tarpeessa? Oletko kiinnostunut puukaupasta? T\u00e4\u00e4lt\u00e4 voit lukea helposti miten puukauppa etenee ja mit\u00e4 vaiheita ja osioita siihen kuuluu Tarjous Mets\u00e4nomistajan myyntip\u00e4\u00e4t\u00f6ksen toteutuminen l\u00e4htee liikkeelle tarjouspyynn\u00f6st\u00e4. Tarjouksen tekee kyseisen alueen P\u00f6lkky Mets\u00e4n mets\u00e4asiantuntija, jonka\u00a0yhteystiedot l\u00f6ytyv\u00e4t t\u00e4\u00e4lt\u00e4. Kyselyn tarjouksesta voi tehd\u00e4 monella tapaa esim. soittamalla mets\u00e4asiantuntijalle, l\u00e4hett\u00e4m\u00e4ll\u00e4 s\u00e4hk\u00f6postia, t\u00e4ytt\u00e4m\u00e4ll\u00e4 tarjouspyynt\u00f6 lomakkeen netiss\u00e4 tai sopimalla [&hellip;]<\/p>\n","protected":false},"author":2,"featured_media":0,"parent":973,"menu_order":0,"comment_status":"closed","ping_status":"closed","template":"","meta":{"inline_featured_image":false},"acf":[],"yoast_head":"<!-- This site is optimized with the Yoast SEO plugin v20.6 - https:\/\/yoast.com\/wordpress\/plugins\/seo\/ -->\n<title>Puukaupan vaiheet - Po\u0308lkky<\/title>\n<meta name=\"description\" content=\"Oletko kiinnostunut puun myynnist\u00e4? Lue, miten mets\u00e4n myynti k\u00e4yt\u00e4nn\u00f6ss\u00e4 tapahtuu ja kuinka puun hinta m\u00e4\u00e4ritell\u00e4\u00e4n.\" \/>\n<meta name=\"robots\" content=\"index, follow, max-snippet:-1, max-image-preview:large, max-video-preview:-1\" \/>\n<link rel=\"canonical\" href=\"https:\/\/polkky.com\/fi\/puukauppa\/puukaupan-vaiheet\/\" \/>\n<meta property=\"og:locale\" content=\"fi_FI\" \/>\n<meta property=\"og:type\" content=\"article\" \/>\n<meta property=\"og:title\" content=\"Puukaupan vaiheet - Po\u0308lkky\" \/>\n<meta property=\"og:description\" content=\"Oletko kiinnostunut puun myynnist\u00e4? Lue, miten mets\u00e4n myynti k\u00e4yt\u00e4nn\u00f6ss\u00e4 tapahtuu ja kuinka puun hinta m\u00e4\u00e4ritell\u00e4\u00e4n.\" \/>\n<meta property=\"og:url\" content=\"https:\/\/polkky.com\/fi\/puukauppa\/puukaupan-vaiheet\/\" \/>\n<meta property=\"og:site_name\" content=\"Po\u0308lkky\" \/>\n<meta property=\"article:publisher\" content=\"https:\/\/www.facebook.com\/P%c3%b6lkky-Oy-201264536571431\/\" \/>\n<meta property=\"article:modified_time\" content=\"2022-04-01T10:49:29+00:00\" \/>\n<meta property=\"og:image\" content=\"https:\/\/polkky.com\/wp-content\/uploads\/2019\/02\/polkky-fb-1200x628-001.jpg\" \/>\n\t<meta property=\"og:image:width\" content=\"1200\" \/>\n\t<meta property=\"og:image:height\" content=\"628\" \/>\n\t<meta property=\"og:image:type\" content=\"image\/jpeg\" \/>\n<meta name=\"twitter:card\" content=\"summary_large_image\" \/>\n<meta name=\"twitter:label1\" content=\"Arvioitu lukuaika\" \/>\n\t<meta name=\"twitter:data1\" content=\"4 minuuttia\" \/>\n<script type=\"application\/ld+json\" class=\"yoast-schema-graph\">{\"@context\":\"https:\/\/schema.org\",\"@graph\":[{\"@type\":\"WebPage\",\"@id\":\"https:\/\/polkky.com\/fi\/puukauppa\/puukaupan-vaiheet\/\",\"url\":\"https:\/\/polkky.com\/fi\/puukauppa\/puukaupan-vaiheet\/\",\"name\":\"Puukaupan vaiheet - Po\u0308lkky\",\"isPartOf\":{\"@id\":\"https:\/\/polkky.com\/#website\"},\"datePublished\":\"2019-01-21T14:26:24+00:00\",\"dateModified\":\"2022-04-01T10:49:29+00:00\",\"description\":\"Oletko kiinnostunut puun myynnist\u00e4? Lue, miten mets\u00e4n myynti k\u00e4yt\u00e4nn\u00f6ss\u00e4 tapahtuu ja kuinka puun hinta m\u00e4\u00e4ritell\u00e4\u00e4n.\",\"breadcrumb\":{\"@id\":\"https:\/\/polkky.com\/fi\/puukauppa\/puukaupan-vaiheet\/#breadcrumb\"},\"inLanguage\":\"fi\",\"potentialAction\":[{\"@type\":\"ReadAction\",\"target\":[\"https:\/\/polkky.com\/fi\/puukauppa\/puukaupan-vaiheet\/\"]}]},{\"@type\":\"BreadcrumbList\",\"@id\":\"https:\/\/polkky.com\/fi\/puukauppa\/puukaupan-vaiheet\/#breadcrumb\",\"itemListElement\":[{\"@type\":\"ListItem\",\"position\":1,\"name\":\"Home\",\"item\":\"https:\/\/polkky.com\/fi\/\"},{\"@type\":\"ListItem\",\"position\":2,\"name\":\"Puukauppaa asiakasl\u00e4ht\u00f6isesti\",\"item\":\"https:\/\/polkky.com\/fi\/puukauppa\/\"},{\"@type\":\"ListItem\",\"position\":3,\"name\":\"Puukaupan vaiheet\"}]},{\"@type\":\"WebSite\",\"@id\":\"https:\/\/polkky.com\/#website\",\"url\":\"https:\/\/polkky.com\/\",\"name\":\"Po\u0308lkky\",\"description\":\"\",\"publisher\":{\"@id\":\"https:\/\/polkky.com\/#organization\"},\"potentialAction\":[{\"@type\":\"SearchAction\",\"target\":{\"@type\":\"EntryPoint\",\"urlTemplate\":\"https:\/\/polkky.com\/?s={search_term_string}\"},\"query-input\":\"required name=search_term_string\"}],\"inLanguage\":\"fi\"},{\"@type\":\"Organization\",\"@id\":\"https:\/\/polkky.com\/#organization\",\"name\":\"P\u00f6lkky Oy\",\"url\":\"https:\/\/polkky.com\/\",\"logo\":{\"@type\":\"ImageObject\",\"inLanguage\":\"fi\",\"@id\":\"https:\/\/polkky.com\/#\/schema\/logo\/image\/\",\"url\":\"https:\/\/polkky.com\/wp-content\/uploads\/2018\/09\/logo-small.svg\",\"contentUrl\":\"https:\/\/polkky.com\/wp-content\/uploads\/2018\/09\/logo-small.svg\",\"width\":119,\"height\":24,\"caption\":\"P\u00f6lkky Oy\"},\"image\":{\"@id\":\"https:\/\/polkky.com\/#\/schema\/logo\/image\/\"},\"sameAs\":[\"https:\/\/www.facebook.com\/P\u00f6lkky-Oy-201264536571431\/\",\"https:\/\/www.linkedin.com\/company\/polkky\"]}]}<\/script>\n<!-- \/ Yoast SEO plugin. -->","yoast_head_json":{"title":"Puukaupan vaiheet - Po\u0308lkky","description":"Oletko kiinnostunut puun myynnist\u00e4? Lue, miten mets\u00e4n myynti k\u00e4yt\u00e4nn\u00f6ss\u00e4 tapahtuu ja kuinka puun hinta m\u00e4\u00e4ritell\u00e4\u00e4n.","robots":{"index":"index","follow":"follow","max-snippet":"max-snippet:-1","max-image-preview":"max-image-preview:large","max-video-preview":"max-video-preview:-1"},"canonical":"https:\/\/polkky.com\/fi\/puukauppa\/puukaupan-vaiheet\/","og_locale":"fi_FI","og_type":"article","og_title":"Puukaupan vaiheet - Po\u0308lkky","og_description":"Oletko kiinnostunut puun myynnist\u00e4? Lue, miten mets\u00e4n myynti k\u00e4yt\u00e4nn\u00f6ss\u00e4 tapahtuu ja kuinka puun hinta m\u00e4\u00e4ritell\u00e4\u00e4n.","og_url":"https:\/\/polkky.com\/fi\/puukauppa\/puukaupan-vaiheet\/","og_site_name":"Po\u0308lkky","article_publisher":"https:\/\/www.facebook.com\/P%c3%b6lkky-Oy-201264536571431\/","article_modified_time":"2022-04-01T10:49:29+00:00","og_image":[{"width":1200,"height":628,"url":"https:\/\/polkky.com\/wp-content\/uploads\/2019\/02\/polkky-fb-1200x628-001.jpg","type":"image\/jpeg"}],"twitter_card":"summary_large_image","twitter_misc":{"Arvioitu lukuaika":"4 minuuttia"},"schema":{"@context":"https:\/\/schema.org","@graph":[{"@type":"WebPage","@id":"https:\/\/polkky.com\/fi\/puukauppa\/puukaupan-vaiheet\/","url":"https:\/\/polkky.com\/fi\/puukauppa\/puukaupan-vaiheet\/","name":"Puukaupan vaiheet - Po\u0308lkky","isPartOf":{"@id":"https:\/\/polkky.com\/#website"},"datePublished":"2019-01-21T14:26:24+00:00","dateModified":"2022-04-01T10:49:29+00:00","description":"Oletko kiinnostunut puun myynnist\u00e4? Lue, miten mets\u00e4n myynti k\u00e4yt\u00e4nn\u00f6ss\u00e4 tapahtuu ja kuinka puun hinta m\u00e4\u00e4ritell\u00e4\u00e4n.","breadcrumb":{"@id":"https:\/\/polkky.com\/fi\/puukauppa\/puukaupan-vaiheet\/#breadcrumb"},"inLanguage":"fi","potentialAction":[{"@type":"ReadAction","target":["https:\/\/polkky.com\/fi\/puukauppa\/puukaupan-vaiheet\/"]}]},{"@type":"BreadcrumbList","@id":"https:\/\/polkky.com\/fi\/puukauppa\/puukaupan-vaiheet\/#breadcrumb","itemListElement":[{"@type":"ListItem","position":1,"name":"Home","item":"https:\/\/polkky.com\/fi\/"},{"@type":"ListItem","position":2,"name":"Puukauppaa asiakasl\u00e4ht\u00f6isesti","item":"https:\/\/polkky.com\/fi\/puukauppa\/"},{"@type":"ListItem","position":3,"name":"Puukaupan vaiheet"}]},{"@type":"WebSite","@id":"https:\/\/polkky.com\/#website","url":"https:\/\/polkky.com\/","name":"Po\u0308lkky","description":"","publisher":{"@id":"https:\/\/polkky.com\/#organization"},"potentialAction":[{"@type":"SearchAction","target":{"@type":"EntryPoint","urlTemplate":"https:\/\/polkky.com\/?s={search_term_string}"},"query-input":"required name=search_term_string"}],"inLanguage":"fi"},{"@type":"Organization","@id":"https:\/\/polkky.com\/#organization","name":"P\u00f6lkky Oy","url":"https:\/\/polkky.com\/","logo":{"@type":"ImageObject","inLanguage":"fi","@id":"https:\/\/polkky.com\/#\/schema\/logo\/image\/","url":"https:\/\/polkky.com\/wp-content\/uploads\/2018\/09\/logo-small.svg","contentUrl":"https:\/\/polkky.com\/wp-content\/uploads\/2018\/09\/logo-small.svg","width":119,"height":24,"caption":"P\u00f6lkky Oy"},"image":{"@id":"https:\/\/polkky.com\/#\/schema\/logo\/image\/"},"sameAs":["https:\/\/www.facebook.com\/P\u00f6lkky-Oy-201264536571431\/","https:\/\/www.linkedin.com\/company\/polkky"]}]}},"_links":{"self":[{"href":"https:\/\/polkky.com\/fi\/wp-json\/wp\/v2\/pages\/1375"}],"collection":[{"href":"https:\/\/polkky.com\/fi\/wp-json\/wp\/v2\/pages"}],"about":[{"href":"https:\/\/polkky.com\/fi\/wp-json\/wp\/v2\/types\/page"}],"author":[{"embeddable":true,"href":"https:\/\/polkky.com\/fi\/wp-json\/wp\/v2\/users\/2"}],"replies":[{"embeddable":true,"href":"https:\/\/polkky.com\/fi\/wp-json\/wp\/v2\/comments?post=1375"}],"version-history":[{"count":0,"href":"https:\/\/polkky.com\/fi\/wp-json\/wp\/v2\/pages\/1375\/revisions"}],"up":[{"embeddable":true,"href":"https:\/\/polkky.com\/fi\/wp-json\/wp\/v2\/pages\/973"}],"wp:attachment":[{"href":"https:\/\/polkky.com\/fi\/wp-json\/wp\/v2\/media?parent=1375"}],"curies":[{"name":"wp","href":"https:\/\/api.w.org\/{rel}","templated":true}]}}