{"id":1473,"date":"2018-09-17T20:43:09","date_gmt":"2018-09-17T20:43:09","guid":{"rendered":"https:\/\/polkky.com\/yritys\/production\/"},"modified":"2022-12-21T15:16:49","modified_gmt":"2022-12-21T13:16:49","slug":"tuotanto","status":"publish","type":"page","link":"https:\/\/polkky.com\/fi\/yritys\/tuotanto\/","title":{"rendered":"Tuotanto"},"content":{"rendered":"<h2>Autamme asiakkaitamme menestym\u00e4\u00e4n<\/h2>\n<div>\n<p>P\u00f6lkyn tuotannossa yhdistyv\u00e4t huippulaadukas raaka-aine, asiantunteva henkil\u00f6st\u00f6, vastuullisuus ja kehittynyt tuotantoteknologia. N\u00e4m\u00e4 tekij\u00e4t muodostavat perustan sille, ett\u00e4 pystymme auttamaan asiakkaitamme menestym\u00e4\u00e4n omassa liiketoiminnassaan.<\/p>\n<\/div>\n<p>P\u00f6lkky Oy:n sahat sijaitsevat maan parhaan puuraaka-ainealueen keskell\u00e4 Kuusamossa, Taivalkoskella ja Kajaanissa. Lis\u00e4ksi yhti\u00f6ll\u00e4 on painekyll\u00e4styslaitos Oulussa. Investoimme jatkuvasti nykyaikaisiin tuotantolinjoihimme ja koko henkil\u00f6st\u00f6mme osaamiseen, jotta pystymme vastaamaan yh\u00e4 paremmin asiakkaidemme ja markkinoiden tarpeisiin. Investoimme 2000-luvun aikana noin 50 miljoonaa euroa panostaaksemme moderniin tuotantoon.<\/p>\n<div>\n<p>Osaava henkil\u00f6st\u00f6mme sek\u00e4 nykyaikaiset, tehokkaat laitoksemme pit\u00e4v\u00e4t puutuotejalosteidemme laadun korkeana my\u00f6s jatkossa. P\u00f6lkyll\u00e4 ty\u00f6skentelee yli 420 puualan ammattilaista. Koko tuotantoketjussa alihankkijayritykset mukaan lukien on joka p\u00e4iv\u00e4 t\u00f6iss\u00e4 yli 600 osaajaa.<\/p>\n<\/div>\n<p>Vuosittainen sahatavaratuotantomme on 700 000 m\u00b3, josta jatkojalostetaan noin 30 prosenttia. Kuusamossa sijaitsevan p\u00e4\u00e4toimipaikan lis\u00e4ksi P\u00f6lkky Oy:ll\u00e4 on tuotantolaitokset Taivalkoskella, Oulussa, Pohjois-Kuusamon Kitkalla sek\u00e4 Kajaanissa.<\/p>\n<h2>Laadulla ja vastuullisuudella kysynt\u00e4\u00e4 my\u00f6s ulkomailla<\/h2>\n<p>Suomessa on totuttu rakentamaan puusta, mutta puurakentamisella on hyv\u00e4 imago my\u00f6s kansainv\u00e4lisesti. P\u00f6lkky vei vuonna 2018 tuotteitaan 35 maahan yhteens\u00e4 110 miljoonalla eurolla. . Kehittyvien talouksien nopea v\u00e4est\u00f6n- ja talouden kasvu lis\u00e4\u00e4v\u00e4t rakennuspuun kysynt\u00e4\u00e4. Rakentajat arvostavat puuta ekologisena materiaalina. Maailman sahatavaramarkkinat ovat noin 300 miljoonaa kuutiota vuodessa, joten puunjalostusteollisuudesta l\u00f6ytyy paljon potentiaalia vastuulliselle kasvulle.<\/p>\n","protected":false},"excerpt":{"rendered":"<p>Autamme asiakkaitamme menestym\u00e4\u00e4n P\u00f6lkyn tuotannossa yhdistyv\u00e4t huippulaadukas raaka-aine, asiantunteva henkil\u00f6st\u00f6, vastuullisuus ja kehittynyt tuotantoteknologia. N\u00e4m\u00e4 tekij\u00e4t muodostavat perustan sille, ett\u00e4 pystymme auttamaan asiakkaitamme menestym\u00e4\u00e4n omassa liiketoiminnassaan. P\u00f6lkky Oy:n sahat sijaitsevat maan parhaan puuraaka-ainealueen keskell\u00e4 Kuusamossa, Taivalkoskella ja Kajaanissa. Lis\u00e4ksi yhti\u00f6ll\u00e4 on painekyll\u00e4styslaitos Oulussa. Investoimme jatkuvasti nykyaikaisiin tuotantolinjoihimme ja koko henkil\u00f6st\u00f6mme osaamiseen, jotta pystymme vastaamaan yh\u00e4 [&hellip;]<\/p>\n","protected":false},"author":1,"featured_media":0,"parent":462,"menu_order":0,"comment_status":"closed","ping_status":"closed","template":"","meta":{"inline_featured_image":false},"acf":[],"yoast_head":"<!-- This site is optimized with the Yoast SEO plugin v20.6 - https:\/\/yoast.com\/wordpress\/plugins\/seo\/ -->\n<title>Tuotanto - Po\u0308lkky<\/title>\n<meta name=\"description\" content=\"P\u00f6lkyn tuotannossa yhdistyv\u00e4t huippulaadukas raaka-aine, asiantunteva henkil\u00f6st\u00f6, vastuullisuus ja kehittynyt tuotantoteknologia.\" \/>\n<meta name=\"robots\" content=\"index, follow, max-snippet:-1, max-image-preview:large, max-video-preview:-1\" \/>\n<link rel=\"canonical\" href=\"https:\/\/polkky.com\/fi\/yritys\/tuotanto\/\" \/>\n<meta property=\"og:locale\" content=\"fi_FI\" \/>\n<meta property=\"og:type\" content=\"article\" \/>\n<meta property=\"og:title\" content=\"Tuotanto - Po\u0308lkky\" \/>\n<meta property=\"og:description\" content=\"P\u00f6lkyn tuotannossa yhdistyv\u00e4t huippulaadukas raaka-aine, asiantunteva henkil\u00f6st\u00f6, vastuullisuus ja kehittynyt tuotantoteknologia.\" \/>\n<meta property=\"og:url\" content=\"https:\/\/polkky.com\/fi\/yritys\/tuotanto\/\" \/>\n<meta property=\"og:site_name\" content=\"Po\u0308lkky\" \/>\n<meta property=\"article:publisher\" content=\"https:\/\/www.facebook.com\/P%c3%b6lkky-Oy-201264536571431\/\" \/>\n<meta property=\"article:modified_time\" content=\"2022-12-21T13:16:49+00:00\" \/>\n<meta property=\"og:image\" content=\"https:\/\/polkky.com\/wp-content\/uploads\/2019\/02\/polkky-fb-1200x628-001.jpg\" \/>\n\t<meta property=\"og:image:width\" content=\"1200\" \/>\n\t<meta property=\"og:image:height\" content=\"628\" \/>\n\t<meta property=\"og:image:type\" content=\"image\/jpeg\" \/>\n<meta name=\"twitter:card\" content=\"summary_large_image\" \/>\n<meta name=\"twitter:label1\" content=\"Arvioitu lukuaika\" \/>\n\t<meta name=\"twitter:data1\" content=\"1 minuutti\" \/>\n<script type=\"application\/ld+json\" class=\"yoast-schema-graph\">{\"@context\":\"https:\/\/schema.org\",\"@graph\":[{\"@type\":\"WebPage\",\"@id\":\"https:\/\/polkky.com\/fi\/yritys\/tuotanto\/\",\"url\":\"https:\/\/polkky.com\/fi\/yritys\/tuotanto\/\",\"name\":\"Tuotanto - Po\u0308lkky\",\"isPartOf\":{\"@id\":\"https:\/\/polkky.com\/#website\"},\"datePublished\":\"2018-09-17T20:43:09+00:00\",\"dateModified\":\"2022-12-21T13:16:49+00:00\",\"description\":\"P\u00f6lkyn tuotannossa yhdistyv\u00e4t huippulaadukas raaka-aine, asiantunteva henkil\u00f6st\u00f6, vastuullisuus ja kehittynyt tuotantoteknologia.\",\"breadcrumb\":{\"@id\":\"https:\/\/polkky.com\/fi\/yritys\/tuotanto\/#breadcrumb\"},\"inLanguage\":\"fi\",\"potentialAction\":[{\"@type\":\"ReadAction\",\"target\":[\"https:\/\/polkky.com\/fi\/yritys\/tuotanto\/\"]}]},{\"@type\":\"BreadcrumbList\",\"@id\":\"https:\/\/polkky.com\/fi\/yritys\/tuotanto\/#breadcrumb\",\"itemListElement\":[{\"@type\":\"ListItem\",\"position\":1,\"name\":\"Home\",\"item\":\"https:\/\/polkky.com\/fi\/\"},{\"@type\":\"ListItem\",\"position\":2,\"name\":\"Yritys\",\"item\":\"https:\/\/polkky.com\/fi\/yritys\/\"},{\"@type\":\"ListItem\",\"position\":3,\"name\":\"Tuotanto\"}]},{\"@type\":\"WebSite\",\"@id\":\"https:\/\/polkky.com\/#website\",\"url\":\"https:\/\/polkky.com\/\",\"name\":\"Po\u0308lkky\",\"description\":\"\",\"publisher\":{\"@id\":\"https:\/\/polkky.com\/#organization\"},\"potentialAction\":[{\"@type\":\"SearchAction\",\"target\":{\"@type\":\"EntryPoint\",\"urlTemplate\":\"https:\/\/polkky.com\/?s={search_term_string}\"},\"query-input\":\"required name=search_term_string\"}],\"inLanguage\":\"fi\"},{\"@type\":\"Organization\",\"@id\":\"https:\/\/polkky.com\/#organization\",\"name\":\"P\u00f6lkky Oy\",\"url\":\"https:\/\/polkky.com\/\",\"logo\":{\"@type\":\"ImageObject\",\"inLanguage\":\"fi\",\"@id\":\"https:\/\/polkky.com\/#\/schema\/logo\/image\/\",\"url\":\"https:\/\/polkky.com\/wp-content\/uploads\/2018\/09\/logo-small.svg\",\"contentUrl\":\"https:\/\/polkky.com\/wp-content\/uploads\/2018\/09\/logo-small.svg\",\"width\":119,\"height\":24,\"caption\":\"P\u00f6lkky Oy\"},\"image\":{\"@id\":\"https:\/\/polkky.com\/#\/schema\/logo\/image\/\"},\"sameAs\":[\"https:\/\/www.facebook.com\/P\u00f6lkky-Oy-201264536571431\/\",\"https:\/\/www.linkedin.com\/company\/polkky\"]}]}<\/script>\n<!-- \/ Yoast SEO plugin. -->","yoast_head_json":{"title":"Tuotanto - Po\u0308lkky","description":"P\u00f6lkyn tuotannossa yhdistyv\u00e4t huippulaadukas raaka-aine, asiantunteva henkil\u00f6st\u00f6, vastuullisuus ja kehittynyt tuotantoteknologia.","robots":{"index":"index","follow":"follow","max-snippet":"max-snippet:-1","max-image-preview":"max-image-preview:large","max-video-preview":"max-video-preview:-1"},"canonical":"https:\/\/polkky.com\/fi\/yritys\/tuotanto\/","og_locale":"fi_FI","og_type":"article","og_title":"Tuotanto - Po\u0308lkky","og_description":"P\u00f6lkyn tuotannossa yhdistyv\u00e4t huippulaadukas raaka-aine, asiantunteva henkil\u00f6st\u00f6, vastuullisuus ja kehittynyt tuotantoteknologia.","og_url":"https:\/\/polkky.com\/fi\/yritys\/tuotanto\/","og_site_name":"Po\u0308lkky","article_publisher":"https:\/\/www.facebook.com\/P%c3%b6lkky-Oy-201264536571431\/","article_modified_time":"2022-12-21T13:16:49+00:00","og_image":[{"width":1200,"height":628,"url":"https:\/\/polkky.com\/wp-content\/uploads\/2019\/02\/polkky-fb-1200x628-001.jpg","type":"image\/jpeg"}],"twitter_card":"summary_large_image","twitter_misc":{"Arvioitu lukuaika":"1 minuutti"},"schema":{"@context":"https:\/\/schema.org","@graph":[{"@type":"WebPage","@id":"https:\/\/polkky.com\/fi\/yritys\/tuotanto\/","url":"https:\/\/polkky.com\/fi\/yritys\/tuotanto\/","name":"Tuotanto - Po\u0308lkky","isPartOf":{"@id":"https:\/\/polkky.com\/#website"},"datePublished":"2018-09-17T20:43:09+00:00","dateModified":"2022-12-21T13:16:49+00:00","description":"P\u00f6lkyn tuotannossa yhdistyv\u00e4t huippulaadukas raaka-aine, asiantunteva henkil\u00f6st\u00f6, vastuullisuus ja kehittynyt tuotantoteknologia.","breadcrumb":{"@id":"https:\/\/polkky.com\/fi\/yritys\/tuotanto\/#breadcrumb"},"inLanguage":"fi","potentialAction":[{"@type":"ReadAction","target":["https:\/\/polkky.com\/fi\/yritys\/tuotanto\/"]}]},{"@type":"BreadcrumbList","@id":"https:\/\/polkky.com\/fi\/yritys\/tuotanto\/#breadcrumb","itemListElement":[{"@type":"ListItem","position":1,"name":"Home","item":"https:\/\/polkky.com\/fi\/"},{"@type":"ListItem","position":2,"name":"Yritys","item":"https:\/\/polkky.com\/fi\/yritys\/"},{"@type":"ListItem","position":3,"name":"Tuotanto"}]},{"@type":"WebSite","@id":"https:\/\/polkky.com\/#website","url":"https:\/\/polkky.com\/","name":"Po\u0308lkky","description":"","publisher":{"@id":"https:\/\/polkky.com\/#organization"},"potentialAction":[{"@type":"SearchAction","target":{"@type":"EntryPoint","urlTemplate":"https:\/\/polkky.com\/?s={search_term_string}"},"query-input":"required name=search_term_string"}],"inLanguage":"fi"},{"@type":"Organization","@id":"https:\/\/polkky.com\/#organization","name":"P\u00f6lkky Oy","url":"https:\/\/polkky.com\/","logo":{"@type":"ImageObject","inLanguage":"fi","@id":"https:\/\/polkky.com\/#\/schema\/logo\/image\/","url":"https:\/\/polkky.com\/wp-content\/uploads\/2018\/09\/logo-small.svg","contentUrl":"https:\/\/polkky.com\/wp-content\/uploads\/2018\/09\/logo-small.svg","width":119,"height":24,"caption":"P\u00f6lkky Oy"},"image":{"@id":"https:\/\/polkky.com\/#\/schema\/logo\/image\/"},"sameAs":["https:\/\/www.facebook.com\/P\u00f6lkky-Oy-201264536571431\/","https:\/\/www.linkedin.com\/company\/polkky"]}]}},"_links":{"self":[{"href":"https:\/\/polkky.com\/fi\/wp-json\/wp\/v2\/pages\/1473"}],"collection":[{"href":"https:\/\/polkky.com\/fi\/wp-json\/wp\/v2\/pages"}],"about":[{"href":"https:\/\/polkky.com\/fi\/wp-json\/wp\/v2\/types\/page"}],"author":[{"embeddable":true,"href":"https:\/\/polkky.com\/fi\/wp-json\/wp\/v2\/users\/1"}],"replies":[{"embeddable":true,"href":"https:\/\/polkky.com\/fi\/wp-json\/wp\/v2\/comments?post=1473"}],"version-history":[{"count":0,"href":"https:\/\/polkky.com\/fi\/wp-json\/wp\/v2\/pages\/1473\/revisions"}],"up":[{"embeddable":true,"href":"https:\/\/polkky.com\/fi\/wp-json\/wp\/v2\/pages\/462"}],"wp:attachment":[{"href":"https:\/\/polkky.com\/fi\/wp-json\/wp\/v2\/media?parent=1473"}],"curies":[{"name":"wp","href":"https:\/\/api.w.org\/{rel}","templated":true}]}}