{"id":1477,"date":"2018-10-25T08:12:42","date_gmt":"2018-10-25T08:12:42","guid":{"rendered":"https:\/\/polkky.com\/media\/"},"modified":"2023-06-21T16:04:30","modified_gmt":"2023-06-21T14:04:30","slug":"media","status":"publish","type":"page","link":"https:\/\/polkky.com\/fi\/media\/","title":{"rendered":"Media"},"content":{"rendered":"<h2>P\u00f6lkky<\/h2>\n<ul>\n<li>Logo <a href=\"https:\/\/polkky.com\/wp-content\/uploads\/2023\/06\/polkky-logo.jpg\" target=\"_blank\" rel=\"noopener\">JPG<\/a><\/li>\n<li>Tuotelogot <a href=\"https:\/\/polkky.com\/wp-content\/uploads\/2019\/02\/polkky_tuotelogot_pdf.zip\" target=\"_blank\" rel=\"noopener\">PDF<\/a>\u00a0| <a href=\"https:\/\/polkky.com\/wp-content\/uploads\/2019\/02\/polkky_tuotelogot_eps.zip\">EPS<\/a><\/li>\n<\/ul>\n<h2>Tuotekortit<\/h2>\n<ul>\n<li><a href=\"https:\/\/polkky.com\/wp-content\/uploads\/2018\/09\/POLKKY_sahatavara_2021.pdf\">Sahatavara<\/a><\/li>\n<li><a href=\"https:\/\/polkky.com\/wp-content\/uploads\/2019\/01\/POLKKY_lamellihirret_2021.pdf\">Lamellihirret<\/a><\/li>\n<li><a href=\"https:\/\/polkky.com\/wp-content\/uploads\/2018\/10\/POLKKY_sisustuspaneelit_2021.pdf\">Sisustuspaneelit<\/a><\/li>\n<li><a href=\"https:\/\/polkky.com\/wp-content\/uploads\/2018\/10\/POLKKY_ulkoverhouslaudat_2021.pdf\">Ulkoverhouspaneelit<\/a><\/li>\n<li><a href=\"https:\/\/polkky.com\/wp-content\/uploads\/2018\/09\/POLKKY_lattialaudat_2021.pdf\">Lattialaudat<\/a><\/li>\n<li><a href=\"https:\/\/polkky.com\/wp-content\/uploads\/2019\/01\/POLKKY_runkorakenteet_2021.pdf\">Runkorakenteet<\/a><\/li>\n<li><a href=\"https:\/\/polkky.com\/wp-content\/uploads\/2018\/09\/POLKKY_kestopuu_2021.pdf\">Kestopuu<\/a><\/li>\n<li><a href=\"https:\/\/polkky.com\/wp-content\/uploads\/2018\/09\/POLKKY_liimapuu_2021.pdf\">Liimapuu<\/a><\/li>\n<li><a href=\"https:\/\/polkky.com\/wp-content\/uploads\/2018\/09\/POLKKY_liimapuupilarit_2021.pdf\">Liimapuupilarit<\/a><\/li>\n<li><a href=\"https:\/\/polkky.com\/wp-content\/uploads\/2018\/09\/POLKKY_kuivikekutteri_2021.pdf\">Kutterinpuru<\/a><\/li>\n<\/ul>\n","protected":false},"excerpt":{"rendered":"<p>P\u00f6lkky Logo JPG Tuotelogot PDF\u00a0| EPS Tuotekortit Sahatavara Lamellihirret Sisustuspaneelit Ulkoverhouspaneelit Lattialaudat Runkorakenteet Kestopuu Liimapuu Liimapuupilarit Kutterinpuru<\/p>\n","protected":false},"author":2,"featured_media":0,"parent":0,"menu_order":0,"comment_status":"closed","ping_status":"closed","template":"","meta":{"inline_featured_image":false},"acf":[],"yoast_head":"<!-- This site is optimized with the Yoast SEO plugin v20.6 - https:\/\/yoast.com\/wordpress\/plugins\/seo\/ -->\n<title>Media - Po\u0308lkky<\/title>\n<meta name=\"description\" content=\"Tutustu ja lataa P\u00f6lkyn nykyiset logot ja tuotekortit. Tiedostot ovat saatavilla sek\u00e4 PDF- ett\u00e4 EPS-muodossa.\" \/>\n<meta name=\"robots\" content=\"index, follow, max-snippet:-1, max-image-preview:large, max-video-preview:-1\" \/>\n<link rel=\"canonical\" href=\"https:\/\/polkky.com\/fi\/media\/\" \/>\n<meta property=\"og:locale\" content=\"fi_FI\" \/>\n<meta property=\"og:type\" content=\"article\" \/>\n<meta property=\"og:title\" content=\"Media - Po\u0308lkky\" \/>\n<meta property=\"og:description\" content=\"Tutustu ja lataa P\u00f6lkyn nykyiset logot ja tuotekortit. Tiedostot ovat saatavilla sek\u00e4 PDF- ett\u00e4 EPS-muodossa.\" \/>\n<meta property=\"og:url\" content=\"https:\/\/polkky.com\/fi\/media\/\" \/>\n<meta property=\"og:site_name\" content=\"Po\u0308lkky\" \/>\n<meta property=\"article:publisher\" content=\"https:\/\/www.facebook.com\/P%c3%b6lkky-Oy-201264536571431\/\" \/>\n<meta property=\"article:modified_time\" content=\"2023-06-21T14:04:30+00:00\" \/>\n<meta property=\"og:image\" content=\"https:\/\/polkky.com\/wp-content\/uploads\/2019\/02\/polkky-fb-1200x628-001.jpg\" \/>\n\t<meta property=\"og:image:width\" content=\"1200\" \/>\n\t<meta property=\"og:image:height\" content=\"628\" \/>\n\t<meta property=\"og:image:type\" content=\"image\/jpeg\" \/>\n<meta name=\"twitter:card\" content=\"summary_large_image\" \/>\n<meta name=\"twitter:label1\" content=\"Arvioitu lukuaika\" \/>\n\t<meta name=\"twitter:data1\" content=\"1 minuutti\" \/>\n<script type=\"application\/ld+json\" class=\"yoast-schema-graph\">{\"@context\":\"https:\/\/schema.org\",\"@graph\":[{\"@type\":\"WebPage\",\"@id\":\"https:\/\/polkky.com\/fi\/media\/\",\"url\":\"https:\/\/polkky.com\/fi\/media\/\",\"name\":\"Media - Po\u0308lkky\",\"isPartOf\":{\"@id\":\"https:\/\/polkky.com\/#website\"},\"datePublished\":\"2018-10-25T08:12:42+00:00\",\"dateModified\":\"2023-06-21T14:04:30+00:00\",\"description\":\"Tutustu ja lataa P\u00f6lkyn nykyiset logot ja tuotekortit. Tiedostot ovat saatavilla sek\u00e4 PDF- ett\u00e4 EPS-muodossa.\",\"breadcrumb\":{\"@id\":\"https:\/\/polkky.com\/fi\/media\/#breadcrumb\"},\"inLanguage\":\"fi\",\"potentialAction\":[{\"@type\":\"ReadAction\",\"target\":[\"https:\/\/polkky.com\/fi\/media\/\"]}]},{\"@type\":\"BreadcrumbList\",\"@id\":\"https:\/\/polkky.com\/fi\/media\/#breadcrumb\",\"itemListElement\":[{\"@type\":\"ListItem\",\"position\":1,\"name\":\"Home\",\"item\":\"https:\/\/polkky.com\/fi\/\"},{\"@type\":\"ListItem\",\"position\":2,\"name\":\"Media\"}]},{\"@type\":\"WebSite\",\"@id\":\"https:\/\/polkky.com\/#website\",\"url\":\"https:\/\/polkky.com\/\",\"name\":\"Po\u0308lkky\",\"description\":\"\",\"publisher\":{\"@id\":\"https:\/\/polkky.com\/#organization\"},\"potentialAction\":[{\"@type\":\"SearchAction\",\"target\":{\"@type\":\"EntryPoint\",\"urlTemplate\":\"https:\/\/polkky.com\/?s={search_term_string}\"},\"query-input\":\"required name=search_term_string\"}],\"inLanguage\":\"fi\"},{\"@type\":\"Organization\",\"@id\":\"https:\/\/polkky.com\/#organization\",\"name\":\"P\u00f6lkky Oy\",\"url\":\"https:\/\/polkky.com\/\",\"logo\":{\"@type\":\"ImageObject\",\"inLanguage\":\"fi\",\"@id\":\"https:\/\/polkky.com\/#\/schema\/logo\/image\/\",\"url\":\"https:\/\/polkky.com\/wp-content\/uploads\/2018\/09\/logo-small.svg\",\"contentUrl\":\"https:\/\/polkky.com\/wp-content\/uploads\/2018\/09\/logo-small.svg\",\"width\":119,\"height\":24,\"caption\":\"P\u00f6lkky Oy\"},\"image\":{\"@id\":\"https:\/\/polkky.com\/#\/schema\/logo\/image\/\"},\"sameAs\":[\"https:\/\/www.facebook.com\/P\u00f6lkky-Oy-201264536571431\/\",\"https:\/\/www.linkedin.com\/company\/polkky\"]}]}<\/script>\n<!-- \/ Yoast SEO plugin. -->","yoast_head_json":{"title":"Media - Po\u0308lkky","description":"Tutustu ja lataa P\u00f6lkyn nykyiset logot ja tuotekortit. Tiedostot ovat saatavilla sek\u00e4 PDF- ett\u00e4 EPS-muodossa.","robots":{"index":"index","follow":"follow","max-snippet":"max-snippet:-1","max-image-preview":"max-image-preview:large","max-video-preview":"max-video-preview:-1"},"canonical":"https:\/\/polkky.com\/fi\/media\/","og_locale":"fi_FI","og_type":"article","og_title":"Media - Po\u0308lkky","og_description":"Tutustu ja lataa P\u00f6lkyn nykyiset logot ja tuotekortit. Tiedostot ovat saatavilla sek\u00e4 PDF- ett\u00e4 EPS-muodossa.","og_url":"https:\/\/polkky.com\/fi\/media\/","og_site_name":"Po\u0308lkky","article_publisher":"https:\/\/www.facebook.com\/P%c3%b6lkky-Oy-201264536571431\/","article_modified_time":"2023-06-21T14:04:30+00:00","og_image":[{"width":1200,"height":628,"url":"https:\/\/polkky.com\/wp-content\/uploads\/2019\/02\/polkky-fb-1200x628-001.jpg","type":"image\/jpeg"}],"twitter_card":"summary_large_image","twitter_misc":{"Arvioitu lukuaika":"1 minuutti"},"schema":{"@context":"https:\/\/schema.org","@graph":[{"@type":"WebPage","@id":"https:\/\/polkky.com\/fi\/media\/","url":"https:\/\/polkky.com\/fi\/media\/","name":"Media - Po\u0308lkky","isPartOf":{"@id":"https:\/\/polkky.com\/#website"},"datePublished":"2018-10-25T08:12:42+00:00","dateModified":"2023-06-21T14:04:30+00:00","description":"Tutustu ja lataa P\u00f6lkyn nykyiset logot ja tuotekortit. Tiedostot ovat saatavilla sek\u00e4 PDF- ett\u00e4 EPS-muodossa.","breadcrumb":{"@id":"https:\/\/polkky.com\/fi\/media\/#breadcrumb"},"inLanguage":"fi","potentialAction":[{"@type":"ReadAction","target":["https:\/\/polkky.com\/fi\/media\/"]}]},{"@type":"BreadcrumbList","@id":"https:\/\/polkky.com\/fi\/media\/#breadcrumb","itemListElement":[{"@type":"ListItem","position":1,"name":"Home","item":"https:\/\/polkky.com\/fi\/"},{"@type":"ListItem","position":2,"name":"Media"}]},{"@type":"WebSite","@id":"https:\/\/polkky.com\/#website","url":"https:\/\/polkky.com\/","name":"Po\u0308lkky","description":"","publisher":{"@id":"https:\/\/polkky.com\/#organization"},"potentialAction":[{"@type":"SearchAction","target":{"@type":"EntryPoint","urlTemplate":"https:\/\/polkky.com\/?s={search_term_string}"},"query-input":"required name=search_term_string"}],"inLanguage":"fi"},{"@type":"Organization","@id":"https:\/\/polkky.com\/#organization","name":"P\u00f6lkky Oy","url":"https:\/\/polkky.com\/","logo":{"@type":"ImageObject","inLanguage":"fi","@id":"https:\/\/polkky.com\/#\/schema\/logo\/image\/","url":"https:\/\/polkky.com\/wp-content\/uploads\/2018\/09\/logo-small.svg","contentUrl":"https:\/\/polkky.com\/wp-content\/uploads\/2018\/09\/logo-small.svg","width":119,"height":24,"caption":"P\u00f6lkky Oy"},"image":{"@id":"https:\/\/polkky.com\/#\/schema\/logo\/image\/"},"sameAs":["https:\/\/www.facebook.com\/P\u00f6lkky-Oy-201264536571431\/","https:\/\/www.linkedin.com\/company\/polkky"]}]}},"_links":{"self":[{"href":"https:\/\/polkky.com\/fi\/wp-json\/wp\/v2\/pages\/1477"}],"collection":[{"href":"https:\/\/polkky.com\/fi\/wp-json\/wp\/v2\/pages"}],"about":[{"href":"https:\/\/polkky.com\/fi\/wp-json\/wp\/v2\/types\/page"}],"author":[{"embeddable":true,"href":"https:\/\/polkky.com\/fi\/wp-json\/wp\/v2\/users\/2"}],"replies":[{"embeddable":true,"href":"https:\/\/polkky.com\/fi\/wp-json\/wp\/v2\/comments?post=1477"}],"version-history":[{"count":0,"href":"https:\/\/polkky.com\/fi\/wp-json\/wp\/v2\/pages\/1477\/revisions"}],"wp:attachment":[{"href":"https:\/\/polkky.com\/fi\/wp-json\/wp\/v2\/media?parent=1477"}],"curies":[{"name":"wp","href":"https:\/\/api.w.org\/{rel}","templated":true}]}}