{"id":1479,"date":"2018-09-14T09:22:13","date_gmt":"2018-09-14T09:22:13","guid":{"rendered":"https:\/\/polkky.com\/privacy-policy\/"},"modified":"2025-05-22T10:45:29","modified_gmt":"2025-05-22T08:45:29","slug":"tietosuoja","status":"publish","type":"page","link":"https:\/\/polkky.com\/fi\/tietosuoja\/","title":{"rendered":"P\u00f6lkky Oy:n tietosuojaseloste"},"content":{"rendered":"<h3>Yleist\u00e4<\/h3>\n<p>Tietosuojaseloste on tietosuojalain edellytt\u00e4m\u00e4 informointiasiakirja.<br \/>\nJokaisella on oikeus tiet\u00e4\u00e4, mit\u00e4 tietoja h\u00e4nest\u00e4 on tallennettu eri rekistereihin.<br \/>\nTietojen tarkastusoikeudesta, tarkastusoikeuden toteuttamisesta ja tietojen korjaamisesta on s\u00e4\u00e4detty EU:n yleisell\u00e4 tietosuoja-asetuksella (2016\/679).<\/p>\n<p>P\u00f6lkky Oy:n k\u00e4yt\u00f6ss\u00e4\u00e4n olevat asiakas- ja kumppanuustietoja sis\u00e4lt\u00e4vien henkil\u00f6rekisterien tietosuojaselosteet ovat k\u00e4ytt\u00f6tarkoituksen mukaisesti jaoteltu eri henkil\u00f6rekistereihin.<\/p>\n<p><strong>Rekisterinpit\u00e4j\u00e4 ja yhteystiedot<\/strong><\/p>\n<p>P\u00f6lkky Oy<br \/>\nY-tunnus: 0186388-7<br \/>\nKemij\u00e4rventie 73, 93600 Kuusamo<br \/>\n+358 20\u00a0764 0200<br \/>\noffice@polkky.fi<\/p>\n<h3>Henkil\u00f6rekisterit<\/h3>\n<p><a href=\"https:\/\/oma.easygdpr.fi\/file\/public\/privacy-policies\/4e3301c5-079d-477a-8254-22e6187fad92\">Asiakasrekisteri B2B<\/a><\/p>\n<p><a href=\"https:\/\/oma.easygdpr.fi\/file\/public\/privacy-policies\/e44ef7ed-156e-4f0a-94b8-59891511be97\">Asiakasrekisteri Mets\u00e4 \/ puunhankinta<\/a><\/p>\n<p><a href=\"https:\/\/oma.easygdpr.fi\/file\/public\/privacy-policies\/3f385650-8ae3-4f80-82aa-5fd97e37faf5\">Ilmoituskanavarekisteri<\/a><\/p>\n<p><a href=\"https:\/\/oma.easygdpr.fi\/file\/public\/privacy-policies\/88c46128-82ce-4e24-b235-f15bdfdc7216\">Kameravalvontarekisteri<\/a><\/p>\n<p><a href=\"https:\/\/oma.easygdpr.fi\/file\/public\/privacy-policies\/7f5465a5-b4f9-43a2-98c2-2ea464de5cba\">Laskutusrekisteri<\/a><\/p>\n<p><a href=\"https:\/\/oma.easygdpr.fi\/file\/public\/privacy-policies\/b0720842-edbd-455e-9035-ba93f5477e22\">Rekrytointirekisteri<\/a><\/p>\n<p><a href=\"https:\/\/oma.easygdpr.fi\/file\/public\/privacy-policies\/1c1ebcae-8ef1-4259-8243-fdab3cb5aa39\">Sopimusrekisteri<\/a><\/p>\n<p><a href=\"https:\/\/oma.easygdpr.fi\/file\/public\/privacy-policies\/360713bb-13a0-43a2-8c3c-f2f270516884\">S\u00e4hk\u00f6isen viestinn\u00e4n rekisteri<\/a><\/p>\n<p><a href=\"https:\/\/oma.easygdpr.fi\/file\/public\/privacy-policies\/c45d1adf-0252-4f62-a778-a9b46ea9f782\">Uutiskirjerekisteri<\/a><\/p>\n<p><a href=\"https:\/\/oma.easygdpr.fi\/file\/public\/privacy-policies\/441a4957-2d64-4bc1-8831-dfaf2fb4c110\">Verkkovierailurekisteri<\/a><\/p>\n<p>&nbsp;<\/p>\n","protected":false},"excerpt":{"rendered":"<p>Yleist\u00e4 Tietosuojaseloste on tietosuojalain edellytt\u00e4m\u00e4 informointiasiakirja. Jokaisella on oikeus tiet\u00e4\u00e4, mit\u00e4 tietoja h\u00e4nest\u00e4 on tallennettu eri rekistereihin. Tietojen tarkastusoikeudesta, tarkastusoikeuden toteuttamisesta ja tietojen korjaamisesta on s\u00e4\u00e4detty EU:n yleisell\u00e4 tietosuoja-asetuksella (2016\/679). P\u00f6lkky Oy:n k\u00e4yt\u00f6ss\u00e4\u00e4n olevat asiakas- ja kumppanuustietoja sis\u00e4lt\u00e4vien henkil\u00f6rekisterien tietosuojaselosteet ovat k\u00e4ytt\u00f6tarkoituksen mukaisesti jaoteltu eri henkil\u00f6rekistereihin. Rekisterinpit\u00e4j\u00e4 ja yhteystiedot P\u00f6lkky Oy Y-tunnus: 0186388-7 Kemij\u00e4rventie 73, [&hellip;]<\/p>\n","protected":false},"author":1,"featured_media":0,"parent":0,"menu_order":0,"comment_status":"closed","ping_status":"closed","template":"","meta":{"inline_featured_image":false},"acf":[],"yoast_head":"<!-- This site is optimized with the Yoast SEO plugin v20.6 - https:\/\/yoast.com\/wordpress\/plugins\/seo\/ -->\n<title>P\u00f6lkky Oy:n tietosuojaseloste - Po\u0308lkky<\/title>\n<meta name=\"description\" content=\"K\u00e4yt\u00e4mme P\u00f6lkyn nettisivuilla ev\u00e4steit\u00e4 sivuston k\u00e4ytett\u00e4vyyden parantamiseksi. Voit hallita tai poistaa ev\u00e4steit\u00e4 vapaasti tietokoneeltasi.\" \/>\n<meta name=\"robots\" content=\"index, follow, max-snippet:-1, max-image-preview:large, max-video-preview:-1\" \/>\n<link rel=\"canonical\" href=\"https:\/\/polkky.com\/fi\/tietosuoja\/\" \/>\n<meta property=\"og:locale\" content=\"fi_FI\" \/>\n<meta property=\"og:type\" content=\"article\" \/>\n<meta property=\"og:title\" content=\"P\u00f6lkky Oy:n tietosuojaseloste - Po\u0308lkky\" \/>\n<meta property=\"og:description\" content=\"K\u00e4yt\u00e4mme P\u00f6lkyn nettisivuilla ev\u00e4steit\u00e4 sivuston k\u00e4ytett\u00e4vyyden parantamiseksi. Voit hallita tai poistaa ev\u00e4steit\u00e4 vapaasti tietokoneeltasi.\" \/>\n<meta property=\"og:url\" content=\"https:\/\/polkky.com\/fi\/tietosuoja\/\" \/>\n<meta property=\"og:site_name\" content=\"Po\u0308lkky\" \/>\n<meta property=\"article:publisher\" content=\"https:\/\/www.facebook.com\/P%c3%b6lkky-Oy-201264536571431\/\" \/>\n<meta property=\"article:modified_time\" content=\"2025-05-22T08:45:29+00:00\" \/>\n<meta property=\"og:image\" content=\"https:\/\/polkky.com\/wp-content\/uploads\/2019\/02\/polkky-fb-1200x628-001.jpg\" \/>\n\t<meta property=\"og:image:width\" content=\"1200\" \/>\n\t<meta property=\"og:image:height\" content=\"628\" \/>\n\t<meta property=\"og:image:type\" content=\"image\/jpeg\" \/>\n<meta name=\"twitter:card\" content=\"summary_large_image\" \/>\n<meta name=\"twitter:label1\" content=\"Arvioitu lukuaika\" \/>\n\t<meta name=\"twitter:data1\" content=\"5 minuuttia\" \/>\n<script type=\"application\/ld+json\" class=\"yoast-schema-graph\">{\"@context\":\"https:\/\/schema.org\",\"@graph\":[{\"@type\":\"WebPage\",\"@id\":\"https:\/\/polkky.com\/fi\/tietosuoja\/\",\"url\":\"https:\/\/polkky.com\/fi\/tietosuoja\/\",\"name\":\"P\u00f6lkky Oy:n tietosuojaseloste - Po\u0308lkky\",\"isPartOf\":{\"@id\":\"https:\/\/polkky.com\/#website\"},\"datePublished\":\"2018-09-14T09:22:13+00:00\",\"dateModified\":\"2025-05-22T08:45:29+00:00\",\"description\":\"K\u00e4yt\u00e4mme P\u00f6lkyn nettisivuilla ev\u00e4steit\u00e4 sivuston k\u00e4ytett\u00e4vyyden parantamiseksi. Voit hallita tai poistaa ev\u00e4steit\u00e4 vapaasti tietokoneeltasi.\",\"breadcrumb\":{\"@id\":\"https:\/\/polkky.com\/fi\/tietosuoja\/#breadcrumb\"},\"inLanguage\":\"fi\",\"potentialAction\":[{\"@type\":\"ReadAction\",\"target\":[\"https:\/\/polkky.com\/fi\/tietosuoja\/\"]}]},{\"@type\":\"BreadcrumbList\",\"@id\":\"https:\/\/polkky.com\/fi\/tietosuoja\/#breadcrumb\",\"itemListElement\":[{\"@type\":\"ListItem\",\"position\":1,\"name\":\"Home\",\"item\":\"https:\/\/polkky.com\/fi\/\"},{\"@type\":\"ListItem\",\"position\":2,\"name\":\"P\u00f6lkky Oy:n tietosuojaseloste\"}]},{\"@type\":\"WebSite\",\"@id\":\"https:\/\/polkky.com\/#website\",\"url\":\"https:\/\/polkky.com\/\",\"name\":\"Po\u0308lkky\",\"description\":\"\",\"publisher\":{\"@id\":\"https:\/\/polkky.com\/#organization\"},\"potentialAction\":[{\"@type\":\"SearchAction\",\"target\":{\"@type\":\"EntryPoint\",\"urlTemplate\":\"https:\/\/polkky.com\/?s={search_term_string}\"},\"query-input\":\"required name=search_term_string\"}],\"inLanguage\":\"fi\"},{\"@type\":\"Organization\",\"@id\":\"https:\/\/polkky.com\/#organization\",\"name\":\"P\u00f6lkky Oy\",\"url\":\"https:\/\/polkky.com\/\",\"logo\":{\"@type\":\"ImageObject\",\"inLanguage\":\"fi\",\"@id\":\"https:\/\/polkky.com\/#\/schema\/logo\/image\/\",\"url\":\"https:\/\/polkky.com\/wp-content\/uploads\/2018\/09\/logo-small.svg\",\"contentUrl\":\"https:\/\/polkky.com\/wp-content\/uploads\/2018\/09\/logo-small.svg\",\"width\":119,\"height\":24,\"caption\":\"P\u00f6lkky Oy\"},\"image\":{\"@id\":\"https:\/\/polkky.com\/#\/schema\/logo\/image\/\"},\"sameAs\":[\"https:\/\/www.facebook.com\/P\u00f6lkky-Oy-201264536571431\/\",\"https:\/\/www.linkedin.com\/company\/polkky\"]}]}<\/script>\n<!-- \/ Yoast SEO plugin. -->","yoast_head_json":{"title":"P\u00f6lkky Oy:n tietosuojaseloste - Po\u0308lkky","description":"K\u00e4yt\u00e4mme P\u00f6lkyn nettisivuilla ev\u00e4steit\u00e4 sivuston k\u00e4ytett\u00e4vyyden parantamiseksi. Voit hallita tai poistaa ev\u00e4steit\u00e4 vapaasti tietokoneeltasi.","robots":{"index":"index","follow":"follow","max-snippet":"max-snippet:-1","max-image-preview":"max-image-preview:large","max-video-preview":"max-video-preview:-1"},"canonical":"https:\/\/polkky.com\/fi\/tietosuoja\/","og_locale":"fi_FI","og_type":"article","og_title":"P\u00f6lkky Oy:n tietosuojaseloste - Po\u0308lkky","og_description":"K\u00e4yt\u00e4mme P\u00f6lkyn nettisivuilla ev\u00e4steit\u00e4 sivuston k\u00e4ytett\u00e4vyyden parantamiseksi. Voit hallita tai poistaa ev\u00e4steit\u00e4 vapaasti tietokoneeltasi.","og_url":"https:\/\/polkky.com\/fi\/tietosuoja\/","og_site_name":"Po\u0308lkky","article_publisher":"https:\/\/www.facebook.com\/P%c3%b6lkky-Oy-201264536571431\/","article_modified_time":"2025-05-22T08:45:29+00:00","og_image":[{"width":1200,"height":628,"url":"https:\/\/polkky.com\/wp-content\/uploads\/2019\/02\/polkky-fb-1200x628-001.jpg","type":"image\/jpeg"}],"twitter_card":"summary_large_image","twitter_misc":{"Arvioitu lukuaika":"5 minuuttia"},"schema":{"@context":"https:\/\/schema.org","@graph":[{"@type":"WebPage","@id":"https:\/\/polkky.com\/fi\/tietosuoja\/","url":"https:\/\/polkky.com\/fi\/tietosuoja\/","name":"P\u00f6lkky Oy:n tietosuojaseloste - Po\u0308lkky","isPartOf":{"@id":"https:\/\/polkky.com\/#website"},"datePublished":"2018-09-14T09:22:13+00:00","dateModified":"2025-05-22T08:45:29+00:00","description":"K\u00e4yt\u00e4mme P\u00f6lkyn nettisivuilla ev\u00e4steit\u00e4 sivuston k\u00e4ytett\u00e4vyyden parantamiseksi. Voit hallita tai poistaa ev\u00e4steit\u00e4 vapaasti tietokoneeltasi.","breadcrumb":{"@id":"https:\/\/polkky.com\/fi\/tietosuoja\/#breadcrumb"},"inLanguage":"fi","potentialAction":[{"@type":"ReadAction","target":["https:\/\/polkky.com\/fi\/tietosuoja\/"]}]},{"@type":"BreadcrumbList","@id":"https:\/\/polkky.com\/fi\/tietosuoja\/#breadcrumb","itemListElement":[{"@type":"ListItem","position":1,"name":"Home","item":"https:\/\/polkky.com\/fi\/"},{"@type":"ListItem","position":2,"name":"P\u00f6lkky Oy:n tietosuojaseloste"}]},{"@type":"WebSite","@id":"https:\/\/polkky.com\/#website","url":"https:\/\/polkky.com\/","name":"Po\u0308lkky","description":"","publisher":{"@id":"https:\/\/polkky.com\/#organization"},"potentialAction":[{"@type":"SearchAction","target":{"@type":"EntryPoint","urlTemplate":"https:\/\/polkky.com\/?s={search_term_string}"},"query-input":"required name=search_term_string"}],"inLanguage":"fi"},{"@type":"Organization","@id":"https:\/\/polkky.com\/#organization","name":"P\u00f6lkky Oy","url":"https:\/\/polkky.com\/","logo":{"@type":"ImageObject","inLanguage":"fi","@id":"https:\/\/polkky.com\/#\/schema\/logo\/image\/","url":"https:\/\/polkky.com\/wp-content\/uploads\/2018\/09\/logo-small.svg","contentUrl":"https:\/\/polkky.com\/wp-content\/uploads\/2018\/09\/logo-small.svg","width":119,"height":24,"caption":"P\u00f6lkky Oy"},"image":{"@id":"https:\/\/polkky.com\/#\/schema\/logo\/image\/"},"sameAs":["https:\/\/www.facebook.com\/P\u00f6lkky-Oy-201264536571431\/","https:\/\/www.linkedin.com\/company\/polkky"]}]}},"_links":{"self":[{"href":"https:\/\/polkky.com\/fi\/wp-json\/wp\/v2\/pages\/1479"}],"collection":[{"href":"https:\/\/polkky.com\/fi\/wp-json\/wp\/v2\/pages"}],"about":[{"href":"https:\/\/polkky.com\/fi\/wp-json\/wp\/v2\/types\/page"}],"author":[{"embeddable":true,"href":"https:\/\/polkky.com\/fi\/wp-json\/wp\/v2\/users\/1"}],"replies":[{"embeddable":true,"href":"https:\/\/polkky.com\/fi\/wp-json\/wp\/v2\/comments?post=1479"}],"version-history":[{"count":0,"href":"https:\/\/polkky.com\/fi\/wp-json\/wp\/v2\/pages\/1479\/revisions"}],"wp:attachment":[{"href":"https:\/\/polkky.com\/fi\/wp-json\/wp\/v2\/media?parent=1479"}],"curies":[{"name":"wp","href":"https:\/\/api.w.org\/{rel}","templated":true}]}}