{"id":1635,"date":"2019-01-30T14:51:58","date_gmt":"2019-01-30T14:51:58","guid":{"rendered":"https:\/\/polkky.com\/?page_id=1635"},"modified":"2025-07-03T09:01:43","modified_gmt":"2025-07-03T07:01:43","slug":"tuotantolaitosten-yhteystiedot","status":"publish","type":"page","link":"https:\/\/polkky.com\/fi\/tuotantolaitosten-yhteystiedot\/","title":{"rendered":"Tuotantolaitosten yhteystiedot"},"content":{"rendered":"<h2>Kuusamon tuotantolaitos<\/h2>\n<p>Osoite: <a href=\"https:\/\/goo.gl\/maps\/KNESAVUkP1Q2\" target=\"_blank\" rel=\"noopener noreferrer\">Kemij\u00e4rventie 73, 93600 Kuusamo<\/a><br \/>\nPuhelin:\u00a0<a href=\"tel:+358207640200\">+358 20 764 0200<\/a><br \/>\nTehdasp\u00e4\u00e4llikk\u00f6: <a href=\"tel:+358 50 4003 092\">+358 50 4003 092<\/a><br \/>\nEmail: <a href=\"mailto:office@polkky.fi\">office@polkky.fi<\/a><\/p>\n<h2>P\u00f6lkky Oy, Mets\u00e4<\/h2>\n<p>Osoite: <a href=\"https:\/\/goo.gl\/maps\/KNESAVUkP1Q2\" target=\"_blank\" rel=\"noopener noreferrer\">Kemij\u00e4rventie 73, 93600 Kuusamo<\/a><br \/>\nPuhelin:\u00a0<a href=\"tel:+358444133143\">+358 44 413 3143<\/a><br \/>\nEmail: etunimi.sukunimi@polkky.fi<\/p>\n<h2>Kitkan tuotantolaitos<\/h2>\n<p>Osoite: <a href=\"https:\/\/goo.gl\/maps\/bLAMZkmxnUr\" target=\"_blank\" rel=\"noopener noreferrer\">Tolvantie 41, 93900 Kuusamo<\/a><br \/>\nPuhelin: <a href=\"tel:+358207640200\">+358 20 764 0200<\/a><br \/>\nTehdasp\u00e4\u00e4llikk\u00f6: <a href=\"tel:+358 40 752 4747\">+358 40 752 4747<\/a><br \/>\nEmail: etunimi.sukunimi@polkky.fi<\/p>\n<h2>Taivalkosken tuotantolaitos<\/h2>\n<p>Osoite: <a href=\"https:\/\/goo.gl\/maps\/bNzxRFj7cH32\" target=\"_blank\" rel=\"noopener noreferrer\">Raamitie 1, 93400 Taivalkoski<\/a><br \/>\nPuhelin:\u00a0<a href=\"tel:+358 20 764 0200\">+358 20 764 0200<\/a><br \/>\nTehdasp\u00e4\u00e4llikk\u00f6: <a href=\"tel:+358 40 752 2062\">+358 40 752 2062<\/a><br \/>\nEmail: etunimi.sukunimi@polkky.fi<\/p>\n<h2>Kajaanin tuotantolaitos<\/h2>\n<p>Osoite: <a href=\"https:\/\/goo.gl\/maps\/nuXG1m3hUUC2\" target=\"_blank\" rel=\"noopener noreferrer\">Tehdaskatu 15, 87100 Kajaani<\/a><br \/>\nPuhelin:\u00a0<a href=\"tel:+358207640200\">+358 20 764 0200<\/a><br \/>\nTehdasp\u00e4\u00e4llikk\u00f6: <a href=\"tel:+358 44 4133 193\">+358 44 4133 193<\/a><br \/>\nEmail: etunimi.sukunimi@polkky.fi<\/p>\n<p>Huom. Ajo raskailla ajoneuvoilla lastaus- ja purkupaikoille Sokaj\u00e4rventie 9 portin kautta.<br \/>\nOsoite:\u00a0<a href=\"https:\/\/goo.gl\/maps\/TeZsQytHJsRyqEfL7\" target=\"_blank\" rel=\"noopener noreferrer\">Sokaj\u00e4rventie 9, 87100 Kajaani<\/a><br \/>\nPuhelin:\u00a0<a href=\"tel:+358400933394\">+358 400\u00a0933 394<\/a> \/ Info<u><br \/>\n<\/u><\/p>\n<p>Raskaan kuljetusliikenteen yhteydenotot tarvittaessa:<br \/>\nSahatavaran nouto: <a href=\"tel:+358406531138\">+358 40 653 1138<\/a> \/ l\u00e4hetys<br \/>\nRaaka-aineen tuonti:<a href=\"tel:+358400456736\">+358 40 045 6736<\/a> \/ tukkilajittelu<br \/>\nKajaani 450 -projekti: <a href=\"tel:+358444133124\">+358 44 413 3124<\/a><\/p>\n<h2>Oulun kyll\u00e4st\u00e4m\u00f6<\/h2>\n<p>Osoite: <a href=\"https:\/\/goo.gl\/maps\/vSuhYgDAhnw\" target=\"_blank\" rel=\"noopener noreferrer\">Moreenitie 17, 90620 Oulu<\/a><br \/>\nPuhelin: \u00a0<a href=\"tel:+358207640200\">+358 20 764 0200<\/a><br \/>\nTehdasp\u00e4\u00e4llikk\u00f6: <a href=\"tel:+358 40 662 5230\">+358 40 662 5230<\/a><br \/>\nEmail: etunimi.sukunimi@polkky.fi<\/p>\n","protected":false},"excerpt":{"rendered":"<p>Kuusamon tuotantolaitos Osoite: Kemij\u00e4rventie 73, 93600 Kuusamo Puhelin:\u00a0+358 20 764 0200 Tehdasp\u00e4\u00e4llikk\u00f6: +358 50 4003 092 Email: office@polkky.fi P\u00f6lkky Oy, Mets\u00e4 Osoite: Kemij\u00e4rventie 73, 93600 Kuusamo Puhelin:\u00a0+358 44 413 3143 Email: etunimi.sukunimi@polkky.fi Kitkan tuotantolaitos Osoite: Tolvantie 41, 93900 Kuusamo Puhelin: +358 20 764 0200 Tehdasp\u00e4\u00e4llikk\u00f6: +358 40 752 4747 Email: etunimi.sukunimi@polkky.fi Taivalkosken tuotantolaitos Osoite: Raamitie [&hellip;]<\/p>\n","protected":false},"author":2,"featured_media":0,"parent":0,"menu_order":0,"comment_status":"closed","ping_status":"closed","template":"","meta":{"inline_featured_image":false},"acf":[],"yoast_head":"<!-- This site is optimized with the Yoast SEO plugin v20.6 - https:\/\/yoast.com\/wordpress\/plugins\/seo\/ -->\n<title>Tuotantolaitosten yhteystiedot - Po\u0308lkky<\/title>\n<meta name=\"description\" content=\"P\u00f6lkyn tuotantolaitokset sijaitsevat maan parhaalla puuraaka-ainealueella Kuusamossa, Taivalkoskella, Kajaanissa ja Oulussa.\" \/>\n<meta name=\"robots\" content=\"index, follow, max-snippet:-1, max-image-preview:large, max-video-preview:-1\" \/>\n<link rel=\"canonical\" href=\"https:\/\/polkky.com\/fi\/tuotantolaitosten-yhteystiedot\/\" \/>\n<meta property=\"og:locale\" content=\"fi_FI\" \/>\n<meta property=\"og:type\" content=\"article\" \/>\n<meta property=\"og:title\" content=\"Tuotantolaitosten yhteystiedot - Po\u0308lkky\" \/>\n<meta property=\"og:description\" content=\"P\u00f6lkyn tuotantolaitokset sijaitsevat maan parhaalla puuraaka-ainealueella Kuusamossa, Taivalkoskella, Kajaanissa ja Oulussa.\" \/>\n<meta property=\"og:url\" content=\"https:\/\/polkky.com\/fi\/tuotantolaitosten-yhteystiedot\/\" \/>\n<meta property=\"og:site_name\" content=\"Po\u0308lkky\" \/>\n<meta property=\"article:publisher\" content=\"https:\/\/www.facebook.com\/P%c3%b6lkky-Oy-201264536571431\/\" \/>\n<meta property=\"article:modified_time\" content=\"2025-07-03T07:01:43+00:00\" \/>\n<meta property=\"og:image\" content=\"https:\/\/polkky.com\/wp-content\/uploads\/2019\/02\/polkky-fb-1200x628-001.jpg\" \/>\n\t<meta property=\"og:image:width\" content=\"1200\" \/>\n\t<meta property=\"og:image:height\" content=\"628\" \/>\n\t<meta property=\"og:image:type\" content=\"image\/jpeg\" \/>\n<meta name=\"twitter:card\" content=\"summary_large_image\" \/>\n<meta name=\"twitter:label1\" content=\"Arvioitu lukuaika\" \/>\n\t<meta name=\"twitter:data1\" content=\"1 minuutti\" \/>\n<script type=\"application\/ld+json\" class=\"yoast-schema-graph\">{\"@context\":\"https:\/\/schema.org\",\"@graph\":[{\"@type\":\"WebPage\",\"@id\":\"https:\/\/polkky.com\/fi\/tuotantolaitosten-yhteystiedot\/\",\"url\":\"https:\/\/polkky.com\/fi\/tuotantolaitosten-yhteystiedot\/\",\"name\":\"Tuotantolaitosten yhteystiedot - Po\u0308lkky\",\"isPartOf\":{\"@id\":\"https:\/\/polkky.com\/#website\"},\"datePublished\":\"2019-01-30T14:51:58+00:00\",\"dateModified\":\"2025-07-03T07:01:43+00:00\",\"description\":\"P\u00f6lkyn tuotantolaitokset sijaitsevat maan parhaalla puuraaka-ainealueella Kuusamossa, Taivalkoskella, Kajaanissa ja Oulussa.\",\"breadcrumb\":{\"@id\":\"https:\/\/polkky.com\/fi\/tuotantolaitosten-yhteystiedot\/#breadcrumb\"},\"inLanguage\":\"fi\",\"potentialAction\":[{\"@type\":\"ReadAction\",\"target\":[\"https:\/\/polkky.com\/fi\/tuotantolaitosten-yhteystiedot\/\"]}]},{\"@type\":\"BreadcrumbList\",\"@id\":\"https:\/\/polkky.com\/fi\/tuotantolaitosten-yhteystiedot\/#breadcrumb\",\"itemListElement\":[{\"@type\":\"ListItem\",\"position\":1,\"name\":\"Home\",\"item\":\"https:\/\/polkky.com\/fi\/\"},{\"@type\":\"ListItem\",\"position\":2,\"name\":\"Tuotantolaitosten yhteystiedot\"}]},{\"@type\":\"WebSite\",\"@id\":\"https:\/\/polkky.com\/#website\",\"url\":\"https:\/\/polkky.com\/\",\"name\":\"Po\u0308lkky\",\"description\":\"\",\"publisher\":{\"@id\":\"https:\/\/polkky.com\/#organization\"},\"potentialAction\":[{\"@type\":\"SearchAction\",\"target\":{\"@type\":\"EntryPoint\",\"urlTemplate\":\"https:\/\/polkky.com\/?s={search_term_string}\"},\"query-input\":\"required name=search_term_string\"}],\"inLanguage\":\"fi\"},{\"@type\":\"Organization\",\"@id\":\"https:\/\/polkky.com\/#organization\",\"name\":\"P\u00f6lkky Oy\",\"url\":\"https:\/\/polkky.com\/\",\"logo\":{\"@type\":\"ImageObject\",\"inLanguage\":\"fi\",\"@id\":\"https:\/\/polkky.com\/#\/schema\/logo\/image\/\",\"url\":\"https:\/\/polkky.com\/wp-content\/uploads\/2018\/09\/logo-small.svg\",\"contentUrl\":\"https:\/\/polkky.com\/wp-content\/uploads\/2018\/09\/logo-small.svg\",\"width\":119,\"height\":24,\"caption\":\"P\u00f6lkky Oy\"},\"image\":{\"@id\":\"https:\/\/polkky.com\/#\/schema\/logo\/image\/\"},\"sameAs\":[\"https:\/\/www.facebook.com\/P\u00f6lkky-Oy-201264536571431\/\",\"https:\/\/www.linkedin.com\/company\/polkky\"]}]}<\/script>\n<!-- \/ Yoast SEO plugin. -->","yoast_head_json":{"title":"Tuotantolaitosten yhteystiedot - Po\u0308lkky","description":"P\u00f6lkyn tuotantolaitokset sijaitsevat maan parhaalla puuraaka-ainealueella Kuusamossa, Taivalkoskella, Kajaanissa ja Oulussa.","robots":{"index":"index","follow":"follow","max-snippet":"max-snippet:-1","max-image-preview":"max-image-preview:large","max-video-preview":"max-video-preview:-1"},"canonical":"https:\/\/polkky.com\/fi\/tuotantolaitosten-yhteystiedot\/","og_locale":"fi_FI","og_type":"article","og_title":"Tuotantolaitosten yhteystiedot - Po\u0308lkky","og_description":"P\u00f6lkyn tuotantolaitokset sijaitsevat maan parhaalla puuraaka-ainealueella Kuusamossa, Taivalkoskella, Kajaanissa ja Oulussa.","og_url":"https:\/\/polkky.com\/fi\/tuotantolaitosten-yhteystiedot\/","og_site_name":"Po\u0308lkky","article_publisher":"https:\/\/www.facebook.com\/P%c3%b6lkky-Oy-201264536571431\/","article_modified_time":"2025-07-03T07:01:43+00:00","og_image":[{"width":1200,"height":628,"url":"https:\/\/polkky.com\/wp-content\/uploads\/2019\/02\/polkky-fb-1200x628-001.jpg","type":"image\/jpeg"}],"twitter_card":"summary_large_image","twitter_misc":{"Arvioitu lukuaika":"1 minuutti"},"schema":{"@context":"https:\/\/schema.org","@graph":[{"@type":"WebPage","@id":"https:\/\/polkky.com\/fi\/tuotantolaitosten-yhteystiedot\/","url":"https:\/\/polkky.com\/fi\/tuotantolaitosten-yhteystiedot\/","name":"Tuotantolaitosten yhteystiedot - Po\u0308lkky","isPartOf":{"@id":"https:\/\/polkky.com\/#website"},"datePublished":"2019-01-30T14:51:58+00:00","dateModified":"2025-07-03T07:01:43+00:00","description":"P\u00f6lkyn tuotantolaitokset sijaitsevat maan parhaalla puuraaka-ainealueella Kuusamossa, Taivalkoskella, Kajaanissa ja Oulussa.","breadcrumb":{"@id":"https:\/\/polkky.com\/fi\/tuotantolaitosten-yhteystiedot\/#breadcrumb"},"inLanguage":"fi","potentialAction":[{"@type":"ReadAction","target":["https:\/\/polkky.com\/fi\/tuotantolaitosten-yhteystiedot\/"]}]},{"@type":"BreadcrumbList","@id":"https:\/\/polkky.com\/fi\/tuotantolaitosten-yhteystiedot\/#breadcrumb","itemListElement":[{"@type":"ListItem","position":1,"name":"Home","item":"https:\/\/polkky.com\/fi\/"},{"@type":"ListItem","position":2,"name":"Tuotantolaitosten yhteystiedot"}]},{"@type":"WebSite","@id":"https:\/\/polkky.com\/#website","url":"https:\/\/polkky.com\/","name":"Po\u0308lkky","description":"","publisher":{"@id":"https:\/\/polkky.com\/#organization"},"potentialAction":[{"@type":"SearchAction","target":{"@type":"EntryPoint","urlTemplate":"https:\/\/polkky.com\/?s={search_term_string}"},"query-input":"required name=search_term_string"}],"inLanguage":"fi"},{"@type":"Organization","@id":"https:\/\/polkky.com\/#organization","name":"P\u00f6lkky Oy","url":"https:\/\/polkky.com\/","logo":{"@type":"ImageObject","inLanguage":"fi","@id":"https:\/\/polkky.com\/#\/schema\/logo\/image\/","url":"https:\/\/polkky.com\/wp-content\/uploads\/2018\/09\/logo-small.svg","contentUrl":"https:\/\/polkky.com\/wp-content\/uploads\/2018\/09\/logo-small.svg","width":119,"height":24,"caption":"P\u00f6lkky Oy"},"image":{"@id":"https:\/\/polkky.com\/#\/schema\/logo\/image\/"},"sameAs":["https:\/\/www.facebook.com\/P\u00f6lkky-Oy-201264536571431\/","https:\/\/www.linkedin.com\/company\/polkky"]}]}},"_links":{"self":[{"href":"https:\/\/polkky.com\/fi\/wp-json\/wp\/v2\/pages\/1635"}],"collection":[{"href":"https:\/\/polkky.com\/fi\/wp-json\/wp\/v2\/pages"}],"about":[{"href":"https:\/\/polkky.com\/fi\/wp-json\/wp\/v2\/types\/page"}],"author":[{"embeddable":true,"href":"https:\/\/polkky.com\/fi\/wp-json\/wp\/v2\/users\/2"}],"replies":[{"embeddable":true,"href":"https:\/\/polkky.com\/fi\/wp-json\/wp\/v2\/comments?post=1635"}],"version-history":[{"count":0,"href":"https:\/\/polkky.com\/fi\/wp-json\/wp\/v2\/pages\/1635\/revisions"}],"wp:attachment":[{"href":"https:\/\/polkky.com\/fi\/wp-json\/wp\/v2\/media?parent=1635"}],"curies":[{"name":"wp","href":"https:\/\/api.w.org\/{rel}","templated":true}]}}