{"id":2286,"date":"2019-09-30T14:20:42","date_gmt":"2019-09-30T12:20:42","guid":{"rendered":"https:\/\/polkky.com\/?page_id=2286"},"modified":"2025-08-28T14:26:03","modified_gmt":"2025-08-28T12:26:03","slug":"laskutustiedot","status":"publish","type":"page","link":"https:\/\/polkky.com\/fi\/laskutustiedot\/","title":{"rendered":"Laskutustiedot"},"content":{"rendered":"<h3 style=\"color: green;\"><span style=\"color: #8ca600;\">S\u00e4hk\u00f6iset verkkolaskut<\/span><\/h3>\n<p>P\u00f6lkky Oy vastaanottaa\u00a0laskuja ensisijaisesti s\u00e4hk\u00f6isess\u00e4 muodossa. S\u00e4hk\u00f6inen laskutus tuo kustannuss\u00e4\u00e4st\u00f6j\u00e4 sek\u00e4 laskuttajalle ett\u00e4 vastaanottajalle. Sen ansiosta laskut k\u00e4sitell\u00e4\u00e4n nopeammin, arkistoiminen helpottuu ja paperisten laskujen aiheuttama ymp\u00e4rist\u00f6n kuormitus v\u00e4henee.<\/p>\n<p><strong>P\u00f6lkky Oy laskutusosoite<\/strong><\/p>\n<p>P\u00f6lkky Oy (0186388-7)<br \/>\nVerkkolaskuosoite: 003701863887<br \/>\nOperaattori: Netbox Finland Oy \/ 003726044706<br \/>\nS\u00e4hk\u00f6postilaskut: <a href=\"mailto:escan.polkky@netscan.fi\"><span data-teams=\"true\">escan.polkky@netscan.fi<\/span><\/a><br \/>\nSa\u0308hko\u0308postilaskuosoite tukee vain pdf-muotoisia tiedostoja.<strong> Lasku ja mahdolliset liitteet pit\u00e4\u00e4 olla samassa pdf-tiedostossa.<\/strong><\/p>\n<p><strong>Laskussa on poikkeuksetta mainittava tilaajan nimi, laskutuksen kohteena oleva tehdas (Kajaani, Kitka, Kuusamo, Oulu, Taivalkoski) ja kustannuspaikka. <\/strong>Lis\u00e4ksi laskussa on mainittava tilaajan mahdollisesti ilmoittama projekti- ja tilausnumero. Puutteellisilla tiedoilla olevat laskut palautetaan l\u00e4hett\u00e4j\u00e4lle.<\/p>\n<p>Laskut tulee olla perilla\u0308 viimeista\u0308a\u0308n 3 pa\u0308iva\u0308n kuluessa kuukauden pa\u0308a\u0308ttymisesta\u0308.<\/p>\n<p><strong>Taivalkosken Voima Oy laskutusosoite<\/strong><\/p>\n<p>Taivalkosken Voima Oy (0932668-0)<br \/>\nVerkkolaskuosoite: 003709326680<br \/>\nOperaattori: Apix Messaging Oy \/ 003723327487<br \/>\nS\u00e4hk\u00f6postilasku: <a href=\"003709326680@procountor.apix.fi\">003709326680@procountor.apix.fi<\/a><\/p>\n<div class=\"page\" title=\"Page 1\">\n<div class=\"layoutArea\">\n<div class=\"column\">\n<p>Huomaattehan ysta\u0308va\u0308llisesti, etta\u0308 vastaanotamme laskuja ainoastaan sa\u0308hko\u0308isessa\u0308 muodossa, emmeka\u0308 ka\u0308sittele paperisia laskuja lainkaan. Sa\u0308hko\u0308inen laskutus tuo sa\u0308a\u0308sto\u0308ja\u0308 seka\u0308 laskuttajalle, etta\u0308 vastaanottajalle. Samalla myo\u0308s laskun ka\u0308sittely nopeutuu ja paperisten laskujen aiheuttama ympa\u0308risto\u0308n kuormitus va\u0308henee.<\/p>\n<p>&nbsp;<\/p>\n<p>Sa\u0308hko\u0308postilaskuosoite tukee vain pdf-muotoisia tiedostoja.<\/p>\n<p>&nbsp;<\/p>\n<p>Laskut tulee olla perilla\u0308 viimeista\u0308a\u0308n 3 pa\u0308iva\u0308n kuluessa kuukauden pa\u0308a\u0308ttymisesta\u0308.<\/p>\n<p>&nbsp;<\/p>\n<p>Lis\u00e4tietoa laskutuksesta molempien yhti\u00f6iden asioissa antaa P\u00f6lkky Oy:n taloushallinto (<a href=\"mailto:talous@polkky.fi\">talous@polkky.fi<\/a>).<\/p>\n<\/div>\n<\/div>\n<\/div>\n","protected":false},"excerpt":{"rendered":"<p>S\u00e4hk\u00f6iset verkkolaskut P\u00f6lkky Oy vastaanottaa\u00a0laskuja ensisijaisesti s\u00e4hk\u00f6isess\u00e4 muodossa. S\u00e4hk\u00f6inen laskutus tuo kustannuss\u00e4\u00e4st\u00f6j\u00e4 sek\u00e4 laskuttajalle ett\u00e4 vastaanottajalle. Sen ansiosta laskut k\u00e4sitell\u00e4\u00e4n nopeammin, arkistoiminen helpottuu ja paperisten laskujen aiheuttama ymp\u00e4rist\u00f6n kuormitus v\u00e4henee. P\u00f6lkky Oy laskutusosoite P\u00f6lkky Oy (0186388-7) Verkkolaskuosoite: 003701863887 Operaattori: Netbox Finland Oy \/ 003726044706 S\u00e4hk\u00f6postilaskut: escan.polkky@netscan.fi Sa\u0308hko\u0308postilaskuosoite tukee vain pdf-muotoisia tiedostoja. Lasku ja mahdolliset liitteet [&hellip;]<\/p>\n","protected":false},"author":2,"featured_media":0,"parent":0,"menu_order":0,"comment_status":"closed","ping_status":"closed","template":"","meta":{"inline_featured_image":false},"acf":[],"yoast_head":"<!-- This site is optimized with the Yoast SEO plugin v20.6 - https:\/\/yoast.com\/wordpress\/plugins\/seo\/ -->\n<title>Laskutustiedot - Po\u0308lkky<\/title>\n<meta name=\"description\" content=\"P\u00f6lkky Oy:n laskutustiedot \u2013 s\u00e4hk\u00f6iset verkkolaskut. P\u00f6lkky-yhtym\u00e4n yhti\u00f6t vastaanottavat laskuja ensisijaisesti s\u00e4hk\u00f6isess\u00e4 muodossa.\" \/>\n<meta name=\"robots\" content=\"index, follow, max-snippet:-1, max-image-preview:large, max-video-preview:-1\" \/>\n<link rel=\"canonical\" href=\"https:\/\/polkky.com\/fi\/laskutustiedot\/\" \/>\n<meta property=\"og:locale\" content=\"fi_FI\" \/>\n<meta property=\"og:type\" content=\"article\" \/>\n<meta property=\"og:title\" content=\"Laskutustiedot - Po\u0308lkky\" \/>\n<meta property=\"og:description\" content=\"P\u00f6lkky Oy:n laskutustiedot \u2013 s\u00e4hk\u00f6iset verkkolaskut. P\u00f6lkky-yhtym\u00e4n yhti\u00f6t vastaanottavat laskuja ensisijaisesti s\u00e4hk\u00f6isess\u00e4 muodossa.\" \/>\n<meta property=\"og:url\" content=\"https:\/\/polkky.com\/fi\/laskutustiedot\/\" \/>\n<meta property=\"og:site_name\" content=\"Po\u0308lkky\" \/>\n<meta property=\"article:publisher\" content=\"https:\/\/www.facebook.com\/P%c3%b6lkky-Oy-201264536571431\/\" \/>\n<meta property=\"article:modified_time\" content=\"2025-08-28T12:26:03+00:00\" \/>\n<meta property=\"og:image\" content=\"https:\/\/polkky.com\/wp-content\/uploads\/2019\/02\/polkky-fb-1200x628-001.jpg\" \/>\n\t<meta property=\"og:image:width\" content=\"1200\" \/>\n\t<meta property=\"og:image:height\" content=\"628\" \/>\n\t<meta property=\"og:image:type\" content=\"image\/jpeg\" \/>\n<meta name=\"twitter:card\" content=\"summary_large_image\" \/>\n<meta name=\"twitter:label1\" content=\"Arvioitu lukuaika\" \/>\n\t<meta name=\"twitter:data1\" content=\"1 minuutti\" \/>\n<script type=\"application\/ld+json\" class=\"yoast-schema-graph\">{\"@context\":\"https:\/\/schema.org\",\"@graph\":[{\"@type\":\"WebPage\",\"@id\":\"https:\/\/polkky.com\/fi\/laskutustiedot\/\",\"url\":\"https:\/\/polkky.com\/fi\/laskutustiedot\/\",\"name\":\"Laskutustiedot - Po\u0308lkky\",\"isPartOf\":{\"@id\":\"https:\/\/polkky.com\/#website\"},\"datePublished\":\"2019-09-30T12:20:42+00:00\",\"dateModified\":\"2025-08-28T12:26:03+00:00\",\"description\":\"P\u00f6lkky Oy:n laskutustiedot \u2013 s\u00e4hk\u00f6iset verkkolaskut. P\u00f6lkky-yhtym\u00e4n yhti\u00f6t vastaanottavat laskuja ensisijaisesti s\u00e4hk\u00f6isess\u00e4 muodossa.\",\"breadcrumb\":{\"@id\":\"https:\/\/polkky.com\/fi\/laskutustiedot\/#breadcrumb\"},\"inLanguage\":\"fi\",\"potentialAction\":[{\"@type\":\"ReadAction\",\"target\":[\"https:\/\/polkky.com\/fi\/laskutustiedot\/\"]}]},{\"@type\":\"BreadcrumbList\",\"@id\":\"https:\/\/polkky.com\/fi\/laskutustiedot\/#breadcrumb\",\"itemListElement\":[{\"@type\":\"ListItem\",\"position\":1,\"name\":\"Home\",\"item\":\"https:\/\/polkky.com\/fi\/\"},{\"@type\":\"ListItem\",\"position\":2,\"name\":\"Laskutustiedot\"}]},{\"@type\":\"WebSite\",\"@id\":\"https:\/\/polkky.com\/#website\",\"url\":\"https:\/\/polkky.com\/\",\"name\":\"Po\u0308lkky\",\"description\":\"\",\"publisher\":{\"@id\":\"https:\/\/polkky.com\/#organization\"},\"potentialAction\":[{\"@type\":\"SearchAction\",\"target\":{\"@type\":\"EntryPoint\",\"urlTemplate\":\"https:\/\/polkky.com\/?s={search_term_string}\"},\"query-input\":\"required name=search_term_string\"}],\"inLanguage\":\"fi\"},{\"@type\":\"Organization\",\"@id\":\"https:\/\/polkky.com\/#organization\",\"name\":\"P\u00f6lkky Oy\",\"url\":\"https:\/\/polkky.com\/\",\"logo\":{\"@type\":\"ImageObject\",\"inLanguage\":\"fi\",\"@id\":\"https:\/\/polkky.com\/#\/schema\/logo\/image\/\",\"url\":\"https:\/\/polkky.com\/wp-content\/uploads\/2018\/09\/logo-small.svg\",\"contentUrl\":\"https:\/\/polkky.com\/wp-content\/uploads\/2018\/09\/logo-small.svg\",\"width\":119,\"height\":24,\"caption\":\"P\u00f6lkky Oy\"},\"image\":{\"@id\":\"https:\/\/polkky.com\/#\/schema\/logo\/image\/\"},\"sameAs\":[\"https:\/\/www.facebook.com\/P\u00f6lkky-Oy-201264536571431\/\",\"https:\/\/www.linkedin.com\/company\/polkky\"]}]}<\/script>\n<!-- \/ Yoast SEO plugin. -->","yoast_head_json":{"title":"Laskutustiedot - Po\u0308lkky","description":"P\u00f6lkky Oy:n laskutustiedot \u2013 s\u00e4hk\u00f6iset verkkolaskut. P\u00f6lkky-yhtym\u00e4n yhti\u00f6t vastaanottavat laskuja ensisijaisesti s\u00e4hk\u00f6isess\u00e4 muodossa.","robots":{"index":"index","follow":"follow","max-snippet":"max-snippet:-1","max-image-preview":"max-image-preview:large","max-video-preview":"max-video-preview:-1"},"canonical":"https:\/\/polkky.com\/fi\/laskutustiedot\/","og_locale":"fi_FI","og_type":"article","og_title":"Laskutustiedot - Po\u0308lkky","og_description":"P\u00f6lkky Oy:n laskutustiedot \u2013 s\u00e4hk\u00f6iset verkkolaskut. P\u00f6lkky-yhtym\u00e4n yhti\u00f6t vastaanottavat laskuja ensisijaisesti s\u00e4hk\u00f6isess\u00e4 muodossa.","og_url":"https:\/\/polkky.com\/fi\/laskutustiedot\/","og_site_name":"Po\u0308lkky","article_publisher":"https:\/\/www.facebook.com\/P%c3%b6lkky-Oy-201264536571431\/","article_modified_time":"2025-08-28T12:26:03+00:00","og_image":[{"width":1200,"height":628,"url":"https:\/\/polkky.com\/wp-content\/uploads\/2019\/02\/polkky-fb-1200x628-001.jpg","type":"image\/jpeg"}],"twitter_card":"summary_large_image","twitter_misc":{"Arvioitu lukuaika":"1 minuutti"},"schema":{"@context":"https:\/\/schema.org","@graph":[{"@type":"WebPage","@id":"https:\/\/polkky.com\/fi\/laskutustiedot\/","url":"https:\/\/polkky.com\/fi\/laskutustiedot\/","name":"Laskutustiedot - Po\u0308lkky","isPartOf":{"@id":"https:\/\/polkky.com\/#website"},"datePublished":"2019-09-30T12:20:42+00:00","dateModified":"2025-08-28T12:26:03+00:00","description":"P\u00f6lkky Oy:n laskutustiedot \u2013 s\u00e4hk\u00f6iset verkkolaskut. P\u00f6lkky-yhtym\u00e4n yhti\u00f6t vastaanottavat laskuja ensisijaisesti s\u00e4hk\u00f6isess\u00e4 muodossa.","breadcrumb":{"@id":"https:\/\/polkky.com\/fi\/laskutustiedot\/#breadcrumb"},"inLanguage":"fi","potentialAction":[{"@type":"ReadAction","target":["https:\/\/polkky.com\/fi\/laskutustiedot\/"]}]},{"@type":"BreadcrumbList","@id":"https:\/\/polkky.com\/fi\/laskutustiedot\/#breadcrumb","itemListElement":[{"@type":"ListItem","position":1,"name":"Home","item":"https:\/\/polkky.com\/fi\/"},{"@type":"ListItem","position":2,"name":"Laskutustiedot"}]},{"@type":"WebSite","@id":"https:\/\/polkky.com\/#website","url":"https:\/\/polkky.com\/","name":"Po\u0308lkky","description":"","publisher":{"@id":"https:\/\/polkky.com\/#organization"},"potentialAction":[{"@type":"SearchAction","target":{"@type":"EntryPoint","urlTemplate":"https:\/\/polkky.com\/?s={search_term_string}"},"query-input":"required name=search_term_string"}],"inLanguage":"fi"},{"@type":"Organization","@id":"https:\/\/polkky.com\/#organization","name":"P\u00f6lkky Oy","url":"https:\/\/polkky.com\/","logo":{"@type":"ImageObject","inLanguage":"fi","@id":"https:\/\/polkky.com\/#\/schema\/logo\/image\/","url":"https:\/\/polkky.com\/wp-content\/uploads\/2018\/09\/logo-small.svg","contentUrl":"https:\/\/polkky.com\/wp-content\/uploads\/2018\/09\/logo-small.svg","width":119,"height":24,"caption":"P\u00f6lkky Oy"},"image":{"@id":"https:\/\/polkky.com\/#\/schema\/logo\/image\/"},"sameAs":["https:\/\/www.facebook.com\/P\u00f6lkky-Oy-201264536571431\/","https:\/\/www.linkedin.com\/company\/polkky"]}]}},"_links":{"self":[{"href":"https:\/\/polkky.com\/fi\/wp-json\/wp\/v2\/pages\/2286"}],"collection":[{"href":"https:\/\/polkky.com\/fi\/wp-json\/wp\/v2\/pages"}],"about":[{"href":"https:\/\/polkky.com\/fi\/wp-json\/wp\/v2\/types\/page"}],"author":[{"embeddable":true,"href":"https:\/\/polkky.com\/fi\/wp-json\/wp\/v2\/users\/2"}],"replies":[{"embeddable":true,"href":"https:\/\/polkky.com\/fi\/wp-json\/wp\/v2\/comments?post=2286"}],"version-history":[{"count":0,"href":"https:\/\/polkky.com\/fi\/wp-json\/wp\/v2\/pages\/2286\/revisions"}],"wp:attachment":[{"href":"https:\/\/polkky.com\/fi\/wp-json\/wp\/v2\/media?parent=2286"}],"curies":[{"name":"wp","href":"https:\/\/api.w.org\/{rel}","templated":true}]}}