{"id":2730,"date":"2021-03-29T09:01:56","date_gmt":"2021-03-29T07:01:56","guid":{"rendered":"https:\/\/polkky.com\/?page_id=2730"},"modified":"2022-12-21T15:09:31","modified_gmt":"2022-12-21T13:09:31","slug":"polkyn-arvot","status":"publish","type":"page","link":"https:\/\/polkky.com\/fi\/yritys\/polkyn-arvot\/","title":{"rendered":"P\u00f6lkyn arvot"},"content":{"rendered":"<p>P\u00f6lkky luo hyvinvointia pohjoisen metsist\u00e4. Haluamme olla kannattava, asiakasl\u00e4ht\u00f6inen ja kehittyv\u00e4 &#8211; paras pohjoisen puun jalostaja. Seuraavien vuosien aikana keskitymme siihen, ett\u00e4 voimme tarjota ja kehitt\u00e4\u00e4 laadukkaita tuotteita ja parasta palvelua asiakkaillemme.<\/p>\n<h2>Arvomme<\/h2>\n<p>P\u00f6lkyn missio, visio ja strategia perustuvat P\u00f6lkyn arvoihin. Arvot ohjaavat toimintaamme ja ovat toimintamme ydin. Arvot kuvastavat sit\u00e4, mit\u00e4 me olemme, miten me ty\u00f6skentelemme ja toimimme yhdess\u00e4.<\/p>\n<p><strong>Yritt\u00e4jyys\u00a0<\/strong><\/p>\n<p>Meill\u00e4 on vahva yritt\u00e4misen kulttuuri ja tuemme\u00a0ty\u00f6ntekij\u00f6it\u00e4mme sis\u00e4iseen yritt\u00e4jyyteen. Kehit\u00e4mme liiketoimintaamme, ideoimme ja luomme uutta rohkeasti.<\/p>\n<p><strong>Kumppanuus\u00a0<\/strong><\/p>\n<p>Kumppanuus on yksi t\u00e4rkeimmist\u00e4 strategisista arvoistamme. Luomme uudenlaisia yhteisty\u00f6malleja ja -k\u00e4yt\u00e4nteit\u00e4 sek\u00e4 etsimme uusia tapoja tehd\u00e4\u00a0yhteisty\u00f6t\u00e4. Meill\u00e4 on kumppaneidemme kanssa yhteisi\u00e4\u00a0tavoitteita, ja yhteisty\u00f6mme perustuu luottamukseen. Kumppanuuksissa jaetaan hy\u00f6tyj\u00e4 ja riskej\u00e4,\u00a0luodaan uutta ja kehitet\u00e4\u00e4n prosesseja \u2013\u00a0synnytet\u00e4\u00e4n innovaatioita.<\/p>\n<p><strong>Vastuullisuus<\/strong><\/p>\n<p>Toimintamme on vastuullista kaikilla tasoilla. Olemme liiketaloudellisesti, <a href=\"https:\/\/polkky.com\/fi\/puunhankinta\/kestavaa-metsanhoitoa\/\">ekologisesti<\/a> sek\u00e4 sosiaalisesti ja kulttuurisesti kest\u00e4v\u00e4\u00a0toimija. Haluamme varmistaa toiminnan jatkuvuuden my\u00f6s tuleville sukupolville noudattamalla kannattavan ja kest\u00e4v\u00e4n liiketoiminnan periaatteita.<\/p>\n<h2>Arvomme tukevat jatkuvuutta<\/h2>\n<p>Tuemme t\u00e4t\u00e4 strategiaa panostamalla asiakasl\u00e4ht\u00f6iseen liiketoimintaan, ihmisiin ja teknologiaan. Teemme kannattavaa liiketoimintaa <a href=\"https:\/\/polkky.com\/fi\/yritys\/laatu-ja-ymparistoperiaatteet\/\">laatu- ja ymp\u00e4rist\u00f6periaatteet<\/a> sek\u00e4 sidosryhmiemme ja henkil\u00f6st\u00f6mme tarpeet huomioon ottaen. Viesti\u00e4mme vie eteenp\u00e4in br\u00e4ndilupauksemme Roots for Quality Living, suomeksi El\u00e4m\u00e4nlaadulla on juuret.<\/p>\n","protected":false},"excerpt":{"rendered":"<p>P\u00f6lkky luo hyvinvointia pohjoisen metsist\u00e4. Haluamme olla kannattava, asiakasl\u00e4ht\u00f6inen ja kehittyv\u00e4 &#8211; paras pohjoisen puun jalostaja. Seuraavien vuosien aikana keskitymme siihen, ett\u00e4 voimme tarjota ja kehitt\u00e4\u00e4 laadukkaita tuotteita ja parasta palvelua asiakkaillemme. Arvomme P\u00f6lkyn missio, visio ja strategia perustuvat P\u00f6lkyn arvoihin. Arvot ohjaavat toimintaamme ja ovat toimintamme ydin. Arvot kuvastavat sit\u00e4, mit\u00e4 me olemme, miten [&hellip;]<\/p>\n","protected":false},"author":21,"featured_media":0,"parent":462,"menu_order":0,"comment_status":"closed","ping_status":"closed","template":"","meta":{"inline_featured_image":false},"acf":[],"yoast_head":"<!-- This site is optimized with the Yoast SEO plugin v20.6 - https:\/\/yoast.com\/wordpress\/plugins\/seo\/ -->\n<title>P\u00f6lkyn arvot - Po\u0308lkky<\/title>\n<meta name=\"description\" content=\"P\u00f6lkky luo hyvinvointia pohjoisen metsist\u00e4. Toimintamme perustuu yritt\u00e4jyyteen, kumppanuuteen ja vastuullisuuteen.\" \/>\n<meta name=\"robots\" content=\"index, follow, max-snippet:-1, max-image-preview:large, max-video-preview:-1\" \/>\n<link rel=\"canonical\" href=\"https:\/\/polkky.com\/fi\/yritys\/polkyn-arvot\/\" \/>\n<meta property=\"og:locale\" content=\"fi_FI\" \/>\n<meta property=\"og:type\" content=\"article\" \/>\n<meta property=\"og:title\" content=\"P\u00f6lkyn arvot - Po\u0308lkky\" \/>\n<meta property=\"og:description\" content=\"P\u00f6lkky luo hyvinvointia pohjoisen metsist\u00e4. Toimintamme perustuu yritt\u00e4jyyteen, kumppanuuteen ja vastuullisuuteen.\" \/>\n<meta property=\"og:url\" content=\"https:\/\/polkky.com\/fi\/yritys\/polkyn-arvot\/\" \/>\n<meta property=\"og:site_name\" content=\"Po\u0308lkky\" \/>\n<meta property=\"article:publisher\" content=\"https:\/\/www.facebook.com\/P%c3%b6lkky-Oy-201264536571431\/\" \/>\n<meta property=\"article:modified_time\" content=\"2022-12-21T13:09:31+00:00\" \/>\n<meta property=\"og:image\" content=\"https:\/\/polkky.com\/wp-content\/uploads\/2019\/02\/polkky-fb-1200x628-001.jpg\" \/>\n\t<meta property=\"og:image:width\" content=\"1200\" \/>\n\t<meta property=\"og:image:height\" content=\"628\" \/>\n\t<meta property=\"og:image:type\" content=\"image\/jpeg\" \/>\n<meta name=\"twitter:card\" content=\"summary_large_image\" \/>\n<meta name=\"twitter:label1\" content=\"Arvioitu lukuaika\" \/>\n\t<meta name=\"twitter:data1\" content=\"1 minuutti\" \/>\n<script type=\"application\/ld+json\" class=\"yoast-schema-graph\">{\"@context\":\"https:\/\/schema.org\",\"@graph\":[{\"@type\":\"WebPage\",\"@id\":\"https:\/\/polkky.com\/fi\/yritys\/polkyn-arvot\/\",\"url\":\"https:\/\/polkky.com\/fi\/yritys\/polkyn-arvot\/\",\"name\":\"P\u00f6lkyn arvot - Po\u0308lkky\",\"isPartOf\":{\"@id\":\"https:\/\/polkky.com\/#website\"},\"datePublished\":\"2021-03-29T07:01:56+00:00\",\"dateModified\":\"2022-12-21T13:09:31+00:00\",\"description\":\"P\u00f6lkky luo hyvinvointia pohjoisen metsist\u00e4. Toimintamme perustuu yritt\u00e4jyyteen, kumppanuuteen ja vastuullisuuteen.\",\"breadcrumb\":{\"@id\":\"https:\/\/polkky.com\/fi\/yritys\/polkyn-arvot\/#breadcrumb\"},\"inLanguage\":\"fi\",\"potentialAction\":[{\"@type\":\"ReadAction\",\"target\":[\"https:\/\/polkky.com\/fi\/yritys\/polkyn-arvot\/\"]}]},{\"@type\":\"BreadcrumbList\",\"@id\":\"https:\/\/polkky.com\/fi\/yritys\/polkyn-arvot\/#breadcrumb\",\"itemListElement\":[{\"@type\":\"ListItem\",\"position\":1,\"name\":\"Home\",\"item\":\"https:\/\/polkky.com\/fi\/\"},{\"@type\":\"ListItem\",\"position\":2,\"name\":\"Yritys\",\"item\":\"https:\/\/polkky.com\/fi\/yritys\/\"},{\"@type\":\"ListItem\",\"position\":3,\"name\":\"P\u00f6lkyn arvot\"}]},{\"@type\":\"WebSite\",\"@id\":\"https:\/\/polkky.com\/#website\",\"url\":\"https:\/\/polkky.com\/\",\"name\":\"Po\u0308lkky\",\"description\":\"\",\"publisher\":{\"@id\":\"https:\/\/polkky.com\/#organization\"},\"potentialAction\":[{\"@type\":\"SearchAction\",\"target\":{\"@type\":\"EntryPoint\",\"urlTemplate\":\"https:\/\/polkky.com\/?s={search_term_string}\"},\"query-input\":\"required name=search_term_string\"}],\"inLanguage\":\"fi\"},{\"@type\":\"Organization\",\"@id\":\"https:\/\/polkky.com\/#organization\",\"name\":\"P\u00f6lkky Oy\",\"url\":\"https:\/\/polkky.com\/\",\"logo\":{\"@type\":\"ImageObject\",\"inLanguage\":\"fi\",\"@id\":\"https:\/\/polkky.com\/#\/schema\/logo\/image\/\",\"url\":\"https:\/\/polkky.com\/wp-content\/uploads\/2018\/09\/logo-small.svg\",\"contentUrl\":\"https:\/\/polkky.com\/wp-content\/uploads\/2018\/09\/logo-small.svg\",\"width\":119,\"height\":24,\"caption\":\"P\u00f6lkky Oy\"},\"image\":{\"@id\":\"https:\/\/polkky.com\/#\/schema\/logo\/image\/\"},\"sameAs\":[\"https:\/\/www.facebook.com\/P\u00f6lkky-Oy-201264536571431\/\",\"https:\/\/www.linkedin.com\/company\/polkky\"]}]}<\/script>\n<!-- \/ Yoast SEO plugin. -->","yoast_head_json":{"title":"P\u00f6lkyn arvot - Po\u0308lkky","description":"P\u00f6lkky luo hyvinvointia pohjoisen metsist\u00e4. Toimintamme perustuu yritt\u00e4jyyteen, kumppanuuteen ja vastuullisuuteen.","robots":{"index":"index","follow":"follow","max-snippet":"max-snippet:-1","max-image-preview":"max-image-preview:large","max-video-preview":"max-video-preview:-1"},"canonical":"https:\/\/polkky.com\/fi\/yritys\/polkyn-arvot\/","og_locale":"fi_FI","og_type":"article","og_title":"P\u00f6lkyn arvot - Po\u0308lkky","og_description":"P\u00f6lkky luo hyvinvointia pohjoisen metsist\u00e4. Toimintamme perustuu yritt\u00e4jyyteen, kumppanuuteen ja vastuullisuuteen.","og_url":"https:\/\/polkky.com\/fi\/yritys\/polkyn-arvot\/","og_site_name":"Po\u0308lkky","article_publisher":"https:\/\/www.facebook.com\/P%c3%b6lkky-Oy-201264536571431\/","article_modified_time":"2022-12-21T13:09:31+00:00","og_image":[{"width":1200,"height":628,"url":"https:\/\/polkky.com\/wp-content\/uploads\/2019\/02\/polkky-fb-1200x628-001.jpg","type":"image\/jpeg"}],"twitter_card":"summary_large_image","twitter_misc":{"Arvioitu lukuaika":"1 minuutti"},"schema":{"@context":"https:\/\/schema.org","@graph":[{"@type":"WebPage","@id":"https:\/\/polkky.com\/fi\/yritys\/polkyn-arvot\/","url":"https:\/\/polkky.com\/fi\/yritys\/polkyn-arvot\/","name":"P\u00f6lkyn arvot - Po\u0308lkky","isPartOf":{"@id":"https:\/\/polkky.com\/#website"},"datePublished":"2021-03-29T07:01:56+00:00","dateModified":"2022-12-21T13:09:31+00:00","description":"P\u00f6lkky luo hyvinvointia pohjoisen metsist\u00e4. Toimintamme perustuu yritt\u00e4jyyteen, kumppanuuteen ja vastuullisuuteen.","breadcrumb":{"@id":"https:\/\/polkky.com\/fi\/yritys\/polkyn-arvot\/#breadcrumb"},"inLanguage":"fi","potentialAction":[{"@type":"ReadAction","target":["https:\/\/polkky.com\/fi\/yritys\/polkyn-arvot\/"]}]},{"@type":"BreadcrumbList","@id":"https:\/\/polkky.com\/fi\/yritys\/polkyn-arvot\/#breadcrumb","itemListElement":[{"@type":"ListItem","position":1,"name":"Home","item":"https:\/\/polkky.com\/fi\/"},{"@type":"ListItem","position":2,"name":"Yritys","item":"https:\/\/polkky.com\/fi\/yritys\/"},{"@type":"ListItem","position":3,"name":"P\u00f6lkyn arvot"}]},{"@type":"WebSite","@id":"https:\/\/polkky.com\/#website","url":"https:\/\/polkky.com\/","name":"Po\u0308lkky","description":"","publisher":{"@id":"https:\/\/polkky.com\/#organization"},"potentialAction":[{"@type":"SearchAction","target":{"@type":"EntryPoint","urlTemplate":"https:\/\/polkky.com\/?s={search_term_string}"},"query-input":"required name=search_term_string"}],"inLanguage":"fi"},{"@type":"Organization","@id":"https:\/\/polkky.com\/#organization","name":"P\u00f6lkky Oy","url":"https:\/\/polkky.com\/","logo":{"@type":"ImageObject","inLanguage":"fi","@id":"https:\/\/polkky.com\/#\/schema\/logo\/image\/","url":"https:\/\/polkky.com\/wp-content\/uploads\/2018\/09\/logo-small.svg","contentUrl":"https:\/\/polkky.com\/wp-content\/uploads\/2018\/09\/logo-small.svg","width":119,"height":24,"caption":"P\u00f6lkky Oy"},"image":{"@id":"https:\/\/polkky.com\/#\/schema\/logo\/image\/"},"sameAs":["https:\/\/www.facebook.com\/P\u00f6lkky-Oy-201264536571431\/","https:\/\/www.linkedin.com\/company\/polkky"]}]}},"_links":{"self":[{"href":"https:\/\/polkky.com\/fi\/wp-json\/wp\/v2\/pages\/2730"}],"collection":[{"href":"https:\/\/polkky.com\/fi\/wp-json\/wp\/v2\/pages"}],"about":[{"href":"https:\/\/polkky.com\/fi\/wp-json\/wp\/v2\/types\/page"}],"author":[{"embeddable":true,"href":"https:\/\/polkky.com\/fi\/wp-json\/wp\/v2\/users\/21"}],"replies":[{"embeddable":true,"href":"https:\/\/polkky.com\/fi\/wp-json\/wp\/v2\/comments?post=2730"}],"version-history":[{"count":0,"href":"https:\/\/polkky.com\/fi\/wp-json\/wp\/v2\/pages\/2730\/revisions"}],"up":[{"embeddable":true,"href":"https:\/\/polkky.com\/fi\/wp-json\/wp\/v2\/pages\/462"}],"wp:attachment":[{"href":"https:\/\/polkky.com\/fi\/wp-json\/wp\/v2\/media?parent=2730"}],"curies":[{"name":"wp","href":"https:\/\/api.w.org\/{rel}","templated":true}]}}