{"id":2740,"date":"2021-04-20T14:17:19","date_gmt":"2021-04-20T12:17:19","guid":{"rendered":"https:\/\/polkky.com\/?page_id=2740"},"modified":"2021-04-29T14:49:35","modified_gmt":"2021-04-29T12:49:35","slug":"sertifikaatit","status":"publish","type":"page","link":"https:\/\/polkky.com\/fi\/sertifikaatit\/","title":{"rendered":"Sertifikaatit"},"content":{"rendered":"<p>El\u00e4m\u00e4nlaatu, pohjoinen luonto ja kest\u00e4v\u00e4 puukauppa ovat kaikki P\u00f6lkyn avainarvoja. Siksi tuotteiden valmistus ja tekem\u00e4mme laadunvalvonta on sertifioitua aina puunhankinnasta lopputuotteen toimitukseen asti.<\/p>\n","protected":false},"excerpt":{"rendered":"<p>El\u00e4m\u00e4nlaatu, pohjoinen luonto ja kest\u00e4v\u00e4 puukauppa ovat kaikki P\u00f6lkyn avainarvoja. Siksi tuotteiden valmistus ja tekem\u00e4mme laadunvalvonta on sertifioitua aina puunhankinnasta lopputuotteen toimitukseen asti.<\/p>\n","protected":false},"author":15,"featured_media":0,"parent":0,"menu_order":0,"comment_status":"closed","ping_status":"closed","template":"pages\/template-certificates.php","meta":{"inline_featured_image":false},"acf":[],"yoast_head":"<!-- This site is optimized with the Yoast SEO plugin v20.6 - https:\/\/yoast.com\/wordpress\/plugins\/seo\/ -->\n<title>Sertifikaatit - Po\u0308lkky<\/title>\n<meta name=\"description\" content=\"Tutustu ja lataa P\u00f6lkyn puunhankinnan sek\u00e4 myynnin ja tuotannon sertifikaatit, tuotteiden suoritustasoilmoitukset ja ymp\u00e4rist\u00f6seloste.\" \/>\n<meta name=\"robots\" content=\"index, follow, max-snippet:-1, max-image-preview:large, max-video-preview:-1\" \/>\n<link rel=\"canonical\" href=\"https:\/\/polkky.com\/fi\/sertifikaatit\/\" \/>\n<meta property=\"og:locale\" content=\"fi_FI\" \/>\n<meta property=\"og:type\" content=\"article\" \/>\n<meta property=\"og:title\" content=\"Sertifikaatit - Po\u0308lkky\" \/>\n<meta property=\"og:description\" content=\"Tutustu ja lataa P\u00f6lkyn puunhankinnan sek\u00e4 myynnin ja tuotannon sertifikaatit, tuotteiden suoritustasoilmoitukset ja ymp\u00e4rist\u00f6seloste.\" \/>\n<meta property=\"og:url\" content=\"https:\/\/polkky.com\/fi\/sertifikaatit\/\" \/>\n<meta property=\"og:site_name\" content=\"Po\u0308lkky\" \/>\n<meta property=\"article:publisher\" content=\"https:\/\/www.facebook.com\/P%c3%b6lkky-Oy-201264536571431\/\" \/>\n<meta property=\"article:modified_time\" content=\"2021-04-29T12:49:35+00:00\" \/>\n<meta property=\"og:image\" content=\"https:\/\/polkky.com\/wp-content\/uploads\/2019\/02\/polkky-fb-1200x628-001.jpg\" \/>\n\t<meta property=\"og:image:width\" content=\"1200\" \/>\n\t<meta property=\"og:image:height\" content=\"628\" \/>\n\t<meta property=\"og:image:type\" content=\"image\/jpeg\" \/>\n<meta name=\"twitter:card\" content=\"summary_large_image\" \/>\n<meta name=\"twitter:label1\" content=\"Arvioitu lukuaika\" \/>\n\t<meta name=\"twitter:data1\" content=\"1 minuutti\" \/>\n<script type=\"application\/ld+json\" class=\"yoast-schema-graph\">{\"@context\":\"https:\/\/schema.org\",\"@graph\":[{\"@type\":\"WebPage\",\"@id\":\"https:\/\/polkky.com\/fi\/sertifikaatit\/\",\"url\":\"https:\/\/polkky.com\/fi\/sertifikaatit\/\",\"name\":\"Sertifikaatit - Po\u0308lkky\",\"isPartOf\":{\"@id\":\"https:\/\/polkky.com\/#website\"},\"datePublished\":\"2021-04-20T12:17:19+00:00\",\"dateModified\":\"2021-04-29T12:49:35+00:00\",\"description\":\"Tutustu ja lataa P\u00f6lkyn puunhankinnan sek\u00e4 myynnin ja tuotannon sertifikaatit, tuotteiden suoritustasoilmoitukset ja ymp\u00e4rist\u00f6seloste.\",\"breadcrumb\":{\"@id\":\"https:\/\/polkky.com\/fi\/sertifikaatit\/#breadcrumb\"},\"inLanguage\":\"fi\",\"potentialAction\":[{\"@type\":\"ReadAction\",\"target\":[\"https:\/\/polkky.com\/fi\/sertifikaatit\/\"]}]},{\"@type\":\"BreadcrumbList\",\"@id\":\"https:\/\/polkky.com\/fi\/sertifikaatit\/#breadcrumb\",\"itemListElement\":[{\"@type\":\"ListItem\",\"position\":1,\"name\":\"Home\",\"item\":\"https:\/\/polkky.com\/fi\/\"},{\"@type\":\"ListItem\",\"position\":2,\"name\":\"Sertifikaatit\"}]},{\"@type\":\"WebSite\",\"@id\":\"https:\/\/polkky.com\/#website\",\"url\":\"https:\/\/polkky.com\/\",\"name\":\"Po\u0308lkky\",\"description\":\"\",\"publisher\":{\"@id\":\"https:\/\/polkky.com\/#organization\"},\"potentialAction\":[{\"@type\":\"SearchAction\",\"target\":{\"@type\":\"EntryPoint\",\"urlTemplate\":\"https:\/\/polkky.com\/?s={search_term_string}\"},\"query-input\":\"required name=search_term_string\"}],\"inLanguage\":\"fi\"},{\"@type\":\"Organization\",\"@id\":\"https:\/\/polkky.com\/#organization\",\"name\":\"P\u00f6lkky Oy\",\"url\":\"https:\/\/polkky.com\/\",\"logo\":{\"@type\":\"ImageObject\",\"inLanguage\":\"fi\",\"@id\":\"https:\/\/polkky.com\/#\/schema\/logo\/image\/\",\"url\":\"https:\/\/polkky.com\/wp-content\/uploads\/2018\/09\/logo-small.svg\",\"contentUrl\":\"https:\/\/polkky.com\/wp-content\/uploads\/2018\/09\/logo-small.svg\",\"width\":119,\"height\":24,\"caption\":\"P\u00f6lkky Oy\"},\"image\":{\"@id\":\"https:\/\/polkky.com\/#\/schema\/logo\/image\/\"},\"sameAs\":[\"https:\/\/www.facebook.com\/P\u00f6lkky-Oy-201264536571431\/\",\"https:\/\/www.linkedin.com\/company\/polkky\"]}]}<\/script>\n<!-- \/ Yoast SEO plugin. -->","yoast_head_json":{"title":"Sertifikaatit - Po\u0308lkky","description":"Tutustu ja lataa P\u00f6lkyn puunhankinnan sek\u00e4 myynnin ja tuotannon sertifikaatit, tuotteiden suoritustasoilmoitukset ja ymp\u00e4rist\u00f6seloste.","robots":{"index":"index","follow":"follow","max-snippet":"max-snippet:-1","max-image-preview":"max-image-preview:large","max-video-preview":"max-video-preview:-1"},"canonical":"https:\/\/polkky.com\/fi\/sertifikaatit\/","og_locale":"fi_FI","og_type":"article","og_title":"Sertifikaatit - Po\u0308lkky","og_description":"Tutustu ja lataa P\u00f6lkyn puunhankinnan sek\u00e4 myynnin ja tuotannon sertifikaatit, tuotteiden suoritustasoilmoitukset ja ymp\u00e4rist\u00f6seloste.","og_url":"https:\/\/polkky.com\/fi\/sertifikaatit\/","og_site_name":"Po\u0308lkky","article_publisher":"https:\/\/www.facebook.com\/P%c3%b6lkky-Oy-201264536571431\/","article_modified_time":"2021-04-29T12:49:35+00:00","og_image":[{"width":1200,"height":628,"url":"https:\/\/polkky.com\/wp-content\/uploads\/2019\/02\/polkky-fb-1200x628-001.jpg","type":"image\/jpeg"}],"twitter_card":"summary_large_image","twitter_misc":{"Arvioitu lukuaika":"1 minuutti"},"schema":{"@context":"https:\/\/schema.org","@graph":[{"@type":"WebPage","@id":"https:\/\/polkky.com\/fi\/sertifikaatit\/","url":"https:\/\/polkky.com\/fi\/sertifikaatit\/","name":"Sertifikaatit - Po\u0308lkky","isPartOf":{"@id":"https:\/\/polkky.com\/#website"},"datePublished":"2021-04-20T12:17:19+00:00","dateModified":"2021-04-29T12:49:35+00:00","description":"Tutustu ja lataa P\u00f6lkyn puunhankinnan sek\u00e4 myynnin ja tuotannon sertifikaatit, tuotteiden suoritustasoilmoitukset ja ymp\u00e4rist\u00f6seloste.","breadcrumb":{"@id":"https:\/\/polkky.com\/fi\/sertifikaatit\/#breadcrumb"},"inLanguage":"fi","potentialAction":[{"@type":"ReadAction","target":["https:\/\/polkky.com\/fi\/sertifikaatit\/"]}]},{"@type":"BreadcrumbList","@id":"https:\/\/polkky.com\/fi\/sertifikaatit\/#breadcrumb","itemListElement":[{"@type":"ListItem","position":1,"name":"Home","item":"https:\/\/polkky.com\/fi\/"},{"@type":"ListItem","position":2,"name":"Sertifikaatit"}]},{"@type":"WebSite","@id":"https:\/\/polkky.com\/#website","url":"https:\/\/polkky.com\/","name":"Po\u0308lkky","description":"","publisher":{"@id":"https:\/\/polkky.com\/#organization"},"potentialAction":[{"@type":"SearchAction","target":{"@type":"EntryPoint","urlTemplate":"https:\/\/polkky.com\/?s={search_term_string}"},"query-input":"required name=search_term_string"}],"inLanguage":"fi"},{"@type":"Organization","@id":"https:\/\/polkky.com\/#organization","name":"P\u00f6lkky Oy","url":"https:\/\/polkky.com\/","logo":{"@type":"ImageObject","inLanguage":"fi","@id":"https:\/\/polkky.com\/#\/schema\/logo\/image\/","url":"https:\/\/polkky.com\/wp-content\/uploads\/2018\/09\/logo-small.svg","contentUrl":"https:\/\/polkky.com\/wp-content\/uploads\/2018\/09\/logo-small.svg","width":119,"height":24,"caption":"P\u00f6lkky Oy"},"image":{"@id":"https:\/\/polkky.com\/#\/schema\/logo\/image\/"},"sameAs":["https:\/\/www.facebook.com\/P\u00f6lkky-Oy-201264536571431\/","https:\/\/www.linkedin.com\/company\/polkky"]}]}},"_links":{"self":[{"href":"https:\/\/polkky.com\/fi\/wp-json\/wp\/v2\/pages\/2740"}],"collection":[{"href":"https:\/\/polkky.com\/fi\/wp-json\/wp\/v2\/pages"}],"about":[{"href":"https:\/\/polkky.com\/fi\/wp-json\/wp\/v2\/types\/page"}],"author":[{"embeddable":true,"href":"https:\/\/polkky.com\/fi\/wp-json\/wp\/v2\/users\/15"}],"replies":[{"embeddable":true,"href":"https:\/\/polkky.com\/fi\/wp-json\/wp\/v2\/comments?post=2740"}],"version-history":[{"count":0,"href":"https:\/\/polkky.com\/fi\/wp-json\/wp\/v2\/pages\/2740\/revisions"}],"wp:attachment":[{"href":"https:\/\/polkky.com\/fi\/wp-json\/wp\/v2\/media?parent=2740"}],"curies":[{"name":"wp","href":"https:\/\/api.w.org\/{rel}","templated":true}]}}