{"id":2999,"date":"2021-05-27T12:42:16","date_gmt":"2021-05-27T10:42:16","guid":{"rendered":"https:\/\/polkky.com\/?page_id=2999"},"modified":"2025-11-10T13:15:53","modified_gmt":"2025-11-10T11:15:53","slug":"laatu-ja-ymparistoperiaatteet","status":"publish","type":"page","link":"https:\/\/polkky.com\/fi\/yritys\/laatu-ja-ymparistoperiaatteet\/","title":{"rendered":"Vastuullisuus"},"content":{"rendered":"<p><span data-teams=\"true\">P\u00f6lkky on osa Pfeifer Groupia, jonka vastuullisuusstrategia ohjaa koko konsernin toimintaa. P\u00f6lkky sitoutuu yhteisiin tavoitteisiin ja vastuullisiin k\u00e4yt\u00e4nt\u00f6ihin, jotka edist\u00e4v\u00e4t kest\u00e4v\u00e4\u00e4 liiketoimintaa, ymp\u00e4rist\u00f6n hyvinvointia ja sosiaalista vastuullisuutta.<br \/>\n<\/span><br \/>\nKonsernissamme ekologinen vastuu on olennainen osa liiketoimintaamme. Suunnitelmallinen ja luonnon monimuotoisuuden huomioonottava puunhankintamme edist\u00e4\u00e4 ekologisesti, taloudellisesti, sosiaalisesti sek\u00e4 kulttuurisesti kest\u00e4v\u00e4\u00e4 mets\u00e4taloutta toiminta-alueellamme.<\/p>\n<p>Parantamalla resurssitehokkuutta ja v\u00e4hent\u00e4m\u00e4ll\u00e4 CO\u2082-p\u00e4\u00e4st\u00f6j\u00e4 tuemme kest\u00e4v\u00e4\u00e4 arvonluontia. Perheyrityksen\u00e4 tavoitteenamme on olla houkutteleva ty\u00f6nantaja osaaville ammattilaisille sek\u00e4 luotettava yhteisty\u00f6kumppani alalla.<\/p>\n<p><img loading=\"lazy\" class=\"wp-image-5679 aligncenter\" src=\"https:\/\/polkky.com\/wp-content\/uploads\/2025\/10\/Pfeifer_Finland_Walf_Winter_blue_hue-300x200.jpg\" alt=\"\" width=\"737\" height=\"492\" srcset=\"https:\/\/polkky.com\/wp-content\/uploads\/2025\/10\/Pfeifer_Finland_Walf_Winter_blue_hue-300x200.jpg 300w, https:\/\/polkky.com\/wp-content\/uploads\/2025\/10\/Pfeifer_Finland_Walf_Winter_blue_hue-1024x682.jpg 1024w, https:\/\/polkky.com\/wp-content\/uploads\/2025\/10\/Pfeifer_Finland_Walf_Winter_blue_hue-768x512.jpg 768w, https:\/\/polkky.com\/wp-content\/uploads\/2025\/10\/Pfeifer_Finland_Walf_Winter_blue_hue-1536x1023.jpg 1536w, https:\/\/polkky.com\/wp-content\/uploads\/2025\/10\/Pfeifer_Finland_Walf_Winter_blue_hue.jpg 1920w\" sizes=\"(max-width: 737px) 100vw, 737px\" \/><\/p>\n<h2><strong>Kest\u00e4v\u00e4 kehitys tarkoittaa meille<\/strong><\/h2>\n<p><strong>Ilmastolle yst\u00e4v\u00e4llinen arvonluonti<\/strong><br \/>\nKeskitymme kest\u00e4v\u00e4\u00e4n mets\u00e4talouteen, joka huomioi luonnon monimuotoisuuden, ja resurssitehokkaaseen tuotantoon p\u00e4\u00e4st\u00f6jen v\u00e4hent\u00e4miseksi. K\u00e4ytt\u00e4m\u00e4ll\u00e4 nykyaikaisia teknologioita ja optimoimalla tuotantoprosessejamme tuemme yhteist\u00e4 p\u00e4\u00e4m\u00e4\u00e4r\u00e4\u00e4mme.<\/p>\n<p><strong>Kiertotalous<\/strong><br \/>\nEdist\u00e4mme materiaalien uudelleenk\u00e4ytt\u00f6\u00e4 ja huolehdimme j\u00e4tteiden kierr\u00e4tyksest\u00e4 s\u00e4\u00e4st\u00e4\u00e4ksemme luonnonvaroja ja minimoidaksemme j\u00e4tteen m\u00e4\u00e4r\u00e4n.<\/p>\n<p><strong>Arvojemme kehitt\u00e4minen<\/strong><br \/>\nOlemme sitoutuneet vastuullisuuteen, tehden tiivist\u00e4 yhteisty\u00f6t\u00e4 ty\u00f6ntekij\u00f6idemme, asiakkaidemme ja kumppaneidemme kanssa. Yhdess\u00e4 rakennamme tulevaisuuteen suuntautunutta ja vastuullisille arvoille pohjautuvaa liiketoimintaa.<\/p>\n\n\t\t<style type=\"text\/css\">\n\t\t\t#gallery-1 {\n\t\t\t\tmargin: auto;\n\t\t\t}\n\t\t\t#gallery-1 .gallery-item {\n\t\t\t\tfloat: left;\n\t\t\t\tmargin-top: 10px;\n\t\t\t\ttext-align: center;\n\t\t\t\twidth: 100%;\n\t\t\t}\n\t\t\t#gallery-1 img {\n\t\t\t\tborder: 2px solid #cfcfcf;\n\t\t\t}\n\t\t\t#gallery-1 .gallery-caption {\n\t\t\t\tmargin-left: 0;\n\t\t\t}\n\t\t\t\/* see gallery_shortcode() in wp-includes\/media.php *\/\n\t\t<\/style>\n\t\t<div id='gallery-1' class='gallery galleryid-2999 gallery-columns-1 gallery-size-full'><dl class='gallery-item'>\n\t\t\t<dt class='gallery-icon landscape'>\n\t\t\t\t<a href='https:\/\/polkky.com\/fi\/yritys\/laatu-ja-ymparistoperiaatteet\/attachment\/sustainability-1\/'><img width=\"3606\" height=\"2014\" src=\"https:\/\/polkky.com\/wp-content\/uploads\/2025\/10\/sustainability-1.png\" class=\"attachment-full size-full\" alt=\"\" loading=\"lazy\" srcset=\"https:\/\/polkky.com\/wp-content\/uploads\/2025\/10\/sustainability-1.png 3606w, https:\/\/polkky.com\/wp-content\/uploads\/2025\/10\/sustainability-1-300x168.png 300w, https:\/\/polkky.com\/wp-content\/uploads\/2025\/10\/sustainability-1-1024x572.png 1024w, https:\/\/polkky.com\/wp-content\/uploads\/2025\/10\/sustainability-1-768x429.png 768w, https:\/\/polkky.com\/wp-content\/uploads\/2025\/10\/sustainability-1-1536x858.png 1536w, https:\/\/polkky.com\/wp-content\/uploads\/2025\/10\/sustainability-1-2048x1144.png 2048w\" sizes=\"(max-width: 3606px) 100vw, 3606px\" \/><\/a>\n\t\t\t<\/dt><\/dl><br style=\"clear: both\" \/>\n\t\t<\/div>\n\n","protected":false},"excerpt":{"rendered":"<p>P\u00f6lkky on osa Pfeifer Groupia, jonka vastuullisuusstrategia ohjaa koko konsernin toimintaa. P\u00f6lkky sitoutuu yhteisiin tavoitteisiin ja vastuullisiin k\u00e4yt\u00e4nt\u00f6ihin, jotka edist\u00e4v\u00e4t kest\u00e4v\u00e4\u00e4 liiketoimintaa, ymp\u00e4rist\u00f6n hyvinvointia ja sosiaalista vastuullisuutta. Konsernissamme ekologinen vastuu on olennainen osa liiketoimintaamme. Suunnitelmallinen ja luonnon monimuotoisuuden huomioonottava puunhankintamme edist\u00e4\u00e4 ekologisesti, taloudellisesti, sosiaalisesti sek\u00e4 kulttuurisesti kest\u00e4v\u00e4\u00e4 mets\u00e4taloutta toiminta-alueellamme. Parantamalla resurssitehokkuutta ja v\u00e4hent\u00e4m\u00e4ll\u00e4 CO\u2082-p\u00e4\u00e4st\u00f6j\u00e4 tuemme [&hellip;]<\/p>\n","protected":false},"author":1,"featured_media":0,"parent":462,"menu_order":0,"comment_status":"closed","ping_status":"closed","template":"","meta":{"inline_featured_image":false},"acf":[],"yoast_head":"<!-- This site is optimized with the Yoast SEO plugin v20.6 - https:\/\/yoast.com\/wordpress\/plugins\/seo\/ -->\n<title>Vastuullisuus - Po\u0308lkky<\/title>\n<meta name=\"description\" content=\"P\u00f6lkyn laatu- ja ymp\u00e4rist\u00f6periaatteet seuraavat, mittaavat ja kehitt\u00e4v\u00e4t yrityksen toiminnan laatua ja ymp\u00e4rist\u00f6vaikutuksia.\" \/>\n<meta name=\"robots\" content=\"index, follow, max-snippet:-1, max-image-preview:large, max-video-preview:-1\" \/>\n<link rel=\"canonical\" href=\"https:\/\/polkky.com\/fi\/yritys\/laatu-ja-ymparistoperiaatteet\/\" \/>\n<meta property=\"og:locale\" content=\"fi_FI\" \/>\n<meta property=\"og:type\" content=\"article\" \/>\n<meta property=\"og:title\" content=\"Vastuullisuus - Po\u0308lkky\" \/>\n<meta property=\"og:description\" content=\"P\u00f6lkyn laatu- ja ymp\u00e4rist\u00f6periaatteet seuraavat, mittaavat ja kehitt\u00e4v\u00e4t yrityksen toiminnan laatua ja ymp\u00e4rist\u00f6vaikutuksia.\" \/>\n<meta property=\"og:url\" content=\"https:\/\/polkky.com\/fi\/yritys\/laatu-ja-ymparistoperiaatteet\/\" \/>\n<meta property=\"og:site_name\" content=\"Po\u0308lkky\" \/>\n<meta property=\"article:publisher\" content=\"https:\/\/www.facebook.com\/P%c3%b6lkky-Oy-201264536571431\/\" \/>\n<meta property=\"article:modified_time\" content=\"2025-11-10T11:15:53+00:00\" \/>\n<meta property=\"og:image\" content=\"https:\/\/polkky.com\/wp-content\/uploads\/2025\/10\/sustainability-1.png\" \/>\n<meta name=\"twitter:card\" content=\"summary_large_image\" \/>\n<meta name=\"twitter:label1\" content=\"Arvioitu lukuaika\" \/>\n\t<meta name=\"twitter:data1\" content=\"1 minuutti\" \/>\n<script type=\"application\/ld+json\" class=\"yoast-schema-graph\">{\"@context\":\"https:\/\/schema.org\",\"@graph\":[{\"@type\":\"WebPage\",\"@id\":\"https:\/\/polkky.com\/fi\/yritys\/laatu-ja-ymparistoperiaatteet\/\",\"url\":\"https:\/\/polkky.com\/fi\/yritys\/laatu-ja-ymparistoperiaatteet\/\",\"name\":\"Vastuullisuus - Po\u0308lkky\",\"isPartOf\":{\"@id\":\"https:\/\/polkky.com\/#website\"},\"datePublished\":\"2021-05-27T10:42:16+00:00\",\"dateModified\":\"2025-11-10T11:15:53+00:00\",\"description\":\"P\u00f6lkyn laatu- ja ymp\u00e4rist\u00f6periaatteet seuraavat, mittaavat ja kehitt\u00e4v\u00e4t yrityksen toiminnan laatua ja ymp\u00e4rist\u00f6vaikutuksia.\",\"breadcrumb\":{\"@id\":\"https:\/\/polkky.com\/fi\/yritys\/laatu-ja-ymparistoperiaatteet\/#breadcrumb\"},\"inLanguage\":\"fi\",\"potentialAction\":[{\"@type\":\"ReadAction\",\"target\":[\"https:\/\/polkky.com\/fi\/yritys\/laatu-ja-ymparistoperiaatteet\/\"]}]},{\"@type\":\"BreadcrumbList\",\"@id\":\"https:\/\/polkky.com\/fi\/yritys\/laatu-ja-ymparistoperiaatteet\/#breadcrumb\",\"itemListElement\":[{\"@type\":\"ListItem\",\"position\":1,\"name\":\"Home\",\"item\":\"https:\/\/polkky.com\/fi\/\"},{\"@type\":\"ListItem\",\"position\":2,\"name\":\"Yritys\",\"item\":\"https:\/\/polkky.com\/fi\/yritys\/\"},{\"@type\":\"ListItem\",\"position\":3,\"name\":\"Vastuullisuus\"}]},{\"@type\":\"WebSite\",\"@id\":\"https:\/\/polkky.com\/#website\",\"url\":\"https:\/\/polkky.com\/\",\"name\":\"Po\u0308lkky\",\"description\":\"\",\"publisher\":{\"@id\":\"https:\/\/polkky.com\/#organization\"},\"potentialAction\":[{\"@type\":\"SearchAction\",\"target\":{\"@type\":\"EntryPoint\",\"urlTemplate\":\"https:\/\/polkky.com\/?s={search_term_string}\"},\"query-input\":\"required name=search_term_string\"}],\"inLanguage\":\"fi\"},{\"@type\":\"Organization\",\"@id\":\"https:\/\/polkky.com\/#organization\",\"name\":\"P\u00f6lkky Oy\",\"url\":\"https:\/\/polkky.com\/\",\"logo\":{\"@type\":\"ImageObject\",\"inLanguage\":\"fi\",\"@id\":\"https:\/\/polkky.com\/#\/schema\/logo\/image\/\",\"url\":\"https:\/\/polkky.com\/wp-content\/uploads\/2018\/09\/logo-small.svg\",\"contentUrl\":\"https:\/\/polkky.com\/wp-content\/uploads\/2018\/09\/logo-small.svg\",\"width\":119,\"height\":24,\"caption\":\"P\u00f6lkky Oy\"},\"image\":{\"@id\":\"https:\/\/polkky.com\/#\/schema\/logo\/image\/\"},\"sameAs\":[\"https:\/\/www.facebook.com\/P\u00f6lkky-Oy-201264536571431\/\",\"https:\/\/www.linkedin.com\/company\/polkky\"]}]}<\/script>\n<!-- \/ Yoast SEO plugin. -->","yoast_head_json":{"title":"Vastuullisuus - Po\u0308lkky","description":"P\u00f6lkyn laatu- ja ymp\u00e4rist\u00f6periaatteet seuraavat, mittaavat ja kehitt\u00e4v\u00e4t yrityksen toiminnan laatua ja ymp\u00e4rist\u00f6vaikutuksia.","robots":{"index":"index","follow":"follow","max-snippet":"max-snippet:-1","max-image-preview":"max-image-preview:large","max-video-preview":"max-video-preview:-1"},"canonical":"https:\/\/polkky.com\/fi\/yritys\/laatu-ja-ymparistoperiaatteet\/","og_locale":"fi_FI","og_type":"article","og_title":"Vastuullisuus - Po\u0308lkky","og_description":"P\u00f6lkyn laatu- ja ymp\u00e4rist\u00f6periaatteet seuraavat, mittaavat ja kehitt\u00e4v\u00e4t yrityksen toiminnan laatua ja ymp\u00e4rist\u00f6vaikutuksia.","og_url":"https:\/\/polkky.com\/fi\/yritys\/laatu-ja-ymparistoperiaatteet\/","og_site_name":"Po\u0308lkky","article_publisher":"https:\/\/www.facebook.com\/P%c3%b6lkky-Oy-201264536571431\/","article_modified_time":"2025-11-10T11:15:53+00:00","og_image":[{"url":"https:\/\/polkky.com\/wp-content\/uploads\/2025\/10\/sustainability-1.png"}],"twitter_card":"summary_large_image","twitter_misc":{"Arvioitu lukuaika":"1 minuutti"},"schema":{"@context":"https:\/\/schema.org","@graph":[{"@type":"WebPage","@id":"https:\/\/polkky.com\/fi\/yritys\/laatu-ja-ymparistoperiaatteet\/","url":"https:\/\/polkky.com\/fi\/yritys\/laatu-ja-ymparistoperiaatteet\/","name":"Vastuullisuus - Po\u0308lkky","isPartOf":{"@id":"https:\/\/polkky.com\/#website"},"datePublished":"2021-05-27T10:42:16+00:00","dateModified":"2025-11-10T11:15:53+00:00","description":"P\u00f6lkyn laatu- ja ymp\u00e4rist\u00f6periaatteet seuraavat, mittaavat ja kehitt\u00e4v\u00e4t yrityksen toiminnan laatua ja ymp\u00e4rist\u00f6vaikutuksia.","breadcrumb":{"@id":"https:\/\/polkky.com\/fi\/yritys\/laatu-ja-ymparistoperiaatteet\/#breadcrumb"},"inLanguage":"fi","potentialAction":[{"@type":"ReadAction","target":["https:\/\/polkky.com\/fi\/yritys\/laatu-ja-ymparistoperiaatteet\/"]}]},{"@type":"BreadcrumbList","@id":"https:\/\/polkky.com\/fi\/yritys\/laatu-ja-ymparistoperiaatteet\/#breadcrumb","itemListElement":[{"@type":"ListItem","position":1,"name":"Home","item":"https:\/\/polkky.com\/fi\/"},{"@type":"ListItem","position":2,"name":"Yritys","item":"https:\/\/polkky.com\/fi\/yritys\/"},{"@type":"ListItem","position":3,"name":"Vastuullisuus"}]},{"@type":"WebSite","@id":"https:\/\/polkky.com\/#website","url":"https:\/\/polkky.com\/","name":"Po\u0308lkky","description":"","publisher":{"@id":"https:\/\/polkky.com\/#organization"},"potentialAction":[{"@type":"SearchAction","target":{"@type":"EntryPoint","urlTemplate":"https:\/\/polkky.com\/?s={search_term_string}"},"query-input":"required name=search_term_string"}],"inLanguage":"fi"},{"@type":"Organization","@id":"https:\/\/polkky.com\/#organization","name":"P\u00f6lkky Oy","url":"https:\/\/polkky.com\/","logo":{"@type":"ImageObject","inLanguage":"fi","@id":"https:\/\/polkky.com\/#\/schema\/logo\/image\/","url":"https:\/\/polkky.com\/wp-content\/uploads\/2018\/09\/logo-small.svg","contentUrl":"https:\/\/polkky.com\/wp-content\/uploads\/2018\/09\/logo-small.svg","width":119,"height":24,"caption":"P\u00f6lkky Oy"},"image":{"@id":"https:\/\/polkky.com\/#\/schema\/logo\/image\/"},"sameAs":["https:\/\/www.facebook.com\/P\u00f6lkky-Oy-201264536571431\/","https:\/\/www.linkedin.com\/company\/polkky"]}]}},"_links":{"self":[{"href":"https:\/\/polkky.com\/fi\/wp-json\/wp\/v2\/pages\/2999"}],"collection":[{"href":"https:\/\/polkky.com\/fi\/wp-json\/wp\/v2\/pages"}],"about":[{"href":"https:\/\/polkky.com\/fi\/wp-json\/wp\/v2\/types\/page"}],"author":[{"embeddable":true,"href":"https:\/\/polkky.com\/fi\/wp-json\/wp\/v2\/users\/1"}],"replies":[{"embeddable":true,"href":"https:\/\/polkky.com\/fi\/wp-json\/wp\/v2\/comments?post=2999"}],"version-history":[{"count":0,"href":"https:\/\/polkky.com\/fi\/wp-json\/wp\/v2\/pages\/2999\/revisions"}],"up":[{"embeddable":true,"href":"https:\/\/polkky.com\/fi\/wp-json\/wp\/v2\/pages\/462"}],"wp:attachment":[{"href":"https:\/\/polkky.com\/fi\/wp-json\/wp\/v2\/media?parent=2999"}],"curies":[{"name":"wp","href":"https:\/\/api.w.org\/{rel}","templated":true}]}}