{"id":3265,"date":"2022-01-27T12:19:44","date_gmt":"2022-01-27T10:19:44","guid":{"rendered":"https:\/\/polkky.com\/?page_id=3265"},"modified":"2022-01-27T12:19:44","modified_gmt":"2022-01-27T10:19:44","slug":"sponsorointi-ja-tukihakemus","status":"publish","type":"page","link":"https:\/\/polkky.com\/fi\/sponsorointi-ja-tukihakemus\/","title":{"rendered":"Sponsorointi- ja tukihakemus"},"content":{"rendered":"<p>Me P\u00f6lkyll\u00e4 osoitamme tukemme pohjoiselle yhteis\u00f6lle Pohjois-Pohjanmaan, Lapin ja Kainuun alueella osallistumalla muun\u00a0muassa hyv\u00e4ntekev\u00e4isyystapahtumien, urheilun ja kulttuurin\u00a0tukemiseen. Toimintaamme ohjaavat seuraavat arvot:\u202f\u00a0\u200b<\/p>\n<ul>\n<li>Yritt\u00e4jyys\u202f\u00a0\u200b<\/li>\n<li>Kumppanuus\u202f\u00a0\u200b<\/li>\n<li>Vastuullisuus\u202f\u00a0\u200b<\/li>\n<\/ul>\n<p>\u200bMeille on t\u00e4rke\u00e4\u00e4, ett\u00e4 arvomme kohtaavat kumppaneiden,\u00a0markkinointiyhteisty\u00f6tahojen tai sponsoroitavien kanssa. Kaikkiin\u00a0yhteisty\u00f6malleihin emme valitettavasti voi l\u00e4hte\u00e4 mukaan, mutta\u00a0mik\u00e4li molempien osapuolten tavoitteet ja ajatukset kohtaavat,\u00a0olemme valmiita harkitsemaan yhteisty\u00f6t\u00e4. J\u00e4tt\u00e4m\u00e4ll\u00e4\u00a0hakemuksesi alla olevan lomakkeen kautta voit olla kuitenkin\u00a0varma siit\u00e4, ett\u00e4 tutustumme hakemukseesi ja olemme sinuun\u00a0yhteyksiss\u00e4 asian tiimoilta. Emme ota hakemuksia vastaan\u00a0puhelimitse tai s\u00e4hk\u00f6postitse.\u202f\u202f\u200b<br \/>\n\u200b<br \/>\nK\u00e4sittelemme lomakkeen kautta l\u00e4hetetyt hakemukset noin\u00a0kahden (2) kuukauden v\u00e4lein. Vastaamme kaikille hakemuksen\u00a0l\u00e4hett\u00e4neille mahdollisimman pian k\u00e4sittelyajan j\u00e4lkeen.<\/p>\n<h3>Ole hyv\u00e4 ja t\u00e4yt\u00e4\u00a0seuraavat tiedot:\u202f\u00a0\u200b<\/h3>\n<script type=\"text\/javascript\">var gform;gform||(document.addEventListener(\"gform_main_scripts_loaded\",function(){gform.scriptsLoaded=!0}),window.addEventListener(\"DOMContentLoaded\",function(){gform.domLoaded=!0}),gform={domLoaded:!1,scriptsLoaded:!1,initializeOnLoaded:function(o){gform.domLoaded&&gform.scriptsLoaded?o():!gform.domLoaded&&gform.scriptsLoaded?window.addEventListener(\"DOMContentLoaded\",o):document.addEventListener(\"gform_main_scripts_loaded\",o)},hooks:{action:{},filter:{}},addAction:function(o,n,r,t){gform.addHook(\"action\",o,n,r,t)},addFilter:function(o,n,r,t){gform.addHook(\"filter\",o,n,r,t)},doAction:function(o){gform.doHook(\"action\",o,arguments)},applyFilters:function(o){return gform.doHook(\"filter\",o,arguments)},removeAction:function(o,n){gform.removeHook(\"action\",o,n)},removeFilter:function(o,n,r){gform.removeHook(\"filter\",o,n,r)},addHook:function(o,n,r,t,i){null==gform.hooks[o][n]&&(gform.hooks[o][n]=[]);var e=gform.hooks[o][n];null==i&&(i=n+\"_\"+e.length),gform.hooks[o][n].push({tag:i,callable:r,priority:t=null==t?10:t})},doHook:function(n,o,r){var t;if(r=Array.prototype.slice.call(r,1),null!=gform.hooks[n][o]&&((o=gform.hooks[n][o]).sort(function(o,n){return o.priority-n.priority}),o.forEach(function(o){\"function\"!=typeof(t=o.callable)&&(t=window[t]),\"action\"==n?t.apply(null,r):r[0]=t.apply(null,r)})),\"filter\"==n)return r[0]},removeHook:function(o,n,t,i){var r;null!=gform.hooks[o][n]&&(r=(r=gform.hooks[o][n]).filter(function(o,n,r){return!!(null!=i&&i!=o.tag||null!=t&&t!=o.priority)}),gform.hooks[o][n]=r)}});<\/script>\n                <div class='gf_browser_gecko gform_wrapper gravity-theme gform-theme--no-framework' data-form-theme='gravity-theme' data-form-index='0' id='gform_wrapper_3' >\n                        <div class='gform_heading'>\n                            <p class='gform_description'><\/p>\n\t\t\t\t\t\t\t<p class='gform_required_legend'>&quot;<span class=\"gfield_required gfield_required_asterisk\">*<\/span>&quot; n\u00e4ytt\u00e4\u00e4 pakolliset kent\u00e4t<\/p>\n                        <\/div><form method='post' enctype='multipart\/form-data'  id='gform_3'  action='\/fi\/wp-json\/wp\/v2\/pages\/3265' data-formid='3' novalidate> \r\n <input type='hidden' class='gforms-pum' value='{\"closepopup\":false,\"closedelay\":0,\"openpopup\":false,\"openpopup_id\":0}' \/>\n                        <div class='gform-body gform_body'><div id='gform_fields_3' class='gform_fields top_label form_sublabel_below description_above'><div id=\"field_3_3\"  class=\"gfield gfield--type-text gfield_contains_required field_sublabel_below gfield--has-description field_description_above gfield_visibility_visible\"  data-js-reload=\"field_3_3\"><label class='gfield_label gform-field-label' for='input_3_3' >Sponsoroinnin \/ tuen kohde<span class=\"gfield_required\"><span class=\"gfield_required gfield_required_asterisk\">*<\/span><\/span><\/label><div class='gfield_description' id='gfield_description_3_3'>(yksityishenkil\u00f6, yhdistys\/seura,\u202ftapahtuma)<\/div><div class='ginput_container ginput_container_text'><input name='input_3' id='input_3_3' type='text' value='' class='large'  aria-describedby=\"gfield_description_3_3\"   aria-required=\"true\" aria-invalid=\"false\"   \/> <\/div><\/div><div id=\"field_3_4\"  class=\"gfield gfield--type-textarea gfield--width-full gfield_contains_required field_sublabel_below gfield--no-description field_description_above gfield_visibility_visible\"  data-js-reload=\"field_3_4\"><label class='gfield_label gform-field-label' for='input_3_4' >Millaisia kohderyhmi\u00e4 yhteisty\u00f6n kautta tavoitetaan?<span class=\"gfield_required\"><span class=\"gfield_required gfield_required_asterisk\">*<\/span><\/span><\/label><div class='ginput_container ginput_container_textarea'><textarea name='input_4' id='input_3_4' class='textarea small'     aria-required=\"true\" aria-invalid=\"false\"   rows='10' cols='50'><\/textarea><\/div><\/div><div id=\"field_3_5\"  class=\"gfield gfield--type-textarea gfield--width-full gfield_contains_required field_sublabel_below gfield--no-description field_description_above gfield_visibility_visible\"  data-js-reload=\"field_3_5\"><label class='gfield_label gform-field-label' for='input_3_5' >Millaisia yhteisty\u00f6n muotoja tarjoatte?<span class=\"gfield_required\"><span class=\"gfield_required gfield_required_asterisk\">*<\/span><\/span><\/label><div class='ginput_container ginput_container_textarea'><textarea name='input_5' id='input_3_5' class='textarea small'     aria-required=\"true\" aria-invalid=\"false\"   rows='10' cols='50'><\/textarea><\/div><\/div><div id=\"field_3_6\"  class=\"gfield gfield--type-textarea gfield--width-full gfield_contains_required field_sublabel_below gfield--no-description field_description_above gfield_visibility_visible\"  data-js-reload=\"field_3_6\"><label class='gfield_label gform-field-label' for='input_3_6' >Miten kohteenne arvot sopivat meid\u00e4n arvoihimme?<span class=\"gfield_required\"><span class=\"gfield_required gfield_required_asterisk\">*<\/span><\/span><\/label><div class='ginput_container ginput_container_textarea'><textarea name='input_6' id='input_3_6' class='textarea small'     aria-required=\"true\" aria-invalid=\"false\"   rows='10' cols='50'><\/textarea><\/div><\/div><div id=\"field_3_8\"  class=\"gfield gfield--type-text gfield--width-full gfield_contains_required field_sublabel_below gfield--no-description field_description_above gfield_visibility_visible\"  data-js-reload=\"field_3_8\"><label class='gfield_label gform-field-label' for='input_3_8' >Yhteisty\u00f6n arvioitu suuruusluokka euroissa?<span class=\"gfield_required\"><span class=\"gfield_required gfield_required_asterisk\">*<\/span><\/span><\/label><div class='ginput_container ginput_container_text'><input name='input_8' id='input_3_8' type='text' value='' class='small'     aria-required=\"true\" aria-invalid=\"false\"   \/> <\/div><\/div><div id=\"field_3_17\"  class=\"gfield gfield--type-html gfield--width-full gfield_html gfield_html_formatted gfield_no_follows_desc field_sublabel_below gfield--no-description field_description_above gfield_visibility_visible\"  data-js-reload=\"field_3_17\">Yhteyshenkil\u00f6n tiedot:\u202f<\/div><div id=\"field_3_15\"  class=\"gfield gfield--type-text gfield--width-full gfield_contains_required field_sublabel_below gfield--no-description field_description_above gfield_visibility_visible\"  data-js-reload=\"field_3_15\"><label class='gfield_label gform-field-label' for='input_3_15' >Nimi<span class=\"gfield_required\"><span class=\"gfield_required gfield_required_asterisk\">*<\/span><\/span><\/label><div class='ginput_container ginput_container_text'><input name='input_15' id='input_3_15' type='text' value='' class='large'     aria-required=\"true\" aria-invalid=\"false\"   \/> <\/div><\/div><div id=\"field_3_9\"  class=\"gfield gfield--type-email gfield--width-full gfield_contains_required field_sublabel_below gfield--no-description field_description_above gfield_visibility_visible\"  data-js-reload=\"field_3_9\"><label class='gfield_label gform-field-label' for='input_3_9' >S\u00e4hk\u00f6posti<span class=\"gfield_required\"><span class=\"gfield_required gfield_required_asterisk\">*<\/span><\/span><\/label><div class='ginput_container ginput_container_email'>\n                            <input name='input_9' id='input_3_9' type='email' value='' class='medium'    aria-required=\"true\" aria-invalid=\"false\"  \/>\n                        <\/div><\/div><div id=\"field_3_18\"  class=\"gfield gfield--type-text gfield--width-full gfield_contains_required field_sublabel_below gfield--no-description field_description_above gfield_visibility_visible\"  data-js-reload=\"field_3_18\"><label class='gfield_label gform-field-label' for='input_3_18' >Puhelinnumero<span class=\"gfield_required\"><span class=\"gfield_required gfield_required_asterisk\">*<\/span><\/span><\/label><div class='ginput_container ginput_container_text'><input name='input_18' id='input_3_18' type='text' value='' class='large'     aria-required=\"true\" aria-invalid=\"false\"   \/> <\/div><\/div><div id=\"field_3_19\"  class=\"gfield gfield--type-fileupload gfield--width-full field_sublabel_below gfield--no-description field_description_above gfield_visibility_visible\"  data-js-reload=\"field_3_19\"><label class='gfield_label gform-field-label' for='gform_browse_button_3_19' >Liitetiedostot<\/label><div class='ginput_container ginput_container_fileupload'><div id='gform_multifile_upload_3_19' data-settings='{&quot;runtimes&quot;:&quot;html5,flash,html4&quot;,&quot;browse_button&quot;:&quot;gform_browse_button_3_19&quot;,&quot;container&quot;:&quot;gform_multifile_upload_3_19&quot;,&quot;drop_element&quot;:&quot;gform_drag_drop_area_3_19&quot;,&quot;filelist&quot;:&quot;gform_preview_3_19&quot;,&quot;unique_names&quot;:true,&quot;file_data_name&quot;:&quot;file&quot;,&quot;url&quot;:&quot;https:\\\/\\\/polkky.com\\\/?gf_page=71b6b406a17715c&quot;,&quot;flash_swf_url&quot;:&quot;https:\\\/\\\/polkky.com\\\/wp-includes\\\/js\\\/plupload\\\/plupload.flash.swf&quot;,&quot;silverlight_xap_url&quot;:&quot;https:\\\/\\\/polkky.com\\\/wp-includes\\\/js\\\/plupload\\\/plupload.silverlight.xap&quot;,&quot;filters&quot;:{&quot;mime_types&quot;:[{&quot;title&quot;:&quot;Sallitut tiedosto&quot;,&quot;extensions&quot;:&quot;jpg,gif,png,pdf,doc,docx&quot;}],&quot;max_file_size&quot;:&quot;67108864b&quot;},&quot;multipart&quot;:true,&quot;urlstream_upload&quot;:false,&quot;multipart_params&quot;:{&quot;form_id&quot;:3,&quot;field_id&quot;:19},&quot;gf_vars&quot;:{&quot;max_files&quot;:0,&quot;message_id&quot;:&quot;gform_multifile_messages_3_19&quot;,&quot;disallowed_extensions&quot;:[&quot;php&quot;,&quot;asp&quot;,&quot;aspx&quot;,&quot;cmd&quot;,&quot;csh&quot;,&quot;bat&quot;,&quot;html&quot;,&quot;htm&quot;,&quot;hta&quot;,&quot;jar&quot;,&quot;exe&quot;,&quot;com&quot;,&quot;js&quot;,&quot;lnk&quot;,&quot;htaccess&quot;,&quot;phtml&quot;,&quot;ps1&quot;,&quot;ps2&quot;,&quot;php3&quot;,&quot;php4&quot;,&quot;php5&quot;,&quot;php6&quot;,&quot;py&quot;,&quot;rb&quot;,&quot;tmp&quot;]}}' class='gform_fileupload_multifile'>\n\t\t\t\t\t\t\t\t\t\t<div id='gform_drag_drop_area_3_19' class='gform_drop_area gform-theme-field-control'>\n\t\t\t\t\t\t\t\t\t\t\t<span class='gform_drop_instructions'>Pudota tiedostot t\u00e4h\u00e4n tai <\/span>\n\t\t\t\t\t\t\t\t\t\t\t<button type='button' id='gform_browse_button_3_19' class='button gform_button_select_files' aria-describedby=\"gfield_upload_rules_3_19\"  >Valitse tiedostot<\/button>\n\t\t\t\t\t\t\t\t\t\t<\/div>\n\t\t\t\t\t\t\t\t\t<\/div><span class='gfield_description gform_fileupload_rules' id='gfield_upload_rules_3_19'>Sallitut tiedostotyypit: jpg, gif, png, pdf, doc, docx, Max. tiedoston koko: 64 MB.<\/span><ul class='validation_message--hidden-on-empty gform-ul-reset' id='gform_multifile_messages_3_19'><\/ul> <!-- Leave <ul> empty to support CSS :empty selector. --><\/div><div id='gform_preview_3_19' class='ginput_preview_list'><\/div><\/div><div id=\"field_3_14\"  class=\"gfield gfield--type-html gfield--width-full gfield_html gfield_html_formatted gfield_no_follows_desc field_sublabel_below gfield--no-description field_description_above gfield_visibility_visible\"  data-js-reload=\"field_3_14\">Jotta voimme k\u00e4sitell\u00e4 hakemuksesi, meid\u00e4n on voitava tallentaa ja k\u00e4sitell\u00e4 t\u00e4ll\u00e4 lomakkeella antamiasi henkil\u00f6tietoja. L\u00e4hett\u00e4m\u00e4ll\u00e4 t\u00e4m\u00e4n lomakkeen hyv\u00e4ksyt tietojesi tallentamisen tietokantaamme. Lue lis\u00e4\u00e4 <a href=\"https:\/\/polkky.com\/fi\/tietosuoja\/\" target=\"_blank\">tietosuojaselosteestamme<\/a>.<\/div><\/div><\/div>\n        <div class='gform_footer top_label'> <input type='submit' id='gform_submit_button_3' class='gform_button button' value='L\u00e4het\u00e4 hakemus'  onclick='if(window[\"gf_submitting_3\"]){return false;}  if( !jQuery(\"#gform_3\")[0].checkValidity || jQuery(\"#gform_3\")[0].checkValidity()){window[\"gf_submitting_3\"]=true;}  ' onkeypress='if( event.keyCode == 13 ){ if(window[\"gf_submitting_3\"]){return false;} if( !jQuery(\"#gform_3\")[0].checkValidity || jQuery(\"#gform_3\")[0].checkValidity()){window[\"gf_submitting_3\"]=true;}  jQuery(\"#gform_3\").trigger(\"submit\",[true]); }' \/> \n            <input type='hidden' class='gform_hidden' name='is_submit_3' value='1' \/>\n            <input type='hidden' class='gform_hidden' name='gform_submit' value='3' \/>\n            \n            <input type='hidden' class='gform_hidden' name='gform_unique_id' value='' \/>\n            <input type='hidden' class='gform_hidden' name='state_3' value='WyJbXSIsIjdmMDU0NDM4MzVjNzgwZjU0MjI3N2E1MjZjYWFiMGVlIl0=' \/>\n            <input type='hidden' class='gform_hidden' name='gform_target_page_number_3' id='gform_target_page_number_3' value='0' \/>\n            <input type='hidden' class='gform_hidden' name='gform_source_page_number_3' id='gform_source_page_number_3' value='1' \/>\n            <input type='hidden' name='gform_field_values' value='' \/>\n            <input type='hidden' name='gform_uploaded_files' id='gform_uploaded_files_3' value='' \/>\n        <\/div>\n                        <\/form>\n                        <\/div><script type=\"text\/javascript\">\ngform.initializeOnLoaded( function() {gformInitSpinner( 3, 'https:\/\/polkky.com\/wp-content\/plugins\/gravityforms\/images\/spinner.svg', true );jQuery('#gform_ajax_frame_3').on('load',function(){var contents = jQuery(this).contents().find('*').html();var is_postback = contents.indexOf('GF_AJAX_POSTBACK') >= 0;if(!is_postback){return;}var form_content = jQuery(this).contents().find('#gform_wrapper_3');var is_confirmation = jQuery(this).contents().find('#gform_confirmation_wrapper_3').length > 0;var is_redirect = contents.indexOf('gformRedirect(){') >= 0;var is_form = form_content.length > 0 && ! is_redirect && ! is_confirmation;var mt = parseInt(jQuery('html').css('margin-top'), 10) + parseInt(jQuery('body').css('margin-top'), 10) + 100;if(is_form){jQuery('#gform_wrapper_3').html(form_content.html());if(form_content.hasClass('gform_validation_error')){jQuery('#gform_wrapper_3').addClass('gform_validation_error');} else {jQuery('#gform_wrapper_3').removeClass('gform_validation_error');}setTimeout( function() { \/* delay the scroll by 50 milliseconds to fix a bug in chrome *\/  }, 50 );if(window['gformInitDatepicker']) {gformInitDatepicker();}if(window['gformInitPriceFields']) {gformInitPriceFields();}var current_page = jQuery('#gform_source_page_number_3').val();gformInitSpinner( 3, 'https:\/\/polkky.com\/wp-content\/plugins\/gravityforms\/images\/spinner.svg', true );jQuery(document).trigger('gform_page_loaded', [3, current_page]);window['gf_submitting_3'] = false;}else if(!is_redirect){var confirmation_content = jQuery(this).contents().find('.GF_AJAX_POSTBACK').html();if(!confirmation_content){confirmation_content = contents;}setTimeout(function(){jQuery('#gform_wrapper_3').replaceWith(confirmation_content);jQuery(document).trigger('gform_confirmation_loaded', [3]);window['gf_submitting_3'] = false;wp.a11y.speak(jQuery('#gform_confirmation_message_3').text());}, 50);}else{jQuery('#gform_3').append(contents);if(window['gformRedirect']) {gformRedirect();}}jQuery(document).trigger('gform_post_render', [3, current_page]);} );} );\n<\/script>\n\n","protected":false},"excerpt":{"rendered":"<p>Me P\u00f6lkyll\u00e4 osoitamme tukemme pohjoiselle yhteis\u00f6lle Pohjois-Pohjanmaan, Lapin ja Kainuun alueella osallistumalla muun\u00a0muassa hyv\u00e4ntekev\u00e4isyystapahtumien, urheilun ja kulttuurin\u00a0tukemiseen. Toimintaamme ohjaavat seuraavat arvot:\u202f\u00a0\u200b Yritt\u00e4jyys\u202f\u00a0\u200b Kumppanuus\u202f\u00a0\u200b Vastuullisuus\u202f\u00a0\u200b \u200bMeille on t\u00e4rke\u00e4\u00e4, ett\u00e4 arvomme kohtaavat kumppaneiden,\u00a0markkinointiyhteisty\u00f6tahojen tai sponsoroitavien kanssa. Kaikkiin\u00a0yhteisty\u00f6malleihin emme valitettavasti voi l\u00e4hte\u00e4 mukaan, mutta\u00a0mik\u00e4li molempien osapuolten tavoitteet ja ajatukset kohtaavat,\u00a0olemme valmiita harkitsemaan yhteisty\u00f6t\u00e4. J\u00e4tt\u00e4m\u00e4ll\u00e4\u00a0hakemuksesi alla olevan lomakkeen kautta [&hellip;]<\/p>\n","protected":false},"author":15,"featured_media":0,"parent":0,"menu_order":0,"comment_status":"closed","ping_status":"closed","template":"","meta":{"inline_featured_image":false},"acf":[],"yoast_head":"<!-- This site is optimized with the Yoast SEO plugin v20.6 - https:\/\/yoast.com\/wordpress\/plugins\/seo\/ -->\n<title>Sponsorointi- ja tukihakemus - Po\u0308lkky<\/title>\n<meta name=\"robots\" content=\"index, follow, max-snippet:-1, max-image-preview:large, max-video-preview:-1\" \/>\n<link rel=\"canonical\" href=\"https:\/\/polkky.com\/fi\/sponsorointi-ja-tukihakemus\/\" \/>\n<meta property=\"og:locale\" content=\"fi_FI\" \/>\n<meta property=\"og:type\" content=\"article\" \/>\n<meta property=\"og:title\" content=\"Sponsorointi- ja tukihakemus - Po\u0308lkky\" \/>\n<meta property=\"og:description\" content=\"Me P\u00f6lkyll\u00e4 osoitamme tukemme pohjoiselle yhteis\u00f6lle Pohjois-Pohjanmaan, Lapin ja Kainuun alueella osallistumalla muun\u00a0muassa hyv\u00e4ntekev\u00e4isyystapahtumien, urheilun ja kulttuurin\u00a0tukemiseen. Toimintaamme ohjaavat seuraavat arvot:\u202f\u00a0\u200b Yritt\u00e4jyys\u202f\u00a0\u200b Kumppanuus\u202f\u00a0\u200b Vastuullisuus\u202f\u00a0\u200b \u200bMeille on t\u00e4rke\u00e4\u00e4, ett\u00e4 arvomme kohtaavat kumppaneiden,\u00a0markkinointiyhteisty\u00f6tahojen tai sponsoroitavien kanssa. Kaikkiin\u00a0yhteisty\u00f6malleihin emme valitettavasti voi l\u00e4hte\u00e4 mukaan, mutta\u00a0mik\u00e4li molempien osapuolten tavoitteet ja ajatukset kohtaavat,\u00a0olemme valmiita harkitsemaan yhteisty\u00f6t\u00e4. J\u00e4tt\u00e4m\u00e4ll\u00e4\u00a0hakemuksesi alla olevan lomakkeen kautta [&hellip;]\" \/>\n<meta property=\"og:url\" content=\"https:\/\/polkky.com\/fi\/sponsorointi-ja-tukihakemus\/\" \/>\n<meta property=\"og:site_name\" content=\"Po\u0308lkky\" \/>\n<meta property=\"article:publisher\" content=\"https:\/\/www.facebook.com\/P%c3%b6lkky-Oy-201264536571431\/\" \/>\n<meta property=\"og:image\" content=\"https:\/\/polkky.com\/wp-content\/uploads\/2019\/02\/polkky-fb-1200x628-001.jpg\" \/>\n\t<meta property=\"og:image:width\" content=\"1200\" \/>\n\t<meta property=\"og:image:height\" content=\"628\" \/>\n\t<meta property=\"og:image:type\" content=\"image\/jpeg\" \/>\n<meta name=\"twitter:card\" content=\"summary_large_image\" \/>\n<meta name=\"twitter:label1\" content=\"Arvioitu lukuaika\" \/>\n\t<meta name=\"twitter:data1\" content=\"1 minuutti\" \/>\n<script type=\"application\/ld+json\" class=\"yoast-schema-graph\">{\"@context\":\"https:\/\/schema.org\",\"@graph\":[{\"@type\":\"WebPage\",\"@id\":\"https:\/\/polkky.com\/fi\/sponsorointi-ja-tukihakemus\/\",\"url\":\"https:\/\/polkky.com\/fi\/sponsorointi-ja-tukihakemus\/\",\"name\":\"Sponsorointi- ja tukihakemus - Po\u0308lkky\",\"isPartOf\":{\"@id\":\"https:\/\/polkky.com\/#website\"},\"datePublished\":\"2022-01-27T10:19:44+00:00\",\"dateModified\":\"2022-01-27T10:19:44+00:00\",\"breadcrumb\":{\"@id\":\"https:\/\/polkky.com\/fi\/sponsorointi-ja-tukihakemus\/#breadcrumb\"},\"inLanguage\":\"fi\",\"potentialAction\":[{\"@type\":\"ReadAction\",\"target\":[\"https:\/\/polkky.com\/fi\/sponsorointi-ja-tukihakemus\/\"]}]},{\"@type\":\"BreadcrumbList\",\"@id\":\"https:\/\/polkky.com\/fi\/sponsorointi-ja-tukihakemus\/#breadcrumb\",\"itemListElement\":[{\"@type\":\"ListItem\",\"position\":1,\"name\":\"Home\",\"item\":\"https:\/\/polkky.com\/fi\/\"},{\"@type\":\"ListItem\",\"position\":2,\"name\":\"Sponsorointi- ja tukihakemus\"}]},{\"@type\":\"WebSite\",\"@id\":\"https:\/\/polkky.com\/#website\",\"url\":\"https:\/\/polkky.com\/\",\"name\":\"Po\u0308lkky\",\"description\":\"\",\"publisher\":{\"@id\":\"https:\/\/polkky.com\/#organization\"},\"potentialAction\":[{\"@type\":\"SearchAction\",\"target\":{\"@type\":\"EntryPoint\",\"urlTemplate\":\"https:\/\/polkky.com\/?s={search_term_string}\"},\"query-input\":\"required name=search_term_string\"}],\"inLanguage\":\"fi\"},{\"@type\":\"Organization\",\"@id\":\"https:\/\/polkky.com\/#organization\",\"name\":\"P\u00f6lkky Oy\",\"url\":\"https:\/\/polkky.com\/\",\"logo\":{\"@type\":\"ImageObject\",\"inLanguage\":\"fi\",\"@id\":\"https:\/\/polkky.com\/#\/schema\/logo\/image\/\",\"url\":\"https:\/\/polkky.com\/wp-content\/uploads\/2018\/09\/logo-small.svg\",\"contentUrl\":\"https:\/\/polkky.com\/wp-content\/uploads\/2018\/09\/logo-small.svg\",\"width\":119,\"height\":24,\"caption\":\"P\u00f6lkky Oy\"},\"image\":{\"@id\":\"https:\/\/polkky.com\/#\/schema\/logo\/image\/\"},\"sameAs\":[\"https:\/\/www.facebook.com\/P\u00f6lkky-Oy-201264536571431\/\",\"https:\/\/www.linkedin.com\/company\/polkky\"]}]}<\/script>\n<!-- \/ Yoast SEO plugin. -->","yoast_head_json":{"title":"Sponsorointi- ja tukihakemus - Po\u0308lkky","robots":{"index":"index","follow":"follow","max-snippet":"max-snippet:-1","max-image-preview":"max-image-preview:large","max-video-preview":"max-video-preview:-1"},"canonical":"https:\/\/polkky.com\/fi\/sponsorointi-ja-tukihakemus\/","og_locale":"fi_FI","og_type":"article","og_title":"Sponsorointi- ja tukihakemus - Po\u0308lkky","og_description":"Me P\u00f6lkyll\u00e4 osoitamme tukemme pohjoiselle yhteis\u00f6lle Pohjois-Pohjanmaan, Lapin ja Kainuun alueella osallistumalla muun\u00a0muassa hyv\u00e4ntekev\u00e4isyystapahtumien, urheilun ja kulttuurin\u00a0tukemiseen. Toimintaamme ohjaavat seuraavat arvot:\u202f\u00a0\u200b Yritt\u00e4jyys\u202f\u00a0\u200b Kumppanuus\u202f\u00a0\u200b Vastuullisuus\u202f\u00a0\u200b \u200bMeille on t\u00e4rke\u00e4\u00e4, ett\u00e4 arvomme kohtaavat kumppaneiden,\u00a0markkinointiyhteisty\u00f6tahojen tai sponsoroitavien kanssa. Kaikkiin\u00a0yhteisty\u00f6malleihin emme valitettavasti voi l\u00e4hte\u00e4 mukaan, mutta\u00a0mik\u00e4li molempien osapuolten tavoitteet ja ajatukset kohtaavat,\u00a0olemme valmiita harkitsemaan yhteisty\u00f6t\u00e4. J\u00e4tt\u00e4m\u00e4ll\u00e4\u00a0hakemuksesi alla olevan lomakkeen kautta [&hellip;]","og_url":"https:\/\/polkky.com\/fi\/sponsorointi-ja-tukihakemus\/","og_site_name":"Po\u0308lkky","article_publisher":"https:\/\/www.facebook.com\/P%c3%b6lkky-Oy-201264536571431\/","og_image":[{"width":1200,"height":628,"url":"https:\/\/polkky.com\/wp-content\/uploads\/2019\/02\/polkky-fb-1200x628-001.jpg","type":"image\/jpeg"}],"twitter_card":"summary_large_image","twitter_misc":{"Arvioitu lukuaika":"1 minuutti"},"schema":{"@context":"https:\/\/schema.org","@graph":[{"@type":"WebPage","@id":"https:\/\/polkky.com\/fi\/sponsorointi-ja-tukihakemus\/","url":"https:\/\/polkky.com\/fi\/sponsorointi-ja-tukihakemus\/","name":"Sponsorointi- ja tukihakemus - Po\u0308lkky","isPartOf":{"@id":"https:\/\/polkky.com\/#website"},"datePublished":"2022-01-27T10:19:44+00:00","dateModified":"2022-01-27T10:19:44+00:00","breadcrumb":{"@id":"https:\/\/polkky.com\/fi\/sponsorointi-ja-tukihakemus\/#breadcrumb"},"inLanguage":"fi","potentialAction":[{"@type":"ReadAction","target":["https:\/\/polkky.com\/fi\/sponsorointi-ja-tukihakemus\/"]}]},{"@type":"BreadcrumbList","@id":"https:\/\/polkky.com\/fi\/sponsorointi-ja-tukihakemus\/#breadcrumb","itemListElement":[{"@type":"ListItem","position":1,"name":"Home","item":"https:\/\/polkky.com\/fi\/"},{"@type":"ListItem","position":2,"name":"Sponsorointi- ja tukihakemus"}]},{"@type":"WebSite","@id":"https:\/\/polkky.com\/#website","url":"https:\/\/polkky.com\/","name":"Po\u0308lkky","description":"","publisher":{"@id":"https:\/\/polkky.com\/#organization"},"potentialAction":[{"@type":"SearchAction","target":{"@type":"EntryPoint","urlTemplate":"https:\/\/polkky.com\/?s={search_term_string}"},"query-input":"required name=search_term_string"}],"inLanguage":"fi"},{"@type":"Organization","@id":"https:\/\/polkky.com\/#organization","name":"P\u00f6lkky Oy","url":"https:\/\/polkky.com\/","logo":{"@type":"ImageObject","inLanguage":"fi","@id":"https:\/\/polkky.com\/#\/schema\/logo\/image\/","url":"https:\/\/polkky.com\/wp-content\/uploads\/2018\/09\/logo-small.svg","contentUrl":"https:\/\/polkky.com\/wp-content\/uploads\/2018\/09\/logo-small.svg","width":119,"height":24,"caption":"P\u00f6lkky Oy"},"image":{"@id":"https:\/\/polkky.com\/#\/schema\/logo\/image\/"},"sameAs":["https:\/\/www.facebook.com\/P\u00f6lkky-Oy-201264536571431\/","https:\/\/www.linkedin.com\/company\/polkky"]}]}},"_links":{"self":[{"href":"https:\/\/polkky.com\/fi\/wp-json\/wp\/v2\/pages\/3265"}],"collection":[{"href":"https:\/\/polkky.com\/fi\/wp-json\/wp\/v2\/pages"}],"about":[{"href":"https:\/\/polkky.com\/fi\/wp-json\/wp\/v2\/types\/page"}],"author":[{"embeddable":true,"href":"https:\/\/polkky.com\/fi\/wp-json\/wp\/v2\/users\/15"}],"replies":[{"embeddable":true,"href":"https:\/\/polkky.com\/fi\/wp-json\/wp\/v2\/comments?post=3265"}],"version-history":[{"count":0,"href":"https:\/\/polkky.com\/fi\/wp-json\/wp\/v2\/pages\/3265\/revisions"}],"wp:attachment":[{"href":"https:\/\/polkky.com\/fi\/wp-json\/wp\/v2\/media?parent=3265"}],"curies":[{"name":"wp","href":"https:\/\/api.w.org\/{rel}","templated":true}]}}