{"id":3352,"date":"2021-10-22T15:02:55","date_gmt":"2021-10-22T13:02:55","guid":{"rendered":"https:\/\/polkky.com\/?page_id=3352"},"modified":"2022-01-12T11:18:01","modified_gmt":"2022-01-12T09:18:01","slug":"uusi-metsanomistaja","status":"publish","type":"page","link":"https:\/\/polkky.com\/fi\/uusi-metsanomistaja\/","title":{"rendered":"Uusi mets\u00e4nomistaja \u2013 muista n\u00e4m\u00e4!"},"content":{"rendered":"<p>Onnea onnistuneista mets\u00e4kaupoista ja tervetuloa jatkamaan sukupolvien mittaista el\u00e4m\u00e4nty\u00f6t\u00e4! Mets\u00e4nomistus tuo mukanaan paljon uutta opittavaa \u2013 varsinkin sellaiselle, joka on alalla t\u00e4ysi untuvikko. Kannattaa kuitenkin muistaa, ettet ole tilanteessa t\u00e4ysin yksin, sill\u00e4 Suomesta l\u00f6ytyy yhteens\u00e4 yli 600\u00a0000 mets\u00e4nomistajaa!<\/p>\n<p>Mets\u00e4nomistajien lis\u00e4ksi mets\u00e4nhoidon alkutaipaleella sinua auttavat useat eri mets\u00e4talouden ja -teollisuuden tahot, kuten asiantuntijamme P\u00f6lkyll\u00e4. T\u00e4h\u00e4n artikkeliin olemmekin koonneet uudelle mets\u00e4nomistajalle lyhyen muistilistan sek\u00e4 pinon hy\u00f6dyllisi\u00e4 linkkej\u00e4, joihin suosittelemme tutustumaan ennen varsinaisen mets\u00e4nhoidon aloittamista.<\/p>\n<h2>Sopimukset ja hakemukset<\/h2>\n<p>Allekirjoitettuasi mets\u00e4n kauppa-, lahja- tai vaihtokirjan, tulee sinun hakea <a href=\"https:\/\/www.maanmittauslaitos.fi\/kiinteistot\/palvelut\/rekisteroi-omistusoikeus\">maanmittauslaitokselta lainhuutoa<\/a>.\u00a0Lainhuuto haetaan kuuden kuukauden sis\u00e4ll\u00e4 sopimuksen kirjoittamisesta ja se rekister\u00f6i kiinteist\u00f6n omistusoikeuden. Vain lainhuudatetun kiinteist\u00f6n voi kiinnitt\u00e4\u00e4 tai k\u00e4ytt\u00e4\u00e4 velan vakuutena. My\u00f6s kaupan vahvistaja voi laittaa rastin ruutuun omassa MML-ilmoituksessaan, joka k\u00e4ynnist\u00e4\u00e4 lainhuutoprosessin.<\/p>\n<p>Mets\u00e4lle kannattaa hankkia my\u00f6s voimassa oleva ja koko tilan kattava <strong>vakuutus<\/strong>, joka korvaa kaikki toivomasi vahingot. T\u00e4m\u00e4 ei ole pakollinen, mutta suositeltava toimenpide esim. myrskytuhojen varalta.<\/p>\n<h2>Verotus<\/h2>\n<p>Jokaisen mets\u00e4nomistajan tulee t\u00e4ytt\u00e4\u00e4 verottajan l\u00e4hett\u00e4m\u00e4 <strong>mets\u00e4talouden veroilmoitus<\/strong> 28. helmikuuta menness\u00e4. Ilmoitukseen kirjataan kaikki kuluneen kalenterivuoden aikana saadut ja maksetut arvolis\u00e4verot. Mets\u00e4talouden veroilmoituksen voi j\u00e4tt\u00e4\u00e4 t\u00e4ytt\u00e4m\u00e4tt\u00e4 silloin, kun vuoden aikana kertyneit\u00e4 mets\u00e4talouden tuloja ja menoja tai varauksiin ja mets\u00e4v\u00e4hennyksiin vaikuttavia tapahtumia ei ole.<\/p>\n<p>Pid\u00e4 kirjaa puunmyyntituloistasi, sill\u00e4 jos ne ylitt\u00e4v\u00e4t 15 000 euroa vuodessa, joudut liittym\u00e4\u00e4n <strong>ALV- velvolliseksi<\/strong> tai hakemaan poikkeuslupaan ALV-velvollisuudesta. ALV- velvolliseksi voi hakeutua, vaikka puunmyyntitulot j\u00e4\u00e4v\u00e4t alle vaaditun rajan. ALV vuosi-ilmoitus tuo nimitt\u00e4in oikeuden ALV-v\u00e4hennyksiin, joista on usein taloudellista hy\u00f6ty\u00e4 mets\u00e4nomistajille.<\/p>\n<p>Voit lukea lis\u00e4\u00e4 mets\u00e4verotuksesta ja t\u00e4ytt\u00e4\u00e4 veroilmoituksesi k\u00e4tev\u00e4sti verkossa <a href=\"https:\/\/www.vero.fi\/henkiloasiakkaat\/omaisuus\/metsa\/\">vero.fi\u00a0<\/a>-palvelussa.<\/p>\n<h2>Oikeudet ja velvollisuudet<\/h2>\n<p>Mets\u00e4n omistus tuo mukanaan vapauden lis\u00e4ksi vastuuta. Yksi esimerkki velvoitteista on mahdollisiin mets\u00e4tuhoihin reagoiminen. K\u00e4yt\u00e4nn\u00f6ss\u00e4 t\u00e4m\u00e4 tarkoittaa sit\u00e4, ett\u00e4 laki mets\u00e4tuhojen torjunnasta velvoittaa korjaamaan myrskyn kaatamat ja vaurioittamat puut pois mets\u00e4st\u00e4, jos m\u00e4\u00e4r\u00e4raja ylittyy. M\u00e4nnylle t\u00e4m\u00e4 m\u00e4\u00e4r\u00e4raja on enemm\u00e4n kuin 20 m3\/ha ja kuuselle 10 m3\/ha. Mets\u00e4nomistajana sinulla on my\u00f6s velvollisuus pit\u00e4\u00e4 huolta kiinteist\u00f6lle osuvista mets\u00e4teist\u00e4 sek\u00e4 maksaa niiden yll\u00e4pidosta. Toisaalta sinulla on my\u00f6s oikeus p\u00e4\u00e4tt\u00e4\u00e4 tien k\u00e4yt\u00f6st\u00e4 ja kunnostuksesta tiekunnan kautta. Tutustu mets\u00e4lakiin ja sen pyk\u00e4liin tarkemmin <a href=\"https:\/\/finlex.fi\/fi\/laki\/ajantasa\/1996\/19961093\">t\u00e4\u00e4ll\u00e4<\/a>.<\/p>\n<h2>Mets\u00e4nhoito<\/h2>\n<p>Ennen mets\u00e4nhoidon toimenpiteiden aloittamista on t\u00e4rke\u00e4 m\u00e4\u00e4ritt\u00e4\u00e4 mm. mets\u00e4tilan rajat, alueelle osuvat erityiset luontokohteet sek\u00e4 mets\u00e4n t\u00e4m\u00e4nhetkinen kehitysvaihe. Tietojen pohjalta laaditaan ajantasainen <strong>mets\u00e4suunnitelma<\/strong> kuvioittain, joka sis\u00e4lt\u00e4\u00e4 ehdotuksen mets\u00e4nhoitot\u00f6ist\u00e4 ja hakkuista seuraavaksi kymmeneksi vuodeksi eteenp\u00e4in. Suunnitelmaan listataan my\u00f6s suojeltavat- tai s\u00e4\u00e4stett\u00e4v\u00e4t kohteet sek\u00e4 virkistys- ja monik\u00e4ytt\u00f6\u00f6n liittyv\u00e4t asiat omien toiveiden mukaisesti. Mets\u00e4suunnitelma ei ole pakollinen, mutta helpottaa kokonaiskuvan muodostamista omasta mets\u00e4tilastaan.<\/p>\n<p>Mets\u00e4n eri kehitysvaiheisiin kuuluvat aukea, taimikko, nuori kasvatusmets\u00e4, varttunut kasvatusmets\u00e4 sek\u00e4 uudistuskyps\u00e4 mets\u00e4. Mets\u00e4nhoidon toimenpiteet valitaan mets\u00e4n kehitysvaiheesta ja yksil\u00f6llisist\u00e4 tarpeista riippuen. Mets\u00e4asiantuntijamme auttavat mielell\u00e4\u00e4n hoitotoimenpiteiden suunnittelussa. Lue lis\u00e4\u00e4 yleisimmist\u00e4 mets\u00e4nhoidon toimenpiteist\u00e4 <a href=\"https:\/\/polkky.com\/fi\/metsanhoidon-abc\/\">t\u00e4\u00e4ll\u00e4<\/a>.<\/p>\n<p>Muista, ett\u00e4 hakkuusta tulee tehd\u00e4 aina <a href=\"https:\/\/www.metsakeskus.fi\/fi\/palvelut\/metsankayttoilmoitus\">mets\u00e4nk\u00e4ytt\u00f6ilmoitus<\/a>\u00a0v\u00e4hint\u00e4\u00e4n 10 p\u00e4iv\u00e4\u00e4 ja aikaisintaan kolmen vuotta ennen toimenpiteen alkua. Kannattaa ottaa my\u00f6s selv\u00e4\u00e4 kest\u00e4v\u00e4n mets\u00e4talouden rahoituslain mukaisten tukien eli <a href=\"https:\/\/www.metsakeskus.fi\/fi\/metsatalouden-tuet\/kemera-tuet\/tietoa-kemera-tuista\">Kemera-tukien<\/a> saannin mahdollisuuksista. Tukia my\u00f6nnet\u00e4\u00e4n mm. taimikon varhaishoitoon, nuoren mets\u00e4n hoitoon sek\u00e4 mets\u00e4n terveyslannoitukseen. Tukihakemus tulee tehd\u00e4 aina ennen t\u00f6iden aloittamista.<\/p>\n<h2>Puukauppa<\/h2>\n<p>Onko puukauppa ajankohtainen? <a href=\"https:\/\/polkky.com\/fi\/puunhankinta-myy-metsaa\/lomake\/\">Ota yhteys alueesi mets\u00e4asiantuntijaan<\/a>\u00a0ja laita puukaupan py\u00f6r\u00e4t py\u00f6rim\u00e4\u00e4n! Tarkemmat tiedot kaupan eri vaiheista ja mets\u00e4n hakkuutavoista l\u00f6yd\u00e4t <a href=\"https:\/\/polkky.com\/fi\/puunhankinta-myy-metsaa\/lomake\/\">t\u00e4\u00e4lt\u00e4<\/a>.<\/p>\n<p>Me P\u00f6lkyll\u00e4 ostamme ja jalostamme lujasta pohjoisen puusta korkealaatuisia rakentamisen ratkaisuja koteihin, ty\u00f6paikkoihin ja julkisiin tiloihin. Meille kodin l\u00e4mp\u00f6, pitk\u00e4t perinteet ja el\u00e4m\u00e4nlaadun parantaminen ovat avainarvoja. Myym\u00e4ll\u00e4 puusi meille varmistat, ett\u00e4 rakkaudella kasvatettu raaka-aine ilahduttaa viel\u00e4 tulevienkin sukupolvien arkea!<\/p>\n","protected":false},"excerpt":{"rendered":"<p>Onnea onnistuneista mets\u00e4kaupoista ja tervetuloa jatkamaan sukupolvien mittaista el\u00e4m\u00e4nty\u00f6t\u00e4! Mets\u00e4nomistus tuo mukanaan paljon uutta opittavaa \u2013 varsinkin sellaiselle, joka on alalla t\u00e4ysi untuvikko. Kannattaa kuitenkin muistaa, ettet ole tilanteessa t\u00e4ysin yksin, sill\u00e4 Suomesta l\u00f6ytyy yhteens\u00e4 yli 600\u00a0000 mets\u00e4nomistajaa! Mets\u00e4nomistajien lis\u00e4ksi mets\u00e4nhoidon alkutaipaleella sinua auttavat useat eri mets\u00e4talouden ja -teollisuuden tahot, kuten asiantuntijamme P\u00f6lkyll\u00e4. T\u00e4h\u00e4n artikkeliin [&hellip;]<\/p>\n","protected":false},"author":1,"featured_media":3499,"parent":0,"menu_order":0,"comment_status":"closed","ping_status":"closed","template":"","meta":{"inline_featured_image":false},"acf":[],"yoast_head":"<!-- This site is optimized with the Yoast SEO plugin v20.6 - https:\/\/yoast.com\/wordpress\/plugins\/seo\/ -->\n<title>Uusi mets\u00e4nomistaja \u2013 muista n\u00e4m\u00e4! - Po\u0308lkky<\/title>\n<meta name=\"description\" content=\"Uuden mets\u00e4nomistajan muistilista sek\u00e4 pino hy\u00f6dyllisi\u00e4 linkkej\u00e4, joihin tutustua ennen varsinaisen mets\u00e4nhoidon aloittamista.\" \/>\n<meta name=\"robots\" content=\"index, follow, max-snippet:-1, max-image-preview:large, max-video-preview:-1\" \/>\n<link rel=\"canonical\" href=\"https:\/\/polkky.com\/fi\/uusi-metsanomistaja\/\" \/>\n<meta property=\"og:locale\" content=\"fi_FI\" \/>\n<meta property=\"og:type\" content=\"article\" \/>\n<meta property=\"og:title\" content=\"Uusi mets\u00e4nomistaja \u2013 muista n\u00e4m\u00e4! - Po\u0308lkky\" \/>\n<meta property=\"og:description\" content=\"Uuden mets\u00e4nomistajan muistilista sek\u00e4 pino hy\u00f6dyllisi\u00e4 linkkej\u00e4, joihin tutustua ennen varsinaisen mets\u00e4nhoidon aloittamista.\" \/>\n<meta property=\"og:url\" content=\"https:\/\/polkky.com\/fi\/uusi-metsanomistaja\/\" \/>\n<meta property=\"og:site_name\" content=\"Po\u0308lkky\" \/>\n<meta property=\"article:publisher\" content=\"https:\/\/www.facebook.com\/P%c3%b6lkky-Oy-201264536571431\/\" \/>\n<meta property=\"article:modified_time\" content=\"2022-01-12T09:18:01+00:00\" \/>\n<meta property=\"og:image\" content=\"https:\/\/polkky.com\/wp-content\/uploads\/2022\/01\/Polkky_uusi_metsanomistaja-1024x1024.png\" \/>\n\t<meta property=\"og:image:width\" content=\"1024\" \/>\n\t<meta property=\"og:image:height\" content=\"1024\" \/>\n\t<meta property=\"og:image:type\" content=\"image\/png\" \/>\n<meta name=\"twitter:card\" content=\"summary_large_image\" \/>\n<meta name=\"twitter:label1\" content=\"Arvioitu lukuaika\" \/>\n\t<meta name=\"twitter:data1\" content=\"4 minuuttia\" \/>\n<script type=\"application\/ld+json\" class=\"yoast-schema-graph\">{\"@context\":\"https:\/\/schema.org\",\"@graph\":[{\"@type\":\"WebPage\",\"@id\":\"https:\/\/polkky.com\/fi\/uusi-metsanomistaja\/\",\"url\":\"https:\/\/polkky.com\/fi\/uusi-metsanomistaja\/\",\"name\":\"Uusi mets\u00e4nomistaja \u2013 muista n\u00e4m\u00e4! - Po\u0308lkky\",\"isPartOf\":{\"@id\":\"https:\/\/polkky.com\/#website\"},\"datePublished\":\"2021-10-22T13:02:55+00:00\",\"dateModified\":\"2022-01-12T09:18:01+00:00\",\"description\":\"Uuden mets\u00e4nomistajan muistilista sek\u00e4 pino hy\u00f6dyllisi\u00e4 linkkej\u00e4, joihin tutustua ennen varsinaisen mets\u00e4nhoidon aloittamista.\",\"breadcrumb\":{\"@id\":\"https:\/\/polkky.com\/fi\/uusi-metsanomistaja\/#breadcrumb\"},\"inLanguage\":\"fi\",\"potentialAction\":[{\"@type\":\"ReadAction\",\"target\":[\"https:\/\/polkky.com\/fi\/uusi-metsanomistaja\/\"]}]},{\"@type\":\"BreadcrumbList\",\"@id\":\"https:\/\/polkky.com\/fi\/uusi-metsanomistaja\/#breadcrumb\",\"itemListElement\":[{\"@type\":\"ListItem\",\"position\":1,\"name\":\"Home\",\"item\":\"https:\/\/polkky.com\/fi\/\"},{\"@type\":\"ListItem\",\"position\":2,\"name\":\"Uusi mets\u00e4nomistaja \u2013 muista n\u00e4m\u00e4!\"}]},{\"@type\":\"WebSite\",\"@id\":\"https:\/\/polkky.com\/#website\",\"url\":\"https:\/\/polkky.com\/\",\"name\":\"Po\u0308lkky\",\"description\":\"\",\"publisher\":{\"@id\":\"https:\/\/polkky.com\/#organization\"},\"potentialAction\":[{\"@type\":\"SearchAction\",\"target\":{\"@type\":\"EntryPoint\",\"urlTemplate\":\"https:\/\/polkky.com\/?s={search_term_string}\"},\"query-input\":\"required name=search_term_string\"}],\"inLanguage\":\"fi\"},{\"@type\":\"Organization\",\"@id\":\"https:\/\/polkky.com\/#organization\",\"name\":\"P\u00f6lkky Oy\",\"url\":\"https:\/\/polkky.com\/\",\"logo\":{\"@type\":\"ImageObject\",\"inLanguage\":\"fi\",\"@id\":\"https:\/\/polkky.com\/#\/schema\/logo\/image\/\",\"url\":\"https:\/\/polkky.com\/wp-content\/uploads\/2018\/09\/logo-small.svg\",\"contentUrl\":\"https:\/\/polkky.com\/wp-content\/uploads\/2018\/09\/logo-small.svg\",\"width\":119,\"height\":24,\"caption\":\"P\u00f6lkky Oy\"},\"image\":{\"@id\":\"https:\/\/polkky.com\/#\/schema\/logo\/image\/\"},\"sameAs\":[\"https:\/\/www.facebook.com\/P\u00f6lkky-Oy-201264536571431\/\",\"https:\/\/www.linkedin.com\/company\/polkky\"]}]}<\/script>\n<!-- \/ Yoast SEO plugin. -->","yoast_head_json":{"title":"Uusi mets\u00e4nomistaja \u2013 muista n\u00e4m\u00e4! - Po\u0308lkky","description":"Uuden mets\u00e4nomistajan muistilista sek\u00e4 pino hy\u00f6dyllisi\u00e4 linkkej\u00e4, joihin tutustua ennen varsinaisen mets\u00e4nhoidon aloittamista.","robots":{"index":"index","follow":"follow","max-snippet":"max-snippet:-1","max-image-preview":"max-image-preview:large","max-video-preview":"max-video-preview:-1"},"canonical":"https:\/\/polkky.com\/fi\/uusi-metsanomistaja\/","og_locale":"fi_FI","og_type":"article","og_title":"Uusi mets\u00e4nomistaja \u2013 muista n\u00e4m\u00e4! - Po\u0308lkky","og_description":"Uuden mets\u00e4nomistajan muistilista sek\u00e4 pino hy\u00f6dyllisi\u00e4 linkkej\u00e4, joihin tutustua ennen varsinaisen mets\u00e4nhoidon aloittamista.","og_url":"https:\/\/polkky.com\/fi\/uusi-metsanomistaja\/","og_site_name":"Po\u0308lkky","article_publisher":"https:\/\/www.facebook.com\/P%c3%b6lkky-Oy-201264536571431\/","article_modified_time":"2022-01-12T09:18:01+00:00","og_image":[{"width":1024,"height":1024,"url":"https:\/\/polkky.com\/wp-content\/uploads\/2022\/01\/Polkky_uusi_metsanomistaja-1024x1024.png","type":"image\/png"}],"twitter_card":"summary_large_image","twitter_misc":{"Arvioitu lukuaika":"4 minuuttia"},"schema":{"@context":"https:\/\/schema.org","@graph":[{"@type":"WebPage","@id":"https:\/\/polkky.com\/fi\/uusi-metsanomistaja\/","url":"https:\/\/polkky.com\/fi\/uusi-metsanomistaja\/","name":"Uusi mets\u00e4nomistaja \u2013 muista n\u00e4m\u00e4! - Po\u0308lkky","isPartOf":{"@id":"https:\/\/polkky.com\/#website"},"datePublished":"2021-10-22T13:02:55+00:00","dateModified":"2022-01-12T09:18:01+00:00","description":"Uuden mets\u00e4nomistajan muistilista sek\u00e4 pino hy\u00f6dyllisi\u00e4 linkkej\u00e4, joihin tutustua ennen varsinaisen mets\u00e4nhoidon aloittamista.","breadcrumb":{"@id":"https:\/\/polkky.com\/fi\/uusi-metsanomistaja\/#breadcrumb"},"inLanguage":"fi","potentialAction":[{"@type":"ReadAction","target":["https:\/\/polkky.com\/fi\/uusi-metsanomistaja\/"]}]},{"@type":"BreadcrumbList","@id":"https:\/\/polkky.com\/fi\/uusi-metsanomistaja\/#breadcrumb","itemListElement":[{"@type":"ListItem","position":1,"name":"Home","item":"https:\/\/polkky.com\/fi\/"},{"@type":"ListItem","position":2,"name":"Uusi mets\u00e4nomistaja \u2013 muista n\u00e4m\u00e4!"}]},{"@type":"WebSite","@id":"https:\/\/polkky.com\/#website","url":"https:\/\/polkky.com\/","name":"Po\u0308lkky","description":"","publisher":{"@id":"https:\/\/polkky.com\/#organization"},"potentialAction":[{"@type":"SearchAction","target":{"@type":"EntryPoint","urlTemplate":"https:\/\/polkky.com\/?s={search_term_string}"},"query-input":"required name=search_term_string"}],"inLanguage":"fi"},{"@type":"Organization","@id":"https:\/\/polkky.com\/#organization","name":"P\u00f6lkky Oy","url":"https:\/\/polkky.com\/","logo":{"@type":"ImageObject","inLanguage":"fi","@id":"https:\/\/polkky.com\/#\/schema\/logo\/image\/","url":"https:\/\/polkky.com\/wp-content\/uploads\/2018\/09\/logo-small.svg","contentUrl":"https:\/\/polkky.com\/wp-content\/uploads\/2018\/09\/logo-small.svg","width":119,"height":24,"caption":"P\u00f6lkky Oy"},"image":{"@id":"https:\/\/polkky.com\/#\/schema\/logo\/image\/"},"sameAs":["https:\/\/www.facebook.com\/P\u00f6lkky-Oy-201264536571431\/","https:\/\/www.linkedin.com\/company\/polkky"]}]}},"_links":{"self":[{"href":"https:\/\/polkky.com\/fi\/wp-json\/wp\/v2\/pages\/3352"}],"collection":[{"href":"https:\/\/polkky.com\/fi\/wp-json\/wp\/v2\/pages"}],"about":[{"href":"https:\/\/polkky.com\/fi\/wp-json\/wp\/v2\/types\/page"}],"author":[{"embeddable":true,"href":"https:\/\/polkky.com\/fi\/wp-json\/wp\/v2\/users\/1"}],"replies":[{"embeddable":true,"href":"https:\/\/polkky.com\/fi\/wp-json\/wp\/v2\/comments?post=3352"}],"version-history":[{"count":0,"href":"https:\/\/polkky.com\/fi\/wp-json\/wp\/v2\/pages\/3352\/revisions"}],"wp:featuredmedia":[{"embeddable":true,"href":"https:\/\/polkky.com\/fi\/wp-json\/wp\/v2\/media\/3499"}],"wp:attachment":[{"href":"https:\/\/polkky.com\/fi\/wp-json\/wp\/v2\/media?parent=3352"}],"curies":[{"name":"wp","href":"https:\/\/api.w.org\/{rel}","templated":true}]}}