{"id":3353,"date":"2022-12-21T13:50:09","date_gmt":"2022-12-21T11:50:09","guid":{"rendered":"https:\/\/polkky.com\/?page_id=3353"},"modified":"2022-12-21T13:51:21","modified_gmt":"2022-12-21T11:51:21","slug":"metsanhoidon-abc","status":"publish","type":"page","link":"https:\/\/polkky.com\/fi\/metsanhoidon-abc\/","title":{"rendered":"Mets\u00e4nhoidon ABC"},"content":{"rendered":"<p>Mets\u00e4ll\u00e4 on viisi eri kehitysvaihetta: aukea, taimikko, nuori kasvatusmets\u00e4, varttunut kasvatusmets\u00e4 sek\u00e4 uudistuskyps\u00e4 mets\u00e4. Joissain tapauksissa my\u00f6s taimikko voidaan jakaa kehitykselt\u00e4 kahteen osaan: pieneen ja varttuneeseen taimikkoon. Ajankohtaiset mets\u00e4nhoidon toimenpiteet valitaankin usein n\u00e4iden edell\u00e4 mainittujen kehitysvaiheiden mukaisesti. Lis\u00e4ksi on olemassa liuta vapaasti valittavia toimenpiteit\u00e4, jotka edist\u00e4v\u00e4t mets\u00e4n hyvinvointia ja monimuotoisuutta.<\/p>\n<p>Useat yleisimmist\u00e4 mets\u00e4nhoidon toimenpiteist\u00e4 onnistuvat kokeneelta mets\u00e4nomistajalta omatoimisesti. Tiedon, taidon ja v\u00e4lineiden loppuessa on kannattaa kuitenkin k\u00e4\u00e4nty\u00e4 ammattilaisten puoleen. Mets\u00e4n asianmukaisella hoidolla maksimoit taloudellisen hy\u00f6dyn sek\u00e4 p\u00e4\u00e4set nauttimaan sen tuomista virkistysmahdollisuuksista jokaisessa elinkaaren vaiheessa.<\/p>\n<p>T\u00e4ss\u00e4 artikkelissa k\u00e4ymme l\u00e4pi kaikki yleisimm\u00e4t mets\u00e4nhoidon termit sek\u00e4 tutustumme jatkuvaan kasvatukseen ja muihin mets\u00e4nhoidon toimenpiteisiin.<\/p>\n<h2>Aukea<\/h2>\n<p>Mets\u00e4n elinkaari alkaa aukeasta ja p\u00e4\u00e4ttyy uudistushakkuuseen. Vasta hakatulle aukealle tehd\u00e4\u00e4n tarvittaessa\u00a0<strong>uudistusalan raivaus<\/strong>. T\u00e4ll\u00f6in tarpeeton puusto, joka haittaa uuden taimisukupolven kehityst\u00e4 poistetaan. Uudistusalan raivauksen yhteydess\u00e4 j\u00e4tet\u00e4\u00e4n poistamatta mm. s\u00e4\u00e4st\u00f6puut, riistaa suojaavat tiheik\u00f6t, kolopuut ja muu luonnon monimuotoisuutta edist\u00e4v\u00e4 puusto.<\/p>\n<p><strong>Maanmuokkauksessa<\/strong> tulevalle puusukupolvelle luodaan paras mahdollinen kasvualusta. Oikea maanmuokkausmenetelm\u00e4 valitaan maalajista, maaper\u00e4n ravinteisuudesta ja viljelt\u00e4v\u00e4st\u00e4 puulajista riippuen. On suositeltavaa, ett\u00e4 mets\u00e4nomistaja keskustelee maanmuokkauksesta ammattilaisen kanssa<\/p>\n<p>Lopulta muokatulle alueelle <strong>kylvet\u00e4\u00e4n siemenet<\/strong> tai <strong>istutetaan taimet<\/strong>. N\u00e4in uuden taimikon perustaminen tapahtuu varmemmin ja nopeammin, kuin luontaista uusiutumista k\u00e4ytett\u00e4ess\u00e4. Siementen kylv\u00f6 tehd\u00e4\u00e4n usein yht\u00e4 aikaa maanmuokkauksen kanssa, kun taas taimenten istutus tapahtuu k\u00e4sivoimin muiden toimenpiteiden j\u00e4lkeen.<\/p>\n<h2>Taimikonhoito<\/h2>\n<p><strong>Hein\u00e4stys <\/strong>on voi olla tarpeellinen mets\u00e4nhoidon toimenpide rehevill\u00e4 kasvupaikoilla nuoren taimikon alkutaipaleella. Hein\u00e4styksess\u00e4 uudistusalan hein\u00e4t poljetaan tasaiseksi jaloin tai niitet\u00e4\u00e4n mekaanisesti. N\u00e4in varmistetaan, ett\u00e4 nuorelle taimikolle riitt\u00e4\u00e4 tarpeeksi valoa ja ravinteita.<\/p>\n<p>Taimikon<strong> varhaisperkkauksessa, <\/strong>sen kasvua hidastava lehtipuuvesakko poistetaan. Samalla karsitaan liian tihe\u00e4sti kasvavat taimiryhm\u00e4t. T\u00e4ll\u00e4 toimenpiteell\u00e4 taimikon kasvu turvataan samalla, kun riski mahdollisiin puustovaurioihin v\u00e4henee.<\/p>\n<p>Seuraavan kerran<strong> taimikkoa harvennetaan <\/strong>puulajista riippuen keskim\u00e4\u00e4rin 4 metrin pituusvaiheessa. Usein kuitenkin odotetaan, ett\u00e4 taimikko kasvaa pidemm\u00e4ksi, jolloin se ei ole en\u00e4\u00e4 niin altis hirvituhoille. Taimikon harvennuksessa etukasvuiset ja laadultaan huonot puut poistetaan, jotta hyv\u00e4laatuiset puut saavat enemm\u00e4n tilaa kasvaa. Lopullinen harvennustiheys m\u00e4\u00e4r\u00e4ytyy p\u00e4\u00e4puulajin mukaan. Taimikon harvennuksesta l\u00e4htien huomioidaan jo koko mets\u00e4n kiertokulku j\u00e4tt\u00e4en sopivia kohteita harventamatta riistaa ja luonnonmonimuotoisuutta edist\u00e4m\u00e4\u00e4n. Lis\u00e4ksi suositaan sekapuustoisuutta, mik\u00e4li taimikon alkutilanne sen mahdollistaa.<\/p>\n<h2>Nuori ja varttunut kasvatusmets\u00e4<\/h2>\n<p><strong>Nuoren mets\u00e4n hoito<\/strong> on verrattavissa taimikon varhaisperkkaukseen. Toimenpide suoritetaan, jos mets\u00e4 on kasvanut liian tihe\u00e4n\u00e4 liian pitk\u00e4\u00e4n. Hoitotoimenpide on satsaus tulevaisuuteen, sill\u00e4 se helpottaa puuston kasvua ja tulevien harvennusten tekoa.<\/p>\n<p>Mets\u00e4n<strong> ensiharvennus <\/strong>suoritetaan Pohjois-Suomessa noin 30\u201340 vuotta uudistuksen j\u00e4lkeen. <strong>\u00a0<\/strong>Ensiharvennus on t\u00e4rke\u00e4 suorittaa ennen, kuin puiden latvukset supistuvat kilpailun seurauksena ja todenn\u00e4k\u00f6isyys vankan tukkipuun muodostumiseksi pienenee. Ajoissa tehdyll\u00e4 ensiharvennuksella v\u00e4ltet\u00e4\u00e4n my\u00f6s puiden riukuuntuminen, joka altistaa mets\u00e4n lumen aiheuttamille tykkytuhoille. Tarvittaessa harvennettavalle alueelle tehd\u00e4\u00e4n ennakkoraivaus, jolla mahdollistetaan hakkuun onnistuminen ja siisti lopputulos. Ensiharvennuksen j\u00e4lkeen seuraava <strong>harvennus<\/strong> suoritetaan noin 15\u201325 vuoden j\u00e4lkeen.<\/p>\n<h2>Uudistuskyps\u00e4 mets\u00e4<\/h2>\n<p>Kun uudistuskyps\u00e4 mets\u00e4 kaadetaan, suoritetaan hakkuu yleens\u00e4 <strong>avo- tai siemenpuuhakkuuna<\/strong>. Avohakkuussa kaikki puut kaadetaan, lukuun ottamatta s\u00e4\u00e4st\u00f6puuryhmi\u00e4, vesist\u00f6jen varsille j\u00e4tett\u00e4vi\u00e4 suojakaistoja, erityisen t\u00e4rkeit\u00e4 elinymp\u00e4rist\u00f6j\u00e4 sek\u00e4 muita ymp\u00e4rist\u00f6n kannalta t\u00e4rkeit\u00e4 luontokohteita. Siemenhakkuussa alueelle j\u00e4tet\u00e4\u00e4n puita, joiden siemenist\u00e4 odotetaan syntyv\u00e4n uusi puusukupolvi.<\/p>\n<p>Pohjoinen mets\u00e4 on uudistuskyps\u00e4 arviolta 60\u2013150 vuoden v\u00e4lein. Kiertoajan pituus riippuu paljon mets\u00e4nhoidollisten t\u00f6iden oikea-aikaisuudesta. Kiertoajan aikana tuloja syntyy kuitenkin my\u00f6s mets\u00e4n muissa mets\u00e4n kehitysvaiheissa ja hoitotoimenpiteiss\u00e4, kuten kasvatusmets\u00e4n harvennuksessa.<\/p>\n<h2>Jatkuva Kasvatus<\/h2>\n<p><strong>Jatkuva kasvatus<\/strong> on mahdollista noin 5\u201310 % p\u00e4\u00e4tehakkuukohteissa. Jatkuvan kasvatuksen metsiss\u00e4 puut ovat eri-ik\u00e4rakenteisia, joka antaa mahdollisuuden kasvattaa metsikk\u00f6\u00e4 jatkuvan kasvatuksen periaatteella. Jatkuvassa kasvatuksessa mets\u00e4n uudistamisessa j\u00e4ljitell\u00e4\u00e4n mets\u00e4n luontaista kiertokulkua niin, ett\u00e4 uudet taimet syntyv\u00e4t el\u00e4v\u00e4n puuston siemenist\u00e4. T\u00e4llaisissa metsiss\u00e4 s\u00e4\u00e4nn\u00f6lliset hakkuut ovat erityisen t\u00e4rke\u00e4ss\u00e4 asemassa, jotta pienemm\u00e4t taimet ja puut saavat tilaa kasvaa. Mets\u00e4n hakkuukierto toistuukin noin 15\u201320 vuoden v\u00e4lein.<\/p>\n<p>Eri-ik\u00e4rakenteisissa metsiss\u00e4 hakkuut suoritetaan <strong>poiminta- ja pienaukkohakkuina. <\/strong>Poimintahakkuussa<span style=\"text-decoration: line-through;\">s<\/span>uurimmat, uudistuskyps\u00e4t puut poistetaan j\u00e4ljell\u00e4 j\u00e4\u00e4v\u00e4n puuston laatua parantaen, kun taas pienaukkohakkuussa mets\u00e4\u00e4n hakataan kerrallaan pieni\u00e4, alle 0,3 hehtaarin kokoisia aukkoja. Mik\u00e4li uutta taimisukupolvea ei synny luontaisesti hakkuun j\u00e4lkeen riitt\u00e4v\u00e4sti, joudutaan metsikk\u00f6 uudistamaan viljelem\u00e4ll\u00e4, jos sen halutaan olevan taloudellisesti tuottava ja hiilt\u00e4 sitova puuston kasvun kautta.<\/p>\n<h2>Muut mets\u00e4nhoidon toimenpiteet<\/h2>\n<p>Mets\u00e4n elinkaaren varrelle mahtuu my\u00f6s paljon muita, valinnaisia mets\u00e4nhoidon toimenpiteit\u00e4, jotka lis\u00e4\u00e4v\u00e4t mets\u00e4n hyvinvointia ja monimuotoisuutta. Kerromme n\u00e4ist\u00e4 toimenpiteist\u00e4 lis\u00e4\u00e4 tulevissa artikkeleissamme.<\/p>\n<p>&nbsp;<\/p>\n","protected":false},"excerpt":{"rendered":"<p>Mets\u00e4ll\u00e4 on viisi eri kehitysvaihetta: aukea, taimikko, nuori kasvatusmets\u00e4, varttunut kasvatusmets\u00e4 sek\u00e4 uudistuskyps\u00e4 mets\u00e4. Joissain tapauksissa my\u00f6s taimikko voidaan jakaa kehitykselt\u00e4 kahteen osaan: pieneen ja varttuneeseen taimikkoon. Ajankohtaiset mets\u00e4nhoidon toimenpiteet valitaankin usein n\u00e4iden edell\u00e4 mainittujen kehitysvaiheiden mukaisesti. Lis\u00e4ksi on olemassa liuta vapaasti valittavia toimenpiteit\u00e4, jotka edist\u00e4v\u00e4t mets\u00e4n hyvinvointia ja monimuotoisuutta. Useat yleisimmist\u00e4 mets\u00e4nhoidon toimenpiteist\u00e4 onnistuvat [&hellip;]<\/p>\n","protected":false},"author":15,"featured_media":3495,"parent":0,"menu_order":0,"comment_status":"closed","ping_status":"closed","template":"","meta":{"inline_featured_image":false},"acf":[],"yoast_head":"<!-- This site is optimized with the Yoast SEO plugin v20.6 - https:\/\/yoast.com\/wordpress\/plugins\/seo\/ -->\n<title>Mets\u00e4nhoidon ABC - Po\u0308lkky<\/title>\n<meta name=\"description\" content=\"Tutustu yleisimpiin mets\u00e4nhoidon termeihin, jatkuvaan kasvatukseen sek\u00e4 muihin mets\u00e4nhoidon toimenpiteisiin.\" \/>\n<meta name=\"robots\" content=\"index, follow, max-snippet:-1, max-image-preview:large, max-video-preview:-1\" \/>\n<link rel=\"canonical\" href=\"https:\/\/polkky.com\/fi\/metsanhoidon-abc\/\" \/>\n<meta property=\"og:locale\" content=\"fi_FI\" \/>\n<meta property=\"og:type\" content=\"article\" \/>\n<meta property=\"og:title\" content=\"Mets\u00e4nhoidon ABC - Po\u0308lkky\" \/>\n<meta property=\"og:description\" content=\"Tutustu yleisimpiin mets\u00e4nhoidon termeihin, jatkuvaan kasvatukseen sek\u00e4 muihin mets\u00e4nhoidon toimenpiteisiin.\" \/>\n<meta property=\"og:url\" content=\"https:\/\/polkky.com\/fi\/metsanhoidon-abc\/\" \/>\n<meta property=\"og:site_name\" content=\"Po\u0308lkky\" \/>\n<meta property=\"article:publisher\" content=\"https:\/\/www.facebook.com\/P%c3%b6lkky-Oy-201264536571431\/\" \/>\n<meta property=\"article:modified_time\" content=\"2022-12-21T11:51:21+00:00\" \/>\n<meta property=\"og:image\" content=\"https:\/\/polkky.com\/wp-content\/uploads\/2022\/01\/Polkky_metsanhoito.png\" \/>\n\t<meta property=\"og:image:width\" content=\"1080\" \/>\n\t<meta property=\"og:image:height\" content=\"1080\" \/>\n\t<meta property=\"og:image:type\" content=\"image\/png\" \/>\n<meta name=\"twitter:card\" content=\"summary_large_image\" \/>\n<meta name=\"twitter:label1\" content=\"Arvioitu lukuaika\" \/>\n\t<meta name=\"twitter:data1\" content=\"4 minuuttia\" \/>\n<script type=\"application\/ld+json\" class=\"yoast-schema-graph\">{\"@context\":\"https:\/\/schema.org\",\"@graph\":[{\"@type\":\"WebPage\",\"@id\":\"https:\/\/polkky.com\/fi\/metsanhoidon-abc\/\",\"url\":\"https:\/\/polkky.com\/fi\/metsanhoidon-abc\/\",\"name\":\"Mets\u00e4nhoidon ABC - Po\u0308lkky\",\"isPartOf\":{\"@id\":\"https:\/\/polkky.com\/#website\"},\"datePublished\":\"2022-12-21T11:50:09+00:00\",\"dateModified\":\"2022-12-21T11:51:21+00:00\",\"description\":\"Tutustu yleisimpiin mets\u00e4nhoidon termeihin, jatkuvaan kasvatukseen sek\u00e4 muihin mets\u00e4nhoidon toimenpiteisiin.\",\"breadcrumb\":{\"@id\":\"https:\/\/polkky.com\/fi\/metsanhoidon-abc\/#breadcrumb\"},\"inLanguage\":\"fi\",\"potentialAction\":[{\"@type\":\"ReadAction\",\"target\":[\"https:\/\/polkky.com\/fi\/metsanhoidon-abc\/\"]}]},{\"@type\":\"BreadcrumbList\",\"@id\":\"https:\/\/polkky.com\/fi\/metsanhoidon-abc\/#breadcrumb\",\"itemListElement\":[{\"@type\":\"ListItem\",\"position\":1,\"name\":\"Home\",\"item\":\"https:\/\/polkky.com\/fi\/\"},{\"@type\":\"ListItem\",\"position\":2,\"name\":\"Mets\u00e4nhoidon ABC\"}]},{\"@type\":\"WebSite\",\"@id\":\"https:\/\/polkky.com\/#website\",\"url\":\"https:\/\/polkky.com\/\",\"name\":\"Po\u0308lkky\",\"description\":\"\",\"publisher\":{\"@id\":\"https:\/\/polkky.com\/#organization\"},\"potentialAction\":[{\"@type\":\"SearchAction\",\"target\":{\"@type\":\"EntryPoint\",\"urlTemplate\":\"https:\/\/polkky.com\/?s={search_term_string}\"},\"query-input\":\"required name=search_term_string\"}],\"inLanguage\":\"fi\"},{\"@type\":\"Organization\",\"@id\":\"https:\/\/polkky.com\/#organization\",\"name\":\"P\u00f6lkky Oy\",\"url\":\"https:\/\/polkky.com\/\",\"logo\":{\"@type\":\"ImageObject\",\"inLanguage\":\"fi\",\"@id\":\"https:\/\/polkky.com\/#\/schema\/logo\/image\/\",\"url\":\"https:\/\/polkky.com\/wp-content\/uploads\/2018\/09\/logo-small.svg\",\"contentUrl\":\"https:\/\/polkky.com\/wp-content\/uploads\/2018\/09\/logo-small.svg\",\"width\":119,\"height\":24,\"caption\":\"P\u00f6lkky Oy\"},\"image\":{\"@id\":\"https:\/\/polkky.com\/#\/schema\/logo\/image\/\"},\"sameAs\":[\"https:\/\/www.facebook.com\/P\u00f6lkky-Oy-201264536571431\/\",\"https:\/\/www.linkedin.com\/company\/polkky\"]}]}<\/script>\n<!-- \/ Yoast SEO plugin. -->","yoast_head_json":{"title":"Mets\u00e4nhoidon ABC - Po\u0308lkky","description":"Tutustu yleisimpiin mets\u00e4nhoidon termeihin, jatkuvaan kasvatukseen sek\u00e4 muihin mets\u00e4nhoidon toimenpiteisiin.","robots":{"index":"index","follow":"follow","max-snippet":"max-snippet:-1","max-image-preview":"max-image-preview:large","max-video-preview":"max-video-preview:-1"},"canonical":"https:\/\/polkky.com\/fi\/metsanhoidon-abc\/","og_locale":"fi_FI","og_type":"article","og_title":"Mets\u00e4nhoidon ABC - Po\u0308lkky","og_description":"Tutustu yleisimpiin mets\u00e4nhoidon termeihin, jatkuvaan kasvatukseen sek\u00e4 muihin mets\u00e4nhoidon toimenpiteisiin.","og_url":"https:\/\/polkky.com\/fi\/metsanhoidon-abc\/","og_site_name":"Po\u0308lkky","article_publisher":"https:\/\/www.facebook.com\/P%c3%b6lkky-Oy-201264536571431\/","article_modified_time":"2022-12-21T11:51:21+00:00","og_image":[{"width":1080,"height":1080,"url":"https:\/\/polkky.com\/wp-content\/uploads\/2022\/01\/Polkky_metsanhoito.png","type":"image\/png"}],"twitter_card":"summary_large_image","twitter_misc":{"Arvioitu lukuaika":"4 minuuttia"},"schema":{"@context":"https:\/\/schema.org","@graph":[{"@type":"WebPage","@id":"https:\/\/polkky.com\/fi\/metsanhoidon-abc\/","url":"https:\/\/polkky.com\/fi\/metsanhoidon-abc\/","name":"Mets\u00e4nhoidon ABC - Po\u0308lkky","isPartOf":{"@id":"https:\/\/polkky.com\/#website"},"datePublished":"2022-12-21T11:50:09+00:00","dateModified":"2022-12-21T11:51:21+00:00","description":"Tutustu yleisimpiin mets\u00e4nhoidon termeihin, jatkuvaan kasvatukseen sek\u00e4 muihin mets\u00e4nhoidon toimenpiteisiin.","breadcrumb":{"@id":"https:\/\/polkky.com\/fi\/metsanhoidon-abc\/#breadcrumb"},"inLanguage":"fi","potentialAction":[{"@type":"ReadAction","target":["https:\/\/polkky.com\/fi\/metsanhoidon-abc\/"]}]},{"@type":"BreadcrumbList","@id":"https:\/\/polkky.com\/fi\/metsanhoidon-abc\/#breadcrumb","itemListElement":[{"@type":"ListItem","position":1,"name":"Home","item":"https:\/\/polkky.com\/fi\/"},{"@type":"ListItem","position":2,"name":"Mets\u00e4nhoidon ABC"}]},{"@type":"WebSite","@id":"https:\/\/polkky.com\/#website","url":"https:\/\/polkky.com\/","name":"Po\u0308lkky","description":"","publisher":{"@id":"https:\/\/polkky.com\/#organization"},"potentialAction":[{"@type":"SearchAction","target":{"@type":"EntryPoint","urlTemplate":"https:\/\/polkky.com\/?s={search_term_string}"},"query-input":"required name=search_term_string"}],"inLanguage":"fi"},{"@type":"Organization","@id":"https:\/\/polkky.com\/#organization","name":"P\u00f6lkky Oy","url":"https:\/\/polkky.com\/","logo":{"@type":"ImageObject","inLanguage":"fi","@id":"https:\/\/polkky.com\/#\/schema\/logo\/image\/","url":"https:\/\/polkky.com\/wp-content\/uploads\/2018\/09\/logo-small.svg","contentUrl":"https:\/\/polkky.com\/wp-content\/uploads\/2018\/09\/logo-small.svg","width":119,"height":24,"caption":"P\u00f6lkky Oy"},"image":{"@id":"https:\/\/polkky.com\/#\/schema\/logo\/image\/"},"sameAs":["https:\/\/www.facebook.com\/P\u00f6lkky-Oy-201264536571431\/","https:\/\/www.linkedin.com\/company\/polkky"]}]}},"_links":{"self":[{"href":"https:\/\/polkky.com\/fi\/wp-json\/wp\/v2\/pages\/3353"}],"collection":[{"href":"https:\/\/polkky.com\/fi\/wp-json\/wp\/v2\/pages"}],"about":[{"href":"https:\/\/polkky.com\/fi\/wp-json\/wp\/v2\/types\/page"}],"author":[{"embeddable":true,"href":"https:\/\/polkky.com\/fi\/wp-json\/wp\/v2\/users\/15"}],"replies":[{"embeddable":true,"href":"https:\/\/polkky.com\/fi\/wp-json\/wp\/v2\/comments?post=3353"}],"version-history":[{"count":0,"href":"https:\/\/polkky.com\/fi\/wp-json\/wp\/v2\/pages\/3353\/revisions"}],"wp:featuredmedia":[{"embeddable":true,"href":"https:\/\/polkky.com\/fi\/wp-json\/wp\/v2\/media\/3495"}],"wp:attachment":[{"href":"https:\/\/polkky.com\/fi\/wp-json\/wp\/v2\/media?parent=3353"}],"curies":[{"name":"wp","href":"https:\/\/api.w.org\/{rel}","templated":true}]}}