{"id":3354,"date":"2021-10-22T15:05:22","date_gmt":"2021-10-22T13:05:22","guid":{"rendered":"https:\/\/polkky.com\/?page_id=3354"},"modified":"2022-01-12T11:16:23","modified_gmt":"2022-01-12T09:16:23","slug":"metsaa-perintona","status":"publish","type":"page","link":"https:\/\/polkky.com\/fi\/metsaa-perintona\/","title":{"rendered":"Mets\u00e4\u00e4 perint\u00f6n\u00e4 \u2013 mit\u00e4 tehd\u00e4?"},"content":{"rendered":"<p>Joskus mets\u00e4tilan periminen saattaa tapahtua aivan yll\u00e4tt\u00e4en. Jos mets\u00e4n tulevaisuus on tapahtumahetkell\u00e4 viel\u00e4 avoin, kannattaa sen hallinnoimisesta sopia tilap\u00e4isesti perikunnan j\u00e4senten kesken. T\u00e4m\u00e4 tarkoittaa yleens\u00e4 sit\u00e4, ett\u00e4 yksi perikunnan j\u00e4senist\u00e4 perehtyy ja huolehtii mets\u00e4talousasioista, kunnes toisin p\u00e4\u00e4tet\u00e4\u00e4n.<\/p>\n<p>Valittu henkil\u00f6 voi tutustua tilan tietoihin tarkemmin esim. mets\u00e4\u00e4n.fi palvelun kautta. Samalla kannattaa my\u00f6s tarkistaa, onko tilalla voimassa olevia sopimuksia puukaupoista tai mets\u00e4nhoitopalveluista. Mik\u00e4li valitulla henkil\u00f6ll\u00e4 tai muilla perikunnan j\u00e4senill\u00e4 her\u00e4\u00e4 kysymyksi\u00e4 tilan pitoon liittyen, kannattaa asian tiimoilta olla rohkeasti yhteydess\u00e4 mets\u00e4ammattilaiseen.<\/p>\n<h2>Mets\u00e4n arvon selvitt\u00e4minen<\/h2>\n<p>Jos periminen tapahtuu l\u00e4heisen poismenon seurauksena, tulee perunkirjoitus tehd\u00e4 kolmen kuukauden sis\u00e4ll\u00e4 vainajan kuolemasta. Perunkirjoituksessa m\u00e4\u00e4ritell\u00e4\u00e4n vainajan koko omaisuuden arvo \u2013 mets\u00e4tila mukaan lukien. Jos mets\u00e4tilan arvo ei ole tiedossa, tulee paikalle kutsua mets\u00e4alan ammattilainen arvion tekemiseen. T\u00e4llaisia ammattilaisia ovat esim. mets\u00e4nhoitoyhdistykset, mets\u00e4palveluyritykset, pankit sek\u00e4 useat puuta ostavat tahot. Vaihtoehtoisesti voi k\u00e4ytt\u00e4\u00e4 my\u00f6s verottajan maakunnallisia laskennallisia hehtaarikohtaisia mets\u00e4maan verotusarvoja.<\/p>\n<p>Arvio vaikuttaa perint\u00f6veroihin sek\u00e4 mets\u00e4tilan mahdolliseen myyntiin, joten mit\u00e4 tarkemmin arvio tehd\u00e4\u00e4n, sit\u00e4 helpommalla ja halvemmalla p\u00e4\u00e4see my\u00f6s jatkossa. Kannattaa muistaa, ett\u00e4 perint\u00f6vero on selke\u00e4sti matalammassa I-veroluokassa kuin myyntivoittovero.<\/p>\n<h2>Mets\u00e4n jakaminen<\/h2>\n<p>Perint\u00f6mets\u00e4n jakamiseen on yht\u00e4 monta tapaa kuin kuolinpes\u00e4n jakamiseen, sill\u00e4 kaikki riippuu jaettavasta omaisuudesta ja perikunnan osakkaista. Mets\u00e4tilojen osalta seuraavat tavat ovat n\u00e4ist\u00e4 yleisimpi\u00e4:<\/p>\n<ol>\n<li>Yksi perikunnan j\u00e4senist\u00e4 ottaa koko mets\u00e4n ja muut osakkaat saavat muuta omaisuutta<\/li>\n<li>Mets\u00e4talouden harjoittaminen verotusyhtym\u00e4n\u00e4 ja\/tai yksi osakkaista ostaa muiden osakkaiden yhtym\u00e4osuudet itselleen<\/li>\n<li>Mets\u00e4 liitet\u00e4\u00e4n jo olemassa olevaan yhteismets\u00e4\u00e4n tai sille perustetaan oma yhteismets\u00e4<\/li>\n<li>Mets\u00e4 jaetaan ja hallinnoidaan erillisin\u00e4 kiinteist\u00f6in\u00e4<\/li>\n<li>Mets\u00e4kiinteist\u00f6 myyd\u00e4\u00e4n yhteisell\u00e4 p\u00e4\u00e4t\u00f6ksell\u00e4 ulkopuoliselle taholle<\/li>\n<\/ol>\n<h2>Verotusyhtym\u00e4, yhteismets\u00e4 vai erilliset kiinteist\u00f6t?<\/h2>\n<p>Verotusyhtym\u00e4ss\u00e4 mets\u00e4 jaetaan murto-osiin ja sen kaikkia osakkaita verotetaan erikseen. Siksi se on usein verotuksen puolesta edullisempi omistusmuoto kuin kuolinpes\u00e4, jonka osuudet katsotaan irtaimeksi omaisuudeksi. Verotusyhtym\u00e4n kautta osakkaiden, jotka eiv\u00e4t ole kiinnostuneita mets\u00e4nomistuksesta, ostaminen pois on my\u00f6s paljon helpompaa. Suora mets\u00e4nomistus verotusyhtym\u00e4n kautta vaikuttaa kuitenkin esim. opintotukeen ja hoitomaksuihin, joten p\u00e4\u00e4t\u00f6s siirty\u00e4 kuolinpes\u00e4st\u00e4 verotusyhtym\u00e4\u00e4n tulee tehd\u00e4 tapauskohtaisesti.<\/p>\n<p>Uuden yhteismets\u00e4n perustaminen on huomattavasti ty\u00f6l\u00e4\u00e4mp\u00e4\u00e4, kuin olemassa olevaan yhteismets\u00e4\u00e4n liittyminen, eik\u00e4 se ole edes kannattavaa alle 300 hehtaarin metsiss\u00e4. Pohjoisen hitaasti ja harvassa kasvavalle puulle, j\u00e4rkev\u00e4 pinta-ala voi olla jopa kaksinkertainen. Kaiken tarvittavan yhteismets\u00e4\u00e4n liittymisest\u00e4 ja mahdollisesta perustamisesta l\u00f6yd\u00e4t <a href=\"https:\/\/yhteismetsat.fi\">yhteismets\u00e4.fi<\/a> -sivuilta.<\/p>\n<p>Mets\u00e4n jakaminen omiin kiinteist\u00f6ihin on harvoin kannattavaa, sill\u00e4 mit\u00e4 pienempi mets\u00e4tila on kooltaan, sit\u00e4 v\u00e4hemm\u00e4n se tuottaa tuloja ja sit\u00e4 vaikeampi sit\u00e4 on myyd\u00e4 eteenp\u00e4in. Jos kukaan kuolinpes\u00e4n osakkaista ei ole kiinnostunut koko mets\u00e4n omistuksesta ja hoidosta, on se j\u00e4rkevint\u00e4 laittaa kokonaan myyntiin.<\/p>\n<h2>Verotus<\/h2>\n<p>Voit tutustua tarkemmin mets\u00e4yhtym\u00e4n verotukseen, yhteismets\u00e4n verotukseen sek\u00e4 muihin mets\u00e4nomistajaa koskeviin veroihin <a href=\"https:\/\/www.vero.fi\/henkiloasiakkaat\/omaisuus\/metsa\/\">vero.fi<\/a> -palvelussa. Samasta palvelusta l\u00f6yd\u00e4t lis\u00e4tietoa <a href=\"https:\/\/www.vero.fi\/henkiloasiakkaat\/omaisuus\/perinto\/\">perint\u00f6verosta<\/a>.<\/p>\n<h2>Mets\u00e4nhoito<\/h2>\n<p>Oletko p\u00e4\u00e4tt\u00e4nyt jatkaa sukusi el\u00e4m\u00e4nty\u00f6t\u00e4 ja ryhty\u00e4 mets\u00e4nomistajaksi? Parhaimmillaan mets\u00e4ll\u00e4 on jo ajantasainen mets\u00e4suunnitelma, jota noudattamalla pystyt hoitamaan sit\u00e4 seuraavat kymmenen vuotta. Jos mets\u00e4suunnitelmaa ei ole, eik\u00e4 mets\u00e4n omistaminen ja hoitaminen ei ole entuudestaan tuttua, suosittelemme tutustumaan <a href=\"https:\/\/polkky.com\/fi\/uusi-metsanomistaja\/\">uuden mets\u00e4nomistajan muistilistaan<\/a>\u00a0sek\u00e4 yleisimpiin <a href=\"https:\/\/polkky.com\/fi\/metsanhoidon-abc\/\">mets\u00e4nhoidon toimenpiteisiin<\/a>.<\/p>\n<h2>Puukauppa<\/h2>\n<p>Puun yleisimm\u00e4t kauppatavat ovat pysty- ja hankintakauppa. Pystykaupassa ostaja huolehtii puun korjuusta ja kuljetuksesta mets\u00e4st\u00e4 sek\u00e4 maksaa niist\u00e4 syntyv\u00e4t kustannukset. Hankintakaupassa myyj\u00e4 taas korjaa puutavaran itsen\u00e4isesti ja myy sen ostajalle tienvarteen toimitettuna. T\u00e4ss\u00e4kin tilanteessa ostaja kuitenkin edelleen vastaa puun kuljetuksesta ja siit\u00e4 aiheutuvista kustannuksista.<\/p>\n<p>Puun myyntihinta riippuu monesta tekij\u00e4st\u00e4, kuten myyt\u00e4v\u00e4n tukkipuun laadusta, puuston kokonaism\u00e4\u00e4r\u00e4st\u00e4, kuljetusmatkasta mets\u00e4st\u00e4 tien varteen sek\u00e4 korjuuajankohdasta. P\u00f6lkyn mets\u00e4asiantuntijat auttavat sinua mielell\u00e4\u00e4n arvioimaan mets\u00e4si lopullisen kauppasumman. Lue lis\u00e4\u00e4 P\u00f6lkyn puukaupasta ja sen vaiheista <a href=\"https:\/\/polkky.com\/fi\/puunhankinta-myy-metsaa\/puukaupan-vaiheet\/\">t\u00e4\u00e4lt\u00e4<\/a>.<\/p>\n<p>Muista, ett\u00e4 kuolinpes\u00e4n puukaupoissa verovelvollinen puun myyntituloista on kuolinpes\u00e4 ja verotusyhtym\u00e4n kautta puukaupassa vastataan vain omista veroista. Vastaavasti puunmyyntivero yhteismets\u00e4ll\u00e4 on 26,5 % ja yksityishenkil\u00f6ill\u00e4 30 % tai 34 %.<\/p>\n","protected":false},"excerpt":{"rendered":"<p>Joskus mets\u00e4tilan periminen saattaa tapahtua aivan yll\u00e4tt\u00e4en. Jos mets\u00e4n tulevaisuus on tapahtumahetkell\u00e4 viel\u00e4 avoin, kannattaa sen hallinnoimisesta sopia tilap\u00e4isesti perikunnan j\u00e4senten kesken. T\u00e4m\u00e4 tarkoittaa yleens\u00e4 sit\u00e4, ett\u00e4 yksi perikunnan j\u00e4senist\u00e4 perehtyy ja huolehtii mets\u00e4talousasioista, kunnes toisin p\u00e4\u00e4tet\u00e4\u00e4n. Valittu henkil\u00f6 voi tutustua tilan tietoihin tarkemmin esim. mets\u00e4\u00e4n.fi palvelun kautta. Samalla kannattaa my\u00f6s tarkistaa, onko tilalla voimassa [&hellip;]<\/p>\n","protected":false},"author":1,"featured_media":3497,"parent":0,"menu_order":0,"comment_status":"closed","ping_status":"closed","template":"","meta":{"inline_featured_image":false},"acf":[],"yoast_head":"<!-- This site is optimized with the Yoast SEO plugin v20.6 - https:\/\/yoast.com\/wordpress\/plugins\/seo\/ -->\n<title>Mets\u00e4\u00e4 perint\u00f6n\u00e4 \u2013 mit\u00e4 tehd\u00e4? - Po\u0308lkky<\/title>\n<meta name=\"description\" content=\"Peritk\u00f6 mets\u00e4\u00e4? Lue mets\u00e4n arvon selvitt\u00e4misest\u00e4, jakamisesta, verotuksesta, mets\u00e4nhoidosta ja puukaupasta.\" \/>\n<meta name=\"robots\" content=\"index, follow, max-snippet:-1, max-image-preview:large, max-video-preview:-1\" \/>\n<link rel=\"canonical\" href=\"https:\/\/polkky.com\/fi\/metsaa-perintona\/\" \/>\n<meta property=\"og:locale\" content=\"fi_FI\" \/>\n<meta property=\"og:type\" content=\"article\" \/>\n<meta property=\"og:title\" content=\"Mets\u00e4\u00e4 perint\u00f6n\u00e4 \u2013 mit\u00e4 tehd\u00e4? - Po\u0308lkky\" \/>\n<meta property=\"og:description\" content=\"Peritk\u00f6 mets\u00e4\u00e4? Lue mets\u00e4n arvon selvitt\u00e4misest\u00e4, jakamisesta, verotuksesta, mets\u00e4nhoidosta ja puukaupasta.\" \/>\n<meta property=\"og:url\" content=\"https:\/\/polkky.com\/fi\/metsaa-perintona\/\" \/>\n<meta property=\"og:site_name\" content=\"Po\u0308lkky\" \/>\n<meta property=\"article:publisher\" content=\"https:\/\/www.facebook.com\/P%c3%b6lkky-Oy-201264536571431\/\" \/>\n<meta property=\"article:modified_time\" content=\"2022-01-12T09:16:23+00:00\" \/>\n<meta property=\"og:image\" content=\"https:\/\/polkky.com\/wp-content\/uploads\/2022\/01\/Polkky_metsaa_perintona-768x768.png\" \/>\n\t<meta property=\"og:image:width\" content=\"768\" \/>\n\t<meta property=\"og:image:height\" content=\"768\" \/>\n\t<meta property=\"og:image:type\" content=\"image\/png\" \/>\n<meta name=\"twitter:card\" content=\"summary_large_image\" \/>\n<meta name=\"twitter:label1\" content=\"Arvioitu lukuaika\" \/>\n\t<meta name=\"twitter:data1\" content=\"3 minuuttia\" \/>\n<script type=\"application\/ld+json\" class=\"yoast-schema-graph\">{\"@context\":\"https:\/\/schema.org\",\"@graph\":[{\"@type\":\"WebPage\",\"@id\":\"https:\/\/polkky.com\/fi\/metsaa-perintona\/\",\"url\":\"https:\/\/polkky.com\/fi\/metsaa-perintona\/\",\"name\":\"Mets\u00e4\u00e4 perint\u00f6n\u00e4 \u2013 mit\u00e4 tehd\u00e4? - Po\u0308lkky\",\"isPartOf\":{\"@id\":\"https:\/\/polkky.com\/#website\"},\"datePublished\":\"2021-10-22T13:05:22+00:00\",\"dateModified\":\"2022-01-12T09:16:23+00:00\",\"description\":\"Peritk\u00f6 mets\u00e4\u00e4? Lue mets\u00e4n arvon selvitt\u00e4misest\u00e4, jakamisesta, verotuksesta, mets\u00e4nhoidosta ja puukaupasta.\",\"breadcrumb\":{\"@id\":\"https:\/\/polkky.com\/fi\/metsaa-perintona\/#breadcrumb\"},\"inLanguage\":\"fi\",\"potentialAction\":[{\"@type\":\"ReadAction\",\"target\":[\"https:\/\/polkky.com\/fi\/metsaa-perintona\/\"]}]},{\"@type\":\"BreadcrumbList\",\"@id\":\"https:\/\/polkky.com\/fi\/metsaa-perintona\/#breadcrumb\",\"itemListElement\":[{\"@type\":\"ListItem\",\"position\":1,\"name\":\"Home\",\"item\":\"https:\/\/polkky.com\/fi\/\"},{\"@type\":\"ListItem\",\"position\":2,\"name\":\"Mets\u00e4\u00e4 perint\u00f6n\u00e4 \u2013 mit\u00e4 tehd\u00e4?\"}]},{\"@type\":\"WebSite\",\"@id\":\"https:\/\/polkky.com\/#website\",\"url\":\"https:\/\/polkky.com\/\",\"name\":\"Po\u0308lkky\",\"description\":\"\",\"publisher\":{\"@id\":\"https:\/\/polkky.com\/#organization\"},\"potentialAction\":[{\"@type\":\"SearchAction\",\"target\":{\"@type\":\"EntryPoint\",\"urlTemplate\":\"https:\/\/polkky.com\/?s={search_term_string}\"},\"query-input\":\"required name=search_term_string\"}],\"inLanguage\":\"fi\"},{\"@type\":\"Organization\",\"@id\":\"https:\/\/polkky.com\/#organization\",\"name\":\"P\u00f6lkky Oy\",\"url\":\"https:\/\/polkky.com\/\",\"logo\":{\"@type\":\"ImageObject\",\"inLanguage\":\"fi\",\"@id\":\"https:\/\/polkky.com\/#\/schema\/logo\/image\/\",\"url\":\"https:\/\/polkky.com\/wp-content\/uploads\/2018\/09\/logo-small.svg\",\"contentUrl\":\"https:\/\/polkky.com\/wp-content\/uploads\/2018\/09\/logo-small.svg\",\"width\":119,\"height\":24,\"caption\":\"P\u00f6lkky Oy\"},\"image\":{\"@id\":\"https:\/\/polkky.com\/#\/schema\/logo\/image\/\"},\"sameAs\":[\"https:\/\/www.facebook.com\/P\u00f6lkky-Oy-201264536571431\/\",\"https:\/\/www.linkedin.com\/company\/polkky\"]}]}<\/script>\n<!-- \/ Yoast SEO plugin. -->","yoast_head_json":{"title":"Mets\u00e4\u00e4 perint\u00f6n\u00e4 \u2013 mit\u00e4 tehd\u00e4? - Po\u0308lkky","description":"Peritk\u00f6 mets\u00e4\u00e4? Lue mets\u00e4n arvon selvitt\u00e4misest\u00e4, jakamisesta, verotuksesta, mets\u00e4nhoidosta ja puukaupasta.","robots":{"index":"index","follow":"follow","max-snippet":"max-snippet:-1","max-image-preview":"max-image-preview:large","max-video-preview":"max-video-preview:-1"},"canonical":"https:\/\/polkky.com\/fi\/metsaa-perintona\/","og_locale":"fi_FI","og_type":"article","og_title":"Mets\u00e4\u00e4 perint\u00f6n\u00e4 \u2013 mit\u00e4 tehd\u00e4? - Po\u0308lkky","og_description":"Peritk\u00f6 mets\u00e4\u00e4? Lue mets\u00e4n arvon selvitt\u00e4misest\u00e4, jakamisesta, verotuksesta, mets\u00e4nhoidosta ja puukaupasta.","og_url":"https:\/\/polkky.com\/fi\/metsaa-perintona\/","og_site_name":"Po\u0308lkky","article_publisher":"https:\/\/www.facebook.com\/P%c3%b6lkky-Oy-201264536571431\/","article_modified_time":"2022-01-12T09:16:23+00:00","og_image":[{"width":768,"height":768,"url":"https:\/\/polkky.com\/wp-content\/uploads\/2022\/01\/Polkky_metsaa_perintona-768x768.png","type":"image\/png"}],"twitter_card":"summary_large_image","twitter_misc":{"Arvioitu lukuaika":"3 minuuttia"},"schema":{"@context":"https:\/\/schema.org","@graph":[{"@type":"WebPage","@id":"https:\/\/polkky.com\/fi\/metsaa-perintona\/","url":"https:\/\/polkky.com\/fi\/metsaa-perintona\/","name":"Mets\u00e4\u00e4 perint\u00f6n\u00e4 \u2013 mit\u00e4 tehd\u00e4? - Po\u0308lkky","isPartOf":{"@id":"https:\/\/polkky.com\/#website"},"datePublished":"2021-10-22T13:05:22+00:00","dateModified":"2022-01-12T09:16:23+00:00","description":"Peritk\u00f6 mets\u00e4\u00e4? Lue mets\u00e4n arvon selvitt\u00e4misest\u00e4, jakamisesta, verotuksesta, mets\u00e4nhoidosta ja puukaupasta.","breadcrumb":{"@id":"https:\/\/polkky.com\/fi\/metsaa-perintona\/#breadcrumb"},"inLanguage":"fi","potentialAction":[{"@type":"ReadAction","target":["https:\/\/polkky.com\/fi\/metsaa-perintona\/"]}]},{"@type":"BreadcrumbList","@id":"https:\/\/polkky.com\/fi\/metsaa-perintona\/#breadcrumb","itemListElement":[{"@type":"ListItem","position":1,"name":"Home","item":"https:\/\/polkky.com\/fi\/"},{"@type":"ListItem","position":2,"name":"Mets\u00e4\u00e4 perint\u00f6n\u00e4 \u2013 mit\u00e4 tehd\u00e4?"}]},{"@type":"WebSite","@id":"https:\/\/polkky.com\/#website","url":"https:\/\/polkky.com\/","name":"Po\u0308lkky","description":"","publisher":{"@id":"https:\/\/polkky.com\/#organization"},"potentialAction":[{"@type":"SearchAction","target":{"@type":"EntryPoint","urlTemplate":"https:\/\/polkky.com\/?s={search_term_string}"},"query-input":"required name=search_term_string"}],"inLanguage":"fi"},{"@type":"Organization","@id":"https:\/\/polkky.com\/#organization","name":"P\u00f6lkky Oy","url":"https:\/\/polkky.com\/","logo":{"@type":"ImageObject","inLanguage":"fi","@id":"https:\/\/polkky.com\/#\/schema\/logo\/image\/","url":"https:\/\/polkky.com\/wp-content\/uploads\/2018\/09\/logo-small.svg","contentUrl":"https:\/\/polkky.com\/wp-content\/uploads\/2018\/09\/logo-small.svg","width":119,"height":24,"caption":"P\u00f6lkky Oy"},"image":{"@id":"https:\/\/polkky.com\/#\/schema\/logo\/image\/"},"sameAs":["https:\/\/www.facebook.com\/P\u00f6lkky-Oy-201264536571431\/","https:\/\/www.linkedin.com\/company\/polkky"]}]}},"_links":{"self":[{"href":"https:\/\/polkky.com\/fi\/wp-json\/wp\/v2\/pages\/3354"}],"collection":[{"href":"https:\/\/polkky.com\/fi\/wp-json\/wp\/v2\/pages"}],"about":[{"href":"https:\/\/polkky.com\/fi\/wp-json\/wp\/v2\/types\/page"}],"author":[{"embeddable":true,"href":"https:\/\/polkky.com\/fi\/wp-json\/wp\/v2\/users\/1"}],"replies":[{"embeddable":true,"href":"https:\/\/polkky.com\/fi\/wp-json\/wp\/v2\/comments?post=3354"}],"version-history":[{"count":0,"href":"https:\/\/polkky.com\/fi\/wp-json\/wp\/v2\/pages\/3354\/revisions"}],"wp:featuredmedia":[{"embeddable":true,"href":"https:\/\/polkky.com\/fi\/wp-json\/wp\/v2\/media\/3497"}],"wp:attachment":[{"href":"https:\/\/polkky.com\/fi\/wp-json\/wp\/v2\/media?parent=3354"}],"curies":[{"name":"wp","href":"https:\/\/api.w.org\/{rel}","templated":true}]}}