{"id":3449,"date":"2022-01-11T14:24:19","date_gmt":"2022-01-11T12:24:19","guid":{"rendered":"https:\/\/polkky.com\/?page_id=3449"},"modified":"2022-01-12T11:19:15","modified_gmt":"2022-01-12T09:19:15","slug":"asiantuntijavinkit","status":"publish","type":"page","link":"https:\/\/polkky.com\/fi\/metsanomistajat\/asiantuntijavinkit\/","title":{"rendered":"Asiantuntijavinkit"},"content":{"rendered":"","protected":false},"excerpt":{"rendered":"","protected":false},"author":15,"featured_media":3503,"parent":3475,"menu_order":0,"comment_status":"closed","ping_status":"closed","template":"pages\/template-specialist-articles-root.php","meta":{"inline_featured_image":false},"acf":[],"yoast_head":"<!-- This site is optimized with the Yoast SEO plugin v20.6 - https:\/\/yoast.com\/wordpress\/plugins\/seo\/ -->\n<title>Asiantuntijavinkit - Po\u0308lkky<\/title>\n<meta name=\"description\" content=\"P\u00f6lkyn mets\u00e4asiantuntijoiden vastaukset mets\u00e4nomistajien kysytyimpiin kysymyksiin sek\u00e4 parhaat vinkit mets\u00e4nhoitoon ja puukauppaan.\" \/>\n<meta name=\"robots\" content=\"index, follow, max-snippet:-1, max-image-preview:large, max-video-preview:-1\" \/>\n<link rel=\"canonical\" href=\"https:\/\/polkky.com\/fi\/metsanomistajat\/asiantuntijavinkit\/\" \/>\n<meta property=\"og:locale\" content=\"fi_FI\" \/>\n<meta property=\"og:type\" content=\"article\" \/>\n<meta property=\"og:title\" content=\"Asiantuntijavinkit - Po\u0308lkky\" \/>\n<meta property=\"og:description\" content=\"P\u00f6lkyn mets\u00e4asiantuntijoiden vastaukset mets\u00e4nomistajien kysytyimpiin kysymyksiin sek\u00e4 parhaat vinkit mets\u00e4nhoitoon ja puukauppaan.\" \/>\n<meta property=\"og:url\" content=\"https:\/\/polkky.com\/fi\/metsanomistajat\/asiantuntijavinkit\/\" \/>\n<meta property=\"og:site_name\" content=\"Po\u0308lkky\" \/>\n<meta property=\"article:publisher\" content=\"https:\/\/www.facebook.com\/P%c3%b6lkky-Oy-201264536571431\/\" \/>\n<meta property=\"article:modified_time\" content=\"2022-01-12T09:19:15+00:00\" \/>\n<meta property=\"og:image\" content=\"https:\/\/polkky.com\/wp-content\/uploads\/2022\/01\/Polkky-asiantuntijavinkit-scaled.jpg\" \/>\n\t<meta property=\"og:image:width\" content=\"2560\" \/>\n\t<meta property=\"og:image:height\" content=\"1826\" \/>\n\t<meta property=\"og:image:type\" content=\"image\/jpeg\" \/>\n<meta name=\"twitter:card\" content=\"summary_large_image\" \/>\n<script type=\"application\/ld+json\" class=\"yoast-schema-graph\">{\"@context\":\"https:\/\/schema.org\",\"@graph\":[{\"@type\":\"WebPage\",\"@id\":\"https:\/\/polkky.com\/fi\/metsanomistajat\/asiantuntijavinkit\/\",\"url\":\"https:\/\/polkky.com\/fi\/metsanomistajat\/asiantuntijavinkit\/\",\"name\":\"Asiantuntijavinkit - Po\u0308lkky\",\"isPartOf\":{\"@id\":\"https:\/\/polkky.com\/#website\"},\"datePublished\":\"2022-01-11T12:24:19+00:00\",\"dateModified\":\"2022-01-12T09:19:15+00:00\",\"description\":\"P\u00f6lkyn mets\u00e4asiantuntijoiden vastaukset mets\u00e4nomistajien kysytyimpiin kysymyksiin sek\u00e4 parhaat vinkit mets\u00e4nhoitoon ja puukauppaan.\",\"breadcrumb\":{\"@id\":\"https:\/\/polkky.com\/fi\/metsanomistajat\/asiantuntijavinkit\/#breadcrumb\"},\"inLanguage\":\"fi\",\"potentialAction\":[{\"@type\":\"ReadAction\",\"target\":[\"https:\/\/polkky.com\/fi\/metsanomistajat\/asiantuntijavinkit\/\"]}]},{\"@type\":\"BreadcrumbList\",\"@id\":\"https:\/\/polkky.com\/fi\/metsanomistajat\/asiantuntijavinkit\/#breadcrumb\",\"itemListElement\":[{\"@type\":\"ListItem\",\"position\":1,\"name\":\"Home\",\"item\":\"https:\/\/polkky.com\/fi\/\"},{\"@type\":\"ListItem\",\"position\":2,\"name\":\"Mets\u00e4nomistajat\",\"item\":\"https:\/\/polkky.com\/fi\/metsanomistajat\/\"},{\"@type\":\"ListItem\",\"position\":3,\"name\":\"Asiantuntijavinkit\"}]},{\"@type\":\"WebSite\",\"@id\":\"https:\/\/polkky.com\/#website\",\"url\":\"https:\/\/polkky.com\/\",\"name\":\"Po\u0308lkky\",\"description\":\"\",\"publisher\":{\"@id\":\"https:\/\/polkky.com\/#organization\"},\"potentialAction\":[{\"@type\":\"SearchAction\",\"target\":{\"@type\":\"EntryPoint\",\"urlTemplate\":\"https:\/\/polkky.com\/?s={search_term_string}\"},\"query-input\":\"required name=search_term_string\"}],\"inLanguage\":\"fi\"},{\"@type\":\"Organization\",\"@id\":\"https:\/\/polkky.com\/#organization\",\"name\":\"P\u00f6lkky Oy\",\"url\":\"https:\/\/polkky.com\/\",\"logo\":{\"@type\":\"ImageObject\",\"inLanguage\":\"fi\",\"@id\":\"https:\/\/polkky.com\/#\/schema\/logo\/image\/\",\"url\":\"https:\/\/polkky.com\/wp-content\/uploads\/2018\/09\/logo-small.svg\",\"contentUrl\":\"https:\/\/polkky.com\/wp-content\/uploads\/2018\/09\/logo-small.svg\",\"width\":119,\"height\":24,\"caption\":\"P\u00f6lkky Oy\"},\"image\":{\"@id\":\"https:\/\/polkky.com\/#\/schema\/logo\/image\/\"},\"sameAs\":[\"https:\/\/www.facebook.com\/P\u00f6lkky-Oy-201264536571431\/\",\"https:\/\/www.linkedin.com\/company\/polkky\"]}]}<\/script>\n<!-- \/ Yoast SEO plugin. -->","yoast_head_json":{"title":"Asiantuntijavinkit - Po\u0308lkky","description":"P\u00f6lkyn mets\u00e4asiantuntijoiden vastaukset mets\u00e4nomistajien kysytyimpiin kysymyksiin sek\u00e4 parhaat vinkit mets\u00e4nhoitoon ja puukauppaan.","robots":{"index":"index","follow":"follow","max-snippet":"max-snippet:-1","max-image-preview":"max-image-preview:large","max-video-preview":"max-video-preview:-1"},"canonical":"https:\/\/polkky.com\/fi\/metsanomistajat\/asiantuntijavinkit\/","og_locale":"fi_FI","og_type":"article","og_title":"Asiantuntijavinkit - Po\u0308lkky","og_description":"P\u00f6lkyn mets\u00e4asiantuntijoiden vastaukset mets\u00e4nomistajien kysytyimpiin kysymyksiin sek\u00e4 parhaat vinkit mets\u00e4nhoitoon ja puukauppaan.","og_url":"https:\/\/polkky.com\/fi\/metsanomistajat\/asiantuntijavinkit\/","og_site_name":"Po\u0308lkky","article_publisher":"https:\/\/www.facebook.com\/P%c3%b6lkky-Oy-201264536571431\/","article_modified_time":"2022-01-12T09:19:15+00:00","og_image":[{"width":2560,"height":1826,"url":"https:\/\/polkky.com\/wp-content\/uploads\/2022\/01\/Polkky-asiantuntijavinkit-scaled.jpg","type":"image\/jpeg"}],"twitter_card":"summary_large_image","schema":{"@context":"https:\/\/schema.org","@graph":[{"@type":"WebPage","@id":"https:\/\/polkky.com\/fi\/metsanomistajat\/asiantuntijavinkit\/","url":"https:\/\/polkky.com\/fi\/metsanomistajat\/asiantuntijavinkit\/","name":"Asiantuntijavinkit - Po\u0308lkky","isPartOf":{"@id":"https:\/\/polkky.com\/#website"},"datePublished":"2022-01-11T12:24:19+00:00","dateModified":"2022-01-12T09:19:15+00:00","description":"P\u00f6lkyn mets\u00e4asiantuntijoiden vastaukset mets\u00e4nomistajien kysytyimpiin kysymyksiin sek\u00e4 parhaat vinkit mets\u00e4nhoitoon ja puukauppaan.","breadcrumb":{"@id":"https:\/\/polkky.com\/fi\/metsanomistajat\/asiantuntijavinkit\/#breadcrumb"},"inLanguage":"fi","potentialAction":[{"@type":"ReadAction","target":["https:\/\/polkky.com\/fi\/metsanomistajat\/asiantuntijavinkit\/"]}]},{"@type":"BreadcrumbList","@id":"https:\/\/polkky.com\/fi\/metsanomistajat\/asiantuntijavinkit\/#breadcrumb","itemListElement":[{"@type":"ListItem","position":1,"name":"Home","item":"https:\/\/polkky.com\/fi\/"},{"@type":"ListItem","position":2,"name":"Mets\u00e4nomistajat","item":"https:\/\/polkky.com\/fi\/metsanomistajat\/"},{"@type":"ListItem","position":3,"name":"Asiantuntijavinkit"}]},{"@type":"WebSite","@id":"https:\/\/polkky.com\/#website","url":"https:\/\/polkky.com\/","name":"Po\u0308lkky","description":"","publisher":{"@id":"https:\/\/polkky.com\/#organization"},"potentialAction":[{"@type":"SearchAction","target":{"@type":"EntryPoint","urlTemplate":"https:\/\/polkky.com\/?s={search_term_string}"},"query-input":"required name=search_term_string"}],"inLanguage":"fi"},{"@type":"Organization","@id":"https:\/\/polkky.com\/#organization","name":"P\u00f6lkky Oy","url":"https:\/\/polkky.com\/","logo":{"@type":"ImageObject","inLanguage":"fi","@id":"https:\/\/polkky.com\/#\/schema\/logo\/image\/","url":"https:\/\/polkky.com\/wp-content\/uploads\/2018\/09\/logo-small.svg","contentUrl":"https:\/\/polkky.com\/wp-content\/uploads\/2018\/09\/logo-small.svg","width":119,"height":24,"caption":"P\u00f6lkky Oy"},"image":{"@id":"https:\/\/polkky.com\/#\/schema\/logo\/image\/"},"sameAs":["https:\/\/www.facebook.com\/P\u00f6lkky-Oy-201264536571431\/","https:\/\/www.linkedin.com\/company\/polkky"]}]}},"_links":{"self":[{"href":"https:\/\/polkky.com\/fi\/wp-json\/wp\/v2\/pages\/3449"}],"collection":[{"href":"https:\/\/polkky.com\/fi\/wp-json\/wp\/v2\/pages"}],"about":[{"href":"https:\/\/polkky.com\/fi\/wp-json\/wp\/v2\/types\/page"}],"author":[{"embeddable":true,"href":"https:\/\/polkky.com\/fi\/wp-json\/wp\/v2\/users\/15"}],"replies":[{"embeddable":true,"href":"https:\/\/polkky.com\/fi\/wp-json\/wp\/v2\/comments?post=3449"}],"version-history":[{"count":0,"href":"https:\/\/polkky.com\/fi\/wp-json\/wp\/v2\/pages\/3449\/revisions"}],"up":[{"embeddable":true,"href":"https:\/\/polkky.com\/fi\/wp-json\/wp\/v2\/pages\/3475"}],"wp:featuredmedia":[{"embeddable":true,"href":"https:\/\/polkky.com\/fi\/wp-json\/wp\/v2\/media\/3503"}],"wp:attachment":[{"href":"https:\/\/polkky.com\/fi\/wp-json\/wp\/v2\/media?parent=3449"}],"curies":[{"name":"wp","href":"https:\/\/api.w.org\/{rel}","templated":true}]}}