{"id":3475,"date":"2022-01-11T14:19:49","date_gmt":"2022-01-11T12:19:49","guid":{"rendered":"https:\/\/polkky.com\/?page_id=3475"},"modified":"2024-05-16T10:12:30","modified_gmt":"2024-05-16T08:12:30","slug":"metsanomistajat","status":"publish","type":"page","link":"https:\/\/polkky.com\/fi\/metsanomistajat\/","title":{"rendered":"Mets\u00e4nomistajat"},"content":{"rendered":"","protected":false},"excerpt":{"rendered":"","protected":false},"author":1,"featured_media":0,"parent":0,"menu_order":0,"comment_status":"closed","ping_status":"closed","template":"pages\/template-landing-page.php","meta":{"inline_featured_image":false},"acf":[],"yoast_head":"<!-- This site is optimized with the Yoast SEO plugin v20.6 - https:\/\/yoast.com\/wordpress\/plugins\/seo\/ -->\n<title>Mets\u00e4nomistajat - Po\u0308lkky<\/title>\n<meta name=\"description\" content=\"Oletko uusi mets\u00e4nomistaja, perim\u00e4ss\u00e4 mets\u00e4\u00e4 tai etsim\u00e4ss\u00e4 tietoa mets\u00e4nhoidosta? Tutustu mets\u00e4nomistajille suunnattuun sis\u00e4lt\u00f6\u00f6mme!\" \/>\n<meta name=\"robots\" content=\"index, follow, max-snippet:-1, max-image-preview:large, max-video-preview:-1\" \/>\n<link rel=\"canonical\" href=\"https:\/\/polkky.com\/fi\/metsanomistajat\/\" \/>\n<meta property=\"og:locale\" content=\"fi_FI\" \/>\n<meta property=\"og:type\" content=\"article\" \/>\n<meta property=\"og:title\" content=\"Mets\u00e4nomistajat - Po\u0308lkky\" \/>\n<meta property=\"og:description\" content=\"Oletko uusi mets\u00e4nomistaja, perim\u00e4ss\u00e4 mets\u00e4\u00e4 tai etsim\u00e4ss\u00e4 tietoa mets\u00e4nhoidosta? Tutustu mets\u00e4nomistajille suunnattuun sis\u00e4lt\u00f6\u00f6mme!\" \/>\n<meta property=\"og:url\" content=\"https:\/\/polkky.com\/fi\/metsanomistajat\/\" \/>\n<meta property=\"og:site_name\" content=\"Po\u0308lkky\" \/>\n<meta property=\"article:publisher\" content=\"https:\/\/www.facebook.com\/P%c3%b6lkky-Oy-201264536571431\/\" \/>\n<meta property=\"article:modified_time\" content=\"2024-05-16T08:12:30+00:00\" \/>\n<meta property=\"og:image\" content=\"https:\/\/polkky.com\/wp-content\/uploads\/2019\/02\/polkky-fb-1200x628-001.jpg\" \/>\n\t<meta property=\"og:image:width\" content=\"1200\" \/>\n\t<meta property=\"og:image:height\" content=\"628\" \/>\n\t<meta property=\"og:image:type\" content=\"image\/jpeg\" \/>\n<meta name=\"twitter:card\" content=\"summary_large_image\" \/>\n<script type=\"application\/ld+json\" class=\"yoast-schema-graph\">{\"@context\":\"https:\/\/schema.org\",\"@graph\":[{\"@type\":\"WebPage\",\"@id\":\"https:\/\/polkky.com\/fi\/metsanomistajat\/\",\"url\":\"https:\/\/polkky.com\/fi\/metsanomistajat\/\",\"name\":\"Mets\u00e4nomistajat - Po\u0308lkky\",\"isPartOf\":{\"@id\":\"https:\/\/polkky.com\/#website\"},\"datePublished\":\"2022-01-11T12:19:49+00:00\",\"dateModified\":\"2024-05-16T08:12:30+00:00\",\"description\":\"Oletko uusi mets\u00e4nomistaja, perim\u00e4ss\u00e4 mets\u00e4\u00e4 tai etsim\u00e4ss\u00e4 tietoa mets\u00e4nhoidosta? Tutustu mets\u00e4nomistajille suunnattuun sis\u00e4lt\u00f6\u00f6mme!\",\"breadcrumb\":{\"@id\":\"https:\/\/polkky.com\/fi\/metsanomistajat\/#breadcrumb\"},\"inLanguage\":\"fi\",\"potentialAction\":[{\"@type\":\"ReadAction\",\"target\":[\"https:\/\/polkky.com\/fi\/metsanomistajat\/\"]}]},{\"@type\":\"BreadcrumbList\",\"@id\":\"https:\/\/polkky.com\/fi\/metsanomistajat\/#breadcrumb\",\"itemListElement\":[{\"@type\":\"ListItem\",\"position\":1,\"name\":\"Home\",\"item\":\"https:\/\/polkky.com\/fi\/\"},{\"@type\":\"ListItem\",\"position\":2,\"name\":\"Mets\u00e4nomistajat\"}]},{\"@type\":\"WebSite\",\"@id\":\"https:\/\/polkky.com\/#website\",\"url\":\"https:\/\/polkky.com\/\",\"name\":\"Po\u0308lkky\",\"description\":\"\",\"publisher\":{\"@id\":\"https:\/\/polkky.com\/#organization\"},\"potentialAction\":[{\"@type\":\"SearchAction\",\"target\":{\"@type\":\"EntryPoint\",\"urlTemplate\":\"https:\/\/polkky.com\/?s={search_term_string}\"},\"query-input\":\"required name=search_term_string\"}],\"inLanguage\":\"fi\"},{\"@type\":\"Organization\",\"@id\":\"https:\/\/polkky.com\/#organization\",\"name\":\"P\u00f6lkky Oy\",\"url\":\"https:\/\/polkky.com\/\",\"logo\":{\"@type\":\"ImageObject\",\"inLanguage\":\"fi\",\"@id\":\"https:\/\/polkky.com\/#\/schema\/logo\/image\/\",\"url\":\"https:\/\/polkky.com\/wp-content\/uploads\/2018\/09\/logo-small.svg\",\"contentUrl\":\"https:\/\/polkky.com\/wp-content\/uploads\/2018\/09\/logo-small.svg\",\"width\":119,\"height\":24,\"caption\":\"P\u00f6lkky Oy\"},\"image\":{\"@id\":\"https:\/\/polkky.com\/#\/schema\/logo\/image\/\"},\"sameAs\":[\"https:\/\/www.facebook.com\/P\u00f6lkky-Oy-201264536571431\/\",\"https:\/\/www.linkedin.com\/company\/polkky\"]}]}<\/script>\n<!-- \/ Yoast SEO plugin. -->","yoast_head_json":{"title":"Mets\u00e4nomistajat - Po\u0308lkky","description":"Oletko uusi mets\u00e4nomistaja, perim\u00e4ss\u00e4 mets\u00e4\u00e4 tai etsim\u00e4ss\u00e4 tietoa mets\u00e4nhoidosta? Tutustu mets\u00e4nomistajille suunnattuun sis\u00e4lt\u00f6\u00f6mme!","robots":{"index":"index","follow":"follow","max-snippet":"max-snippet:-1","max-image-preview":"max-image-preview:large","max-video-preview":"max-video-preview:-1"},"canonical":"https:\/\/polkky.com\/fi\/metsanomistajat\/","og_locale":"fi_FI","og_type":"article","og_title":"Mets\u00e4nomistajat - Po\u0308lkky","og_description":"Oletko uusi mets\u00e4nomistaja, perim\u00e4ss\u00e4 mets\u00e4\u00e4 tai etsim\u00e4ss\u00e4 tietoa mets\u00e4nhoidosta? Tutustu mets\u00e4nomistajille suunnattuun sis\u00e4lt\u00f6\u00f6mme!","og_url":"https:\/\/polkky.com\/fi\/metsanomistajat\/","og_site_name":"Po\u0308lkky","article_publisher":"https:\/\/www.facebook.com\/P%c3%b6lkky-Oy-201264536571431\/","article_modified_time":"2024-05-16T08:12:30+00:00","og_image":[{"width":1200,"height":628,"url":"https:\/\/polkky.com\/wp-content\/uploads\/2019\/02\/polkky-fb-1200x628-001.jpg","type":"image\/jpeg"}],"twitter_card":"summary_large_image","schema":{"@context":"https:\/\/schema.org","@graph":[{"@type":"WebPage","@id":"https:\/\/polkky.com\/fi\/metsanomistajat\/","url":"https:\/\/polkky.com\/fi\/metsanomistajat\/","name":"Mets\u00e4nomistajat - Po\u0308lkky","isPartOf":{"@id":"https:\/\/polkky.com\/#website"},"datePublished":"2022-01-11T12:19:49+00:00","dateModified":"2024-05-16T08:12:30+00:00","description":"Oletko uusi mets\u00e4nomistaja, perim\u00e4ss\u00e4 mets\u00e4\u00e4 tai etsim\u00e4ss\u00e4 tietoa mets\u00e4nhoidosta? Tutustu mets\u00e4nomistajille suunnattuun sis\u00e4lt\u00f6\u00f6mme!","breadcrumb":{"@id":"https:\/\/polkky.com\/fi\/metsanomistajat\/#breadcrumb"},"inLanguage":"fi","potentialAction":[{"@type":"ReadAction","target":["https:\/\/polkky.com\/fi\/metsanomistajat\/"]}]},{"@type":"BreadcrumbList","@id":"https:\/\/polkky.com\/fi\/metsanomistajat\/#breadcrumb","itemListElement":[{"@type":"ListItem","position":1,"name":"Home","item":"https:\/\/polkky.com\/fi\/"},{"@type":"ListItem","position":2,"name":"Mets\u00e4nomistajat"}]},{"@type":"WebSite","@id":"https:\/\/polkky.com\/#website","url":"https:\/\/polkky.com\/","name":"Po\u0308lkky","description":"","publisher":{"@id":"https:\/\/polkky.com\/#organization"},"potentialAction":[{"@type":"SearchAction","target":{"@type":"EntryPoint","urlTemplate":"https:\/\/polkky.com\/?s={search_term_string}"},"query-input":"required name=search_term_string"}],"inLanguage":"fi"},{"@type":"Organization","@id":"https:\/\/polkky.com\/#organization","name":"P\u00f6lkky Oy","url":"https:\/\/polkky.com\/","logo":{"@type":"ImageObject","inLanguage":"fi","@id":"https:\/\/polkky.com\/#\/schema\/logo\/image\/","url":"https:\/\/polkky.com\/wp-content\/uploads\/2018\/09\/logo-small.svg","contentUrl":"https:\/\/polkky.com\/wp-content\/uploads\/2018\/09\/logo-small.svg","width":119,"height":24,"caption":"P\u00f6lkky Oy"},"image":{"@id":"https:\/\/polkky.com\/#\/schema\/logo\/image\/"},"sameAs":["https:\/\/www.facebook.com\/P\u00f6lkky-Oy-201264536571431\/","https:\/\/www.linkedin.com\/company\/polkky"]}]}},"_links":{"self":[{"href":"https:\/\/polkky.com\/fi\/wp-json\/wp\/v2\/pages\/3475"}],"collection":[{"href":"https:\/\/polkky.com\/fi\/wp-json\/wp\/v2\/pages"}],"about":[{"href":"https:\/\/polkky.com\/fi\/wp-json\/wp\/v2\/types\/page"}],"author":[{"embeddable":true,"href":"https:\/\/polkky.com\/fi\/wp-json\/wp\/v2\/users\/1"}],"replies":[{"embeddable":true,"href":"https:\/\/polkky.com\/fi\/wp-json\/wp\/v2\/comments?post=3475"}],"version-history":[{"count":0,"href":"https:\/\/polkky.com\/fi\/wp-json\/wp\/v2\/pages\/3475\/revisions"}],"wp:attachment":[{"href":"https:\/\/polkky.com\/fi\/wp-json\/wp\/v2\/media?parent=3475"}],"curies":[{"name":"wp","href":"https:\/\/api.w.org\/{rel}","templated":true}]}}