{"id":426,"date":"2018-09-17T21:03:49","date_gmt":"2018-09-17T21:03:49","guid":{"rendered":"https:\/\/polkky.com\/our-people\/"},"modified":"2024-05-16T09:44:04","modified_gmt":"2024-05-16T07:44:04","slug":"ihmiset","status":"publish","type":"page","link":"https:\/\/polkky.com\/fi\/ihmiset\/","title":{"rendered":"Ihmiset"},"content":{"rendered":"<p>P\u00f6lkky palvelee puutavaraliikkeit\u00e4 ja teollisia asiakkaita ymp\u00e4ri Suomen. Laajan tuotevalikoimamme ansiosta saat tarvitsemasi tuotteet yhdest\u00e4 paikasta &#8211; joustavasti ja kustannustehokkaasti. Lyhyt toimitusaika sek\u00e4 varastosta tapahtuvat usean tuotteen toimituser\u00e4t parantavat huomattavasti asiakkaan varaston kiertonopeutta. P\u00f6lkyn laaja palvelukonsepti on kehitetty palvelemaan asiakkaitamme entist\u00e4 paremmin.<\/p>\n<div><strong>Kaikki henkil\u00f6kohtaiset s\u00e4hk\u00f6postiosoitteet ovat muodossa etunimi.sukunimi@polkky.fi<\/strong><\/div>\n<p><script type=\"text\/javascript\" async src=\"https:\/\/bot.leadoo.com\/bot\/inpage.js?code=52900372#seamless\"><\/script><\/p>\n","protected":false},"excerpt":{"rendered":"<p>P\u00f6lkky palvelee puutavaraliikkeit\u00e4 ja teollisia asiakkaita ymp\u00e4ri Suomen. Laajan tuotevalikoimamme ansiosta saat tarvitsemasi tuotteet yhdest\u00e4 paikasta &#8211; joustavasti ja kustannustehokkaasti. Lyhyt toimitusaika sek\u00e4 varastosta tapahtuvat usean tuotteen toimituser\u00e4t parantavat huomattavasti asiakkaan varaston kiertonopeutta. P\u00f6lkyn laaja palvelukonsepti on kehitetty palvelemaan asiakkaitamme entist\u00e4 paremmin. Kaikki henkil\u00f6kohtaiset s\u00e4hk\u00f6postiosoitteet ovat muodossa etunimi.sukunimi@polkky.fi<\/p>\n","protected":false},"author":1,"featured_media":0,"parent":0,"menu_order":0,"comment_status":"closed","ping_status":"closed","template":"pages\/template-our-people.php","meta":{"inline_featured_image":false},"acf":[],"yoast_head":"<!-- This site is optimized with the Yoast SEO plugin v20.6 - https:\/\/yoast.com\/wordpress\/plugins\/seo\/ -->\n<title>Ihmiset - Po\u0308lkky<\/title>\n<meta name=\"description\" content=\"P\u00f6lkkyl\u00e4iset vastaavat mets\u00e4n ostosta, puutavaran tuotannosta ja myynnist\u00e4 sek\u00e4 yrityksen hallinnosta ja taloudesta. Ota rohkeasti yhteytt\u00e4!\" \/>\n<meta name=\"robots\" content=\"index, follow, max-snippet:-1, max-image-preview:large, max-video-preview:-1\" \/>\n<link rel=\"canonical\" href=\"https:\/\/polkky.com\/fi\/ihmiset\/\" \/>\n<meta property=\"og:locale\" content=\"fi_FI\" \/>\n<meta property=\"og:type\" content=\"article\" \/>\n<meta property=\"og:title\" content=\"Ihmiset - Po\u0308lkky\" \/>\n<meta property=\"og:description\" content=\"P\u00f6lkkyl\u00e4iset vastaavat mets\u00e4n ostosta, puutavaran tuotannosta ja myynnist\u00e4 sek\u00e4 yrityksen hallinnosta ja taloudesta. Ota rohkeasti yhteytt\u00e4!\" \/>\n<meta property=\"og:url\" content=\"https:\/\/polkky.com\/fi\/ihmiset\/\" \/>\n<meta property=\"og:site_name\" content=\"Po\u0308lkky\" \/>\n<meta property=\"article:publisher\" content=\"https:\/\/www.facebook.com\/P%c3%b6lkky-Oy-201264536571431\/\" \/>\n<meta property=\"article:modified_time\" content=\"2024-05-16T07:44:04+00:00\" \/>\n<meta property=\"og:image\" content=\"https:\/\/polkky.com\/wp-content\/uploads\/2019\/02\/polkky-fb-1200x628-001.jpg\" \/>\n\t<meta property=\"og:image:width\" content=\"1200\" \/>\n\t<meta property=\"og:image:height\" content=\"628\" \/>\n\t<meta property=\"og:image:type\" content=\"image\/jpeg\" \/>\n<meta name=\"twitter:card\" content=\"summary_large_image\" \/>\n<meta name=\"twitter:label1\" content=\"Arvioitu lukuaika\" \/>\n\t<meta name=\"twitter:data1\" content=\"1 minuutti\" \/>\n<script type=\"application\/ld+json\" class=\"yoast-schema-graph\">{\"@context\":\"https:\/\/schema.org\",\"@graph\":[{\"@type\":\"WebPage\",\"@id\":\"https:\/\/polkky.com\/fi\/ihmiset\/\",\"url\":\"https:\/\/polkky.com\/fi\/ihmiset\/\",\"name\":\"Ihmiset - Po\u0308lkky\",\"isPartOf\":{\"@id\":\"https:\/\/polkky.com\/#website\"},\"datePublished\":\"2018-09-17T21:03:49+00:00\",\"dateModified\":\"2024-05-16T07:44:04+00:00\",\"description\":\"P\u00f6lkkyl\u00e4iset vastaavat mets\u00e4n ostosta, puutavaran tuotannosta ja myynnist\u00e4 sek\u00e4 yrityksen hallinnosta ja taloudesta. Ota rohkeasti yhteytt\u00e4!\",\"breadcrumb\":{\"@id\":\"https:\/\/polkky.com\/fi\/ihmiset\/#breadcrumb\"},\"inLanguage\":\"fi\",\"potentialAction\":[{\"@type\":\"ReadAction\",\"target\":[\"https:\/\/polkky.com\/fi\/ihmiset\/\"]}]},{\"@type\":\"BreadcrumbList\",\"@id\":\"https:\/\/polkky.com\/fi\/ihmiset\/#breadcrumb\",\"itemListElement\":[{\"@type\":\"ListItem\",\"position\":1,\"name\":\"Home\",\"item\":\"https:\/\/polkky.com\/fi\/\"},{\"@type\":\"ListItem\",\"position\":2,\"name\":\"Ihmiset\"}]},{\"@type\":\"WebSite\",\"@id\":\"https:\/\/polkky.com\/#website\",\"url\":\"https:\/\/polkky.com\/\",\"name\":\"Po\u0308lkky\",\"description\":\"\",\"publisher\":{\"@id\":\"https:\/\/polkky.com\/#organization\"},\"potentialAction\":[{\"@type\":\"SearchAction\",\"target\":{\"@type\":\"EntryPoint\",\"urlTemplate\":\"https:\/\/polkky.com\/?s={search_term_string}\"},\"query-input\":\"required name=search_term_string\"}],\"inLanguage\":\"fi\"},{\"@type\":\"Organization\",\"@id\":\"https:\/\/polkky.com\/#organization\",\"name\":\"P\u00f6lkky Oy\",\"url\":\"https:\/\/polkky.com\/\",\"logo\":{\"@type\":\"ImageObject\",\"inLanguage\":\"fi\",\"@id\":\"https:\/\/polkky.com\/#\/schema\/logo\/image\/\",\"url\":\"https:\/\/polkky.com\/wp-content\/uploads\/2018\/09\/logo-small.svg\",\"contentUrl\":\"https:\/\/polkky.com\/wp-content\/uploads\/2018\/09\/logo-small.svg\",\"width\":119,\"height\":24,\"caption\":\"P\u00f6lkky Oy\"},\"image\":{\"@id\":\"https:\/\/polkky.com\/#\/schema\/logo\/image\/\"},\"sameAs\":[\"https:\/\/www.facebook.com\/P\u00f6lkky-Oy-201264536571431\/\",\"https:\/\/www.linkedin.com\/company\/polkky\"]}]}<\/script>\n<!-- \/ Yoast SEO plugin. -->","yoast_head_json":{"title":"Ihmiset - Po\u0308lkky","description":"P\u00f6lkkyl\u00e4iset vastaavat mets\u00e4n ostosta, puutavaran tuotannosta ja myynnist\u00e4 sek\u00e4 yrityksen hallinnosta ja taloudesta. Ota rohkeasti yhteytt\u00e4!","robots":{"index":"index","follow":"follow","max-snippet":"max-snippet:-1","max-image-preview":"max-image-preview:large","max-video-preview":"max-video-preview:-1"},"canonical":"https:\/\/polkky.com\/fi\/ihmiset\/","og_locale":"fi_FI","og_type":"article","og_title":"Ihmiset - Po\u0308lkky","og_description":"P\u00f6lkkyl\u00e4iset vastaavat mets\u00e4n ostosta, puutavaran tuotannosta ja myynnist\u00e4 sek\u00e4 yrityksen hallinnosta ja taloudesta. Ota rohkeasti yhteytt\u00e4!","og_url":"https:\/\/polkky.com\/fi\/ihmiset\/","og_site_name":"Po\u0308lkky","article_publisher":"https:\/\/www.facebook.com\/P%c3%b6lkky-Oy-201264536571431\/","article_modified_time":"2024-05-16T07:44:04+00:00","og_image":[{"width":1200,"height":628,"url":"https:\/\/polkky.com\/wp-content\/uploads\/2019\/02\/polkky-fb-1200x628-001.jpg","type":"image\/jpeg"}],"twitter_card":"summary_large_image","twitter_misc":{"Arvioitu lukuaika":"1 minuutti"},"schema":{"@context":"https:\/\/schema.org","@graph":[{"@type":"WebPage","@id":"https:\/\/polkky.com\/fi\/ihmiset\/","url":"https:\/\/polkky.com\/fi\/ihmiset\/","name":"Ihmiset - Po\u0308lkky","isPartOf":{"@id":"https:\/\/polkky.com\/#website"},"datePublished":"2018-09-17T21:03:49+00:00","dateModified":"2024-05-16T07:44:04+00:00","description":"P\u00f6lkkyl\u00e4iset vastaavat mets\u00e4n ostosta, puutavaran tuotannosta ja myynnist\u00e4 sek\u00e4 yrityksen hallinnosta ja taloudesta. Ota rohkeasti yhteytt\u00e4!","breadcrumb":{"@id":"https:\/\/polkky.com\/fi\/ihmiset\/#breadcrumb"},"inLanguage":"fi","potentialAction":[{"@type":"ReadAction","target":["https:\/\/polkky.com\/fi\/ihmiset\/"]}]},{"@type":"BreadcrumbList","@id":"https:\/\/polkky.com\/fi\/ihmiset\/#breadcrumb","itemListElement":[{"@type":"ListItem","position":1,"name":"Home","item":"https:\/\/polkky.com\/fi\/"},{"@type":"ListItem","position":2,"name":"Ihmiset"}]},{"@type":"WebSite","@id":"https:\/\/polkky.com\/#website","url":"https:\/\/polkky.com\/","name":"Po\u0308lkky","description":"","publisher":{"@id":"https:\/\/polkky.com\/#organization"},"potentialAction":[{"@type":"SearchAction","target":{"@type":"EntryPoint","urlTemplate":"https:\/\/polkky.com\/?s={search_term_string}"},"query-input":"required name=search_term_string"}],"inLanguage":"fi"},{"@type":"Organization","@id":"https:\/\/polkky.com\/#organization","name":"P\u00f6lkky Oy","url":"https:\/\/polkky.com\/","logo":{"@type":"ImageObject","inLanguage":"fi","@id":"https:\/\/polkky.com\/#\/schema\/logo\/image\/","url":"https:\/\/polkky.com\/wp-content\/uploads\/2018\/09\/logo-small.svg","contentUrl":"https:\/\/polkky.com\/wp-content\/uploads\/2018\/09\/logo-small.svg","width":119,"height":24,"caption":"P\u00f6lkky Oy"},"image":{"@id":"https:\/\/polkky.com\/#\/schema\/logo\/image\/"},"sameAs":["https:\/\/www.facebook.com\/P\u00f6lkky-Oy-201264536571431\/","https:\/\/www.linkedin.com\/company\/polkky"]}]}},"_links":{"self":[{"href":"https:\/\/polkky.com\/fi\/wp-json\/wp\/v2\/pages\/426"}],"collection":[{"href":"https:\/\/polkky.com\/fi\/wp-json\/wp\/v2\/pages"}],"about":[{"href":"https:\/\/polkky.com\/fi\/wp-json\/wp\/v2\/types\/page"}],"author":[{"embeddable":true,"href":"https:\/\/polkky.com\/fi\/wp-json\/wp\/v2\/users\/1"}],"replies":[{"embeddable":true,"href":"https:\/\/polkky.com\/fi\/wp-json\/wp\/v2\/comments?post=426"}],"version-history":[{"count":0,"href":"https:\/\/polkky.com\/fi\/wp-json\/wp\/v2\/pages\/426\/revisions"}],"wp:attachment":[{"href":"https:\/\/polkky.com\/fi\/wp-json\/wp\/v2\/media?parent=426"}],"curies":[{"name":"wp","href":"https:\/\/api.w.org\/{rel}","templated":true}]}}