{"id":460,"date":"2018-10-23T08:39:15","date_gmt":"2018-10-23T08:39:15","guid":{"rendered":"https:\/\/polkky.com\/?page_id=460"},"modified":"2026-03-13T11:48:34","modified_gmt":"2026-03-13T09:48:34","slug":"tunnusluvut","status":"publish","type":"page","link":"https:\/\/polkky.com\/fi\/yritys\/tunnusluvut\/","title":{"rendered":"Tunnusluvut"},"content":{"rendered":"<p>P\u00f6lkky Oy:n vuosittainen liikevaihto on noin 200 miljoonaa euroa. Vuosittainen sahatavaratuotantomme on 700 000 m\u00b3, josta jatkojalostetaan noin 30 prosenttia. Kuusamossa sijaitsevan p\u00e4\u00e4toimipaikan lis\u00e4ksi P\u00f6lkky Oy:ll\u00e4 on tuotantolaitokset Taivalkoskella, Oulussa, Pohjois-Kuusamon Kitkalla sek\u00e4 Kajaanissa. Yhti\u00f6ss\u00e4 ty\u00f6skentelee noin 420 alan ammattilaista.<\/p>\n<h2><span style=\"color: #8ca600;\">Tuotantokapasiteetti<\/span><\/h2>\n<ul>\n<li>Sahatavaraa: 700 000 m\u00b3<\/li>\n<li>H\u00f6yl\u00e4tavaraa: 150 000 m\u00b3<\/li>\n<li>Sormijatkettua: 40 000 m\u00b3<\/li>\n<li>Kyll\u00e4stettyj\u00e4 tuotteita: 60 000 m\u00b3<\/li>\n<li>Liimattuja tuotteita: 40 000 m\u00b3<\/li>\n<li>Pintak\u00e4siteltyj\u00e4 tuotteita: 30 000 m\u00b3<\/li>\n<\/ul>\n<h2><span style=\"color: #8ca600;\">Hallitus<\/span><\/h2>\n<ul>\n<li>Nyg\u00e5rd, Klaus Peter Erik, puheenjohtaja<\/li>\n<li>Kainer, Alexander toimitusjohtaja<\/li>\n<li>Pfeifer, Michael Peter, varsinainen j\u00e4sen<\/li>\n<li>Dringel, Josef, varsinainen j\u00e4sen<\/li>\n<li>Binder G\u00fcnther, varsinainen j\u00e4sen<\/li>\n<li>Schierle, Andreas, toimitusjohtajan sijainen<\/li>\n<\/ul>\n<h2><span style=\"color: #8ca600;\">Operatiivinen johtoryhm\u00e4<\/span><\/h2>\n<ul>\n<li style=\"list-style-type: none;\">\n<ul>\n<li>Alexander Kainer, toimitusjohtaja<\/li>\n<li>Andreas Schierle, talousjohtaja<\/li>\n<li>Jani Jaakkola, mets\u00e4johtaja<\/li>\n<li>Leonhard Scherer, myyntijohtaja<\/li>\n<li>Jaana Lyhyk\u00e4inen, henkil\u00f6st\u00f6johtaja<\/li>\n<li>Jarkko Nevalainen, tuotantojohtaja<\/li>\n<li>Constanze Benn-Ibler, Head of Finance<\/li>\n<li>Tero Dillstr\u00f6m, tekninen johtaja<\/li>\n<li>Heli Rantapelkonen, johdon assistentti<\/li>\n<\/ul>\n<\/li>\n<\/ul>\n<p><!--\n \t\n\n<li>Harri Mouruj\u00e4rvi, johtaja, tekninen kehitys<\/li>\n\n\n--><\/p>\n","protected":false},"excerpt":{"rendered":"<p>P\u00f6lkky Oy:n vuosittainen liikevaihto on noin 200 miljoonaa euroa. Vuosittainen sahatavaratuotantomme on 700 000 m\u00b3, josta jatkojalostetaan noin 30 prosenttia. Kuusamossa sijaitsevan p\u00e4\u00e4toimipaikan lis\u00e4ksi P\u00f6lkky Oy:ll\u00e4 on tuotantolaitokset Taivalkoskella, Oulussa, Pohjois-Kuusamon Kitkalla sek\u00e4 Kajaanissa. Yhti\u00f6ss\u00e4 ty\u00f6skentelee noin 420 alan ammattilaista. Tuotantokapasiteetti Sahatavaraa: 700 000 m\u00b3 H\u00f6yl\u00e4tavaraa: 150 000 m\u00b3 Sormijatkettua: 40 000 m\u00b3 Kyll\u00e4stettyj\u00e4 tuotteita: [&hellip;]<\/p>\n","protected":false},"author":2,"featured_media":0,"parent":462,"menu_order":0,"comment_status":"closed","ping_status":"closed","template":"","meta":{"inline_featured_image":false},"acf":[],"yoast_head":"<!-- This site is optimized with the Yoast SEO plugin v20.6 - https:\/\/yoast.com\/wordpress\/plugins\/seo\/ -->\n<title>Tunnusluvut - Po\u0308lkky<\/title>\n<meta name=\"description\" content=\"P\u00f6lkyn tunnusluvut. Tuotantokapasiteetti eri tuoteryhmitt\u00e4in, hallituksen j\u00e4senet sek\u00e4 operatiivinen johtoryhm\u00e4\" \/>\n<meta name=\"robots\" content=\"index, follow, max-snippet:-1, max-image-preview:large, max-video-preview:-1\" \/>\n<link rel=\"canonical\" href=\"https:\/\/polkky.com\/fi\/yritys\/tunnusluvut\/\" \/>\n<meta property=\"og:locale\" content=\"fi_FI\" \/>\n<meta property=\"og:type\" content=\"article\" \/>\n<meta property=\"og:title\" content=\"Tunnusluvut - Po\u0308lkky\" \/>\n<meta property=\"og:description\" content=\"P\u00f6lkyn tunnusluvut. Tuotantokapasiteetti eri tuoteryhmitt\u00e4in, hallituksen j\u00e4senet sek\u00e4 operatiivinen johtoryhm\u00e4\" \/>\n<meta property=\"og:url\" content=\"https:\/\/polkky.com\/fi\/yritys\/tunnusluvut\/\" \/>\n<meta property=\"og:site_name\" content=\"Po\u0308lkky\" \/>\n<meta property=\"article:publisher\" content=\"https:\/\/www.facebook.com\/P%c3%b6lkky-Oy-201264536571431\/\" \/>\n<meta property=\"article:modified_time\" content=\"2026-03-13T09:48:34+00:00\" \/>\n<meta property=\"og:image\" content=\"https:\/\/polkky.com\/wp-content\/uploads\/2019\/02\/polkky-fb-1200x628-001.jpg\" \/>\n\t<meta property=\"og:image:width\" content=\"1200\" \/>\n\t<meta property=\"og:image:height\" content=\"628\" \/>\n\t<meta property=\"og:image:type\" content=\"image\/jpeg\" \/>\n<meta name=\"twitter:card\" content=\"summary_large_image\" \/>\n<meta name=\"twitter:label1\" content=\"Arvioitu lukuaika\" \/>\n\t<meta name=\"twitter:data1\" content=\"2 minuuttia\" \/>\n<script type=\"application\/ld+json\" class=\"yoast-schema-graph\">{\"@context\":\"https:\/\/schema.org\",\"@graph\":[{\"@type\":\"WebPage\",\"@id\":\"https:\/\/polkky.com\/fi\/yritys\/tunnusluvut\/\",\"url\":\"https:\/\/polkky.com\/fi\/yritys\/tunnusluvut\/\",\"name\":\"Tunnusluvut - Po\u0308lkky\",\"isPartOf\":{\"@id\":\"https:\/\/polkky.com\/#website\"},\"datePublished\":\"2018-10-23T08:39:15+00:00\",\"dateModified\":\"2026-03-13T09:48:34+00:00\",\"description\":\"P\u00f6lkyn tunnusluvut. Tuotantokapasiteetti eri tuoteryhmitt\u00e4in, hallituksen j\u00e4senet sek\u00e4 operatiivinen johtoryhm\u00e4\",\"breadcrumb\":{\"@id\":\"https:\/\/polkky.com\/fi\/yritys\/tunnusluvut\/#breadcrumb\"},\"inLanguage\":\"fi\",\"potentialAction\":[{\"@type\":\"ReadAction\",\"target\":[\"https:\/\/polkky.com\/fi\/yritys\/tunnusluvut\/\"]}]},{\"@type\":\"BreadcrumbList\",\"@id\":\"https:\/\/polkky.com\/fi\/yritys\/tunnusluvut\/#breadcrumb\",\"itemListElement\":[{\"@type\":\"ListItem\",\"position\":1,\"name\":\"Home\",\"item\":\"https:\/\/polkky.com\/fi\/\"},{\"@type\":\"ListItem\",\"position\":2,\"name\":\"Yritys\",\"item\":\"https:\/\/polkky.com\/fi\/yritys\/\"},{\"@type\":\"ListItem\",\"position\":3,\"name\":\"Tunnusluvut\"}]},{\"@type\":\"WebSite\",\"@id\":\"https:\/\/polkky.com\/#website\",\"url\":\"https:\/\/polkky.com\/\",\"name\":\"Po\u0308lkky\",\"description\":\"\",\"publisher\":{\"@id\":\"https:\/\/polkky.com\/#organization\"},\"potentialAction\":[{\"@type\":\"SearchAction\",\"target\":{\"@type\":\"EntryPoint\",\"urlTemplate\":\"https:\/\/polkky.com\/?s={search_term_string}\"},\"query-input\":\"required name=search_term_string\"}],\"inLanguage\":\"fi\"},{\"@type\":\"Organization\",\"@id\":\"https:\/\/polkky.com\/#organization\",\"name\":\"P\u00f6lkky Oy\",\"url\":\"https:\/\/polkky.com\/\",\"logo\":{\"@type\":\"ImageObject\",\"inLanguage\":\"fi\",\"@id\":\"https:\/\/polkky.com\/#\/schema\/logo\/image\/\",\"url\":\"https:\/\/polkky.com\/wp-content\/uploads\/2018\/09\/logo-small.svg\",\"contentUrl\":\"https:\/\/polkky.com\/wp-content\/uploads\/2018\/09\/logo-small.svg\",\"width\":119,\"height\":24,\"caption\":\"P\u00f6lkky Oy\"},\"image\":{\"@id\":\"https:\/\/polkky.com\/#\/schema\/logo\/image\/\"},\"sameAs\":[\"https:\/\/www.facebook.com\/P\u00f6lkky-Oy-201264536571431\/\",\"https:\/\/www.linkedin.com\/company\/polkky\"]}]}<\/script>\n<!-- \/ Yoast SEO plugin. -->","yoast_head_json":{"title":"Tunnusluvut - Po\u0308lkky","description":"P\u00f6lkyn tunnusluvut. Tuotantokapasiteetti eri tuoteryhmitt\u00e4in, hallituksen j\u00e4senet sek\u00e4 operatiivinen johtoryhm\u00e4","robots":{"index":"index","follow":"follow","max-snippet":"max-snippet:-1","max-image-preview":"max-image-preview:large","max-video-preview":"max-video-preview:-1"},"canonical":"https:\/\/polkky.com\/fi\/yritys\/tunnusluvut\/","og_locale":"fi_FI","og_type":"article","og_title":"Tunnusluvut - Po\u0308lkky","og_description":"P\u00f6lkyn tunnusluvut. Tuotantokapasiteetti eri tuoteryhmitt\u00e4in, hallituksen j\u00e4senet sek\u00e4 operatiivinen johtoryhm\u00e4","og_url":"https:\/\/polkky.com\/fi\/yritys\/tunnusluvut\/","og_site_name":"Po\u0308lkky","article_publisher":"https:\/\/www.facebook.com\/P%c3%b6lkky-Oy-201264536571431\/","article_modified_time":"2026-03-13T09:48:34+00:00","og_image":[{"width":1200,"height":628,"url":"https:\/\/polkky.com\/wp-content\/uploads\/2019\/02\/polkky-fb-1200x628-001.jpg","type":"image\/jpeg"}],"twitter_card":"summary_large_image","twitter_misc":{"Arvioitu lukuaika":"2 minuuttia"},"schema":{"@context":"https:\/\/schema.org","@graph":[{"@type":"WebPage","@id":"https:\/\/polkky.com\/fi\/yritys\/tunnusluvut\/","url":"https:\/\/polkky.com\/fi\/yritys\/tunnusluvut\/","name":"Tunnusluvut - Po\u0308lkky","isPartOf":{"@id":"https:\/\/polkky.com\/#website"},"datePublished":"2018-10-23T08:39:15+00:00","dateModified":"2026-03-13T09:48:34+00:00","description":"P\u00f6lkyn tunnusluvut. Tuotantokapasiteetti eri tuoteryhmitt\u00e4in, hallituksen j\u00e4senet sek\u00e4 operatiivinen johtoryhm\u00e4","breadcrumb":{"@id":"https:\/\/polkky.com\/fi\/yritys\/tunnusluvut\/#breadcrumb"},"inLanguage":"fi","potentialAction":[{"@type":"ReadAction","target":["https:\/\/polkky.com\/fi\/yritys\/tunnusluvut\/"]}]},{"@type":"BreadcrumbList","@id":"https:\/\/polkky.com\/fi\/yritys\/tunnusluvut\/#breadcrumb","itemListElement":[{"@type":"ListItem","position":1,"name":"Home","item":"https:\/\/polkky.com\/fi\/"},{"@type":"ListItem","position":2,"name":"Yritys","item":"https:\/\/polkky.com\/fi\/yritys\/"},{"@type":"ListItem","position":3,"name":"Tunnusluvut"}]},{"@type":"WebSite","@id":"https:\/\/polkky.com\/#website","url":"https:\/\/polkky.com\/","name":"Po\u0308lkky","description":"","publisher":{"@id":"https:\/\/polkky.com\/#organization"},"potentialAction":[{"@type":"SearchAction","target":{"@type":"EntryPoint","urlTemplate":"https:\/\/polkky.com\/?s={search_term_string}"},"query-input":"required name=search_term_string"}],"inLanguage":"fi"},{"@type":"Organization","@id":"https:\/\/polkky.com\/#organization","name":"P\u00f6lkky Oy","url":"https:\/\/polkky.com\/","logo":{"@type":"ImageObject","inLanguage":"fi","@id":"https:\/\/polkky.com\/#\/schema\/logo\/image\/","url":"https:\/\/polkky.com\/wp-content\/uploads\/2018\/09\/logo-small.svg","contentUrl":"https:\/\/polkky.com\/wp-content\/uploads\/2018\/09\/logo-small.svg","width":119,"height":24,"caption":"P\u00f6lkky Oy"},"image":{"@id":"https:\/\/polkky.com\/#\/schema\/logo\/image\/"},"sameAs":["https:\/\/www.facebook.com\/P\u00f6lkky-Oy-201264536571431\/","https:\/\/www.linkedin.com\/company\/polkky"]}]}},"_links":{"self":[{"href":"https:\/\/polkky.com\/fi\/wp-json\/wp\/v2\/pages\/460"}],"collection":[{"href":"https:\/\/polkky.com\/fi\/wp-json\/wp\/v2\/pages"}],"about":[{"href":"https:\/\/polkky.com\/fi\/wp-json\/wp\/v2\/types\/page"}],"author":[{"embeddable":true,"href":"https:\/\/polkky.com\/fi\/wp-json\/wp\/v2\/users\/2"}],"replies":[{"embeddable":true,"href":"https:\/\/polkky.com\/fi\/wp-json\/wp\/v2\/comments?post=460"}],"version-history":[{"count":0,"href":"https:\/\/polkky.com\/fi\/wp-json\/wp\/v2\/pages\/460\/revisions"}],"up":[{"embeddable":true,"href":"https:\/\/polkky.com\/fi\/wp-json\/wp\/v2\/pages\/462"}],"wp:attachment":[{"href":"https:\/\/polkky.com\/fi\/wp-json\/wp\/v2\/media?parent=460"}],"curies":[{"name":"wp","href":"https:\/\/api.w.org\/{rel}","templated":true}]}}